{"id":590,"date":"2022-12-19T03:28:56","date_gmt":"2022-12-19T03:28:56","guid":{"rendered":"https:\/\/cmykprinted.com\/?post_type=product&#038;p=590"},"modified":"2022-12-19T05:12:32","modified_gmt":"2022-12-19T05:12:32","slug":"high-quality-custom-uv-transfer-stickers-in-various-colors","status":"publish","type":"product","link":"https:\/\/cmykprinted.com\/cs\/produkt\/high-quality-custom-uv-transfer-stickers-in-various-colors\/","title":{"rendered":"Vysoce kvalitn\u00ed UV transferov\u00e9 samolepky na m\u00edru v r\u016fzn\u00fdch barv\u00e1ch"},"content":{"rendered":"","protected":false},"excerpt":{"rendered":"<p>Na\u0161e vlastn\u00ed UV p\u0159enosov\u00e9 samolepky jsou vynikaj\u00edc\u00edm a n\u00e1kladov\u011b efektivn\u00edm zp\u016fsobem, jak propagovat va\u0161e podnik\u00e1n\u00ed nebo dodat va\u0161emu vozidlu osobn\u00ed n\u00e1dech. S v\u00edce ne\u017e 50 speci\u00e1ln\u00edmi materi\u00e1ly a barvami, ze kter\u00fdch si m\u016f\u017eete vybrat, v\u010detn\u011b reflexn\u00edch, t\u0159pytiv\u00fdch a holografick\u00fdch mo\u017enost\u00ed, m\u016f\u017eete vytvo\u0159it perfektn\u00ed p\u0159enosovou n\u00e1lepku, kter\u00e1 bude vyhovovat va\u0161im pot\u0159eb\u00e1m. A\u0165 u\u017e chcete pou\u017e\u00edvat sv\u00e1 firemn\u00ed vozidla k propagaci sv\u00e9 firmy, zna\u010dky nebo skupiny, nebo jen chcete sv\u00e9mu autu dodat osobitost, na\u0161e vlastn\u00ed obtisky jsou vynikaj\u00edc\u00ed volbou. N\u00e1\u0161 snadno pou\u017eiteln\u00fd n\u00e1vrh\u00e1\u0159sk\u00fd n\u00e1stroj nav\u00edc usnad\u0148uje vytv\u00e1\u0159en\u00ed impozantn\u00edch vlastn\u00edch obtisk\u016f na cest\u00e1ch, kter\u00e9 v\u00e1s upozorn\u00ed, a\u0165 jste kdekoli. Tak pro\u010d \u010dekat? Za\u010dn\u011bte navrhovat sv\u00e9 vlastn\u00ed UV p\u0159enosov\u00e9 samolepky je\u0161t\u011b dnes a posu\u0148te sv\u00e9 marketingov\u00e9 \u00fasil\u00ed na dal\u0161\u00ed \u00farove\u0148!<\/p>\n<div style=\"width: 1290px;\" class=\"wp-video\"><!--[if lt IE 9]><script>document.createElement('video');<\/script><![endif]--><br \/>\n<video class=\"wp-video-shortcode\" id=\"video-590-1\" width=\"1290\" height=\"726\" loop autoplay preload=\"auto\" controls=\"controls\"><source type=\"video\/mp4\" src=\"http:\/\/cmykprinted.com\/wp-content\/uploads\/2022\/12\/UV-Transfer-Stickers.mp4?_=1\" \/><a href=\"http:\/\/cmykprinted.com\/wp-content\/uploads\/2022\/12\/UV-Transfer-Stickers.mp4\">http:\/\/cmykprinted.com\/wp-content\/uploads\/2022\/12\/UV-Transfer-Stickers.mp4<\/a><\/video><\/div>\n<p>&nbsp;<\/p>","protected":false},"featured_media":591,"template":"","meta":{"_kad_post_transparent":"default","_kad_post_title":"hide","_kad_post_layout":"fullwidth","_kad_post_sidebar_id":"","_kad_post_content_style":"unboxed","_kad_post_vertical_padding":"hide","_kad_post_feature":"hide","_kad_post_feature_position":"","_kad_post_header":false,"_kad_post_footer":false},"product_cat":[101,103],"product_tag":[139,141,140,138],"class_list":{"0":"post-590","1":"product","2":"type-product","3":"status-publish","4":"has-post-thumbnail","6":"product_cat-transfer-stickers","7":"product_cat-uv-transfer-stickers","8":"product_tag-custom-uv-sticker","9":"product_tag-custom-uv-transfer-stickers","10":"product_tag-high-quality-transfer-stickers","11":"product_tag-uv-transfer-stickers","13":"first","14":"instock","15":"shipping-taxable","16":"product-type-simple","17":"entry","18":"content-bg","19":"loop-entry"},"_links":{"self":[{"href":"https:\/\/cmykprinted.com\/cs\/wp-json\/wp\/v2\/product\/590","targetHints":{"allow":["GET"]}}],"collection":[{"href":"https:\/\/cmykprinted.com\/cs\/wp-json\/wp\/v2\/product"}],"about":[{"href":"https:\/\/cmykprinted.com\/cs\/wp-json\/wp\/v2\/types\/product"}],"version-history":[{"count":3,"href":"https:\/\/cmykprinted.com\/cs\/wp-json\/wp\/v2\/product\/590\/revisions"}],"predecessor-version":[{"id":598,"href":"https:\/\/cmykprinted.com\/cs\/wp-json\/wp\/v2\/product\/590\/revisions\/598"}],"wp:featuredmedia":[{"embeddable":true,"href":"https:\/\/cmykprinted.com\/cs\/wp-json\/wp\/v2\/media\/591"}],"wp:attachment":[{"href":"https:\/\/cmykprinted.com\/cs\/wp-json\/wp\/v2\/media?parent=590"}],"wp:term":[{"taxonomy":"product_cat","embeddable":true,"href":"https:\/\/cmykprinted.com\/cs\/wp-json\/wp\/v2\/product_cat?post=590"},{"taxonomy":"product_tag","embeddable":true,"href":"https:\/\/cmykprinted.com\/cs\/wp-json\/wp\/v2\/product_tag?post=590"}],"curies":[{"name":"wp","href":"https:\/\/api.w.org\/{rel}","templated":true}]}}