{"id":599,"date":"2022-12-21T12:16:59","date_gmt":"2022-12-21T12:16:59","guid":{"rendered":"https:\/\/cmykprinted.com\/?post_type=product&#038;p=599"},"modified":"2022-12-21T13:11:04","modified_gmt":"2022-12-21T13:11:04","slug":"outdoor-promotional-custom-rectangular-beach-flags-banners","status":"publish","type":"product","link":"https:\/\/cmykprinted.com\/cs\/produkt\/outdoor-promotional-custom-rectangular-beach-flags-banners\/","title":{"rendered":"Venkovn\u00ed propaga\u010dn\u00ed vlastn\u00ed obd\u00e9ln\u00edkov\u00e9 pl\u00e1\u017eov\u00e9 vlajky bannery"},"content":{"rendered":"","protected":false},"excerpt":{"rendered":"<p>Na rozd\u00edl od jin\u00fdch produkt\u016f pro tisk vlajky, obd\u00e9ln\u00edkov\u00e1 pl\u00e1\u017eov\u00e1 vlajka z\u016fst\u00e1v\u00e1 rovn\u00e1 a napnut\u00e1 a neot\u00e1\u010d\u00ed se s v\u011btrem, a to ani v t\u011bch nejn\u00e1ro\u010dn\u011bj\u0161\u00edch podm\u00ednk\u00e1ch. To je zp\u016fsobeno jeho jedine\u010dn\u00fdm designem a konstrukc\u00ed, kter\u00e1 vyu\u017e\u00edv\u00e1 lehk\u00e9, odoln\u00e9 materi\u00e1ly a robustn\u00ed z\u00e1kladnu, aby udr\u017eela vlajku vzp\u0159\u00edmenou a stabiln\u00ed. Tato pl\u00e1\u017eov\u00e1 vlajka, zn\u00e1m\u00e1 tak\u00e9 jako l\u00e9taj\u00edc\u00ed banner, je ide\u00e1ln\u00ed pro pou\u017eit\u00ed v situac\u00edch, kdy je d\u016fle\u017eit\u00e9 m\u00edt na reklamn\u00edch materi\u00e1lech jasn\u011b \u010diteln\u00fd text. Tyto ti\u0161t\u011bn\u00e9 vlajky jsou obl\u00edbenou formou reklamy na veletrhy, akce a dal\u0161\u00ed venkovn\u00ed setk\u00e1n\u00ed a jsou vhodn\u00e9 pro pou\u017eit\u00ed uvnit\u0159 i venku. Oboustrann\u00e1 varianta, kdy je vlajka poti\u0161t\u011bna na obou stran\u00e1ch, je k dispozici pro maxim\u00e1ln\u00ed dopad a viditelnost a je zvl\u00e1\u0161t\u011b u\u017eite\u010dn\u00e1 v situac\u00edch, kdy bude vlajka pozorov\u00e1na z v\u00edce \u00fahl\u016f. Dal\u0161\u00ed informace o r\u016fzn\u00fdch velikostech a z\u00e1kladn\u00e1ch dostupn\u00fdch pro tyto vlajky naleznete v z\u00e1lo\u017ece specifikace.<\/p>\n<div style=\"width: 1290px;\" class=\"wp-video\"><!--[if lt IE 9]><script>document.createElement('video');<\/script><![endif]--><br \/>\n<video class=\"wp-video-shortcode\" id=\"video-599-1\" width=\"1290\" height=\"726\" loop autoplay preload=\"auto\" controls=\"controls\"><source type=\"video\/mp4\" src=\"http:\/\/cmykprinted.com\/wp-content\/uploads\/2022\/12\/Rectangular-Beach-Flags.mp4?_=1\" \/><a href=\"http:\/\/cmykprinted.com\/wp-content\/uploads\/2022\/12\/Rectangular-Beach-Flags.mp4\">http:\/\/cmykprinted.com\/wp-content\/uploads\/2022\/12\/Rectangular-Beach-Flags.mp4<\/a><\/video><\/div>","protected":false},"featured_media":600,"template":"","meta":{"_kad_post_transparent":"default","_kad_post_title":"hide","_kad_post_layout":"fullwidth","_kad_post_sidebar_id":"","_kad_post_content_style":"unboxed","_kad_post_vertical_padding":"hide","_kad_post_feature":"hide","_kad_post_feature_position":"","_kad_post_header":false,"_kad_post_footer":false},"product_cat":[64,66],"product_tag":[144,142,146,143,145],"class_list":{"0":"post-599","1":"product","2":"type-product","3":"status-publish","4":"has-post-thumbnail","6":"product_cat-beach-flags","7":"product_cat-rectangular-flags-banners","8":"product_tag-custom-beach-flags","9":"product_tag-outdoor-beach-flags","10":"product_tag-outdoor-promotional-beach-banners","11":"product_tag-promotional-beach-flags","12":"product_tag-rectangular-beach-flags","14":"first","15":"instock","16":"shipping-taxable","17":"product-type-simple","18":"entry","19":"content-bg","20":"loop-entry"},"_links":{"self":[{"href":"https:\/\/cmykprinted.com\/cs\/wp-json\/wp\/v2\/product\/599","targetHints":{"allow":["GET"]}}],"collection":[{"href":"https:\/\/cmykprinted.com\/cs\/wp-json\/wp\/v2\/product"}],"about":[{"href":"https:\/\/cmykprinted.com\/cs\/wp-json\/wp\/v2\/types\/product"}],"version-history":[{"count":5,"href":"https:\/\/cmykprinted.com\/cs\/wp-json\/wp\/v2\/product\/599\/revisions"}],"predecessor-version":[{"id":611,"href":"https:\/\/cmykprinted.com\/cs\/wp-json\/wp\/v2\/product\/599\/revisions\/611"}],"wp:featuredmedia":[{"embeddable":true,"href":"https:\/\/cmykprinted.com\/cs\/wp-json\/wp\/v2\/media\/600"}],"wp:attachment":[{"href":"https:\/\/cmykprinted.com\/cs\/wp-json\/wp\/v2\/media?parent=599"}],"wp:term":[{"taxonomy":"product_cat","embeddable":true,"href":"https:\/\/cmykprinted.com\/cs\/wp-json\/wp\/v2\/product_cat?post=599"},{"taxonomy":"product_tag","embeddable":true,"href":"https:\/\/cmykprinted.com\/cs\/wp-json\/wp\/v2\/product_tag?post=599"}],"curies":[{"name":"wp","href":"https:\/\/api.w.org\/{rel}","templated":true}]}}