{"id":612,"date":"2022-12-21T13:15:52","date_gmt":"2022-12-21T13:15:52","guid":{"rendered":"https:\/\/cmykprinted.com\/?post_type=product&#038;p=612"},"modified":"2022-12-21T14:08:22","modified_gmt":"2022-12-21T14:08:22","slug":"outdoor-folding-50mm-heavy-duty-hexagonal-aluminum-tents","status":"publish","type":"product","link":"https:\/\/cmykprinted.com\/cs\/produkt\/outdoor-folding-50mm-heavy-duty-hexagonal-aluminum-tents\/","title":{"rendered":"Venkovn\u00ed skl\u00e1dac\u00ed 50mm Heavy Duty Heavy Duty Heavy Aluminium Stans"},"content":{"rendered":"","protected":false},"excerpt":{"rendered":"<p>Na\u0161e 50mm t\u011b\u017ek\u00e9 \u0161estihrann\u00e9 hlin\u00edkov\u00e9 stany jsou dokonal\u00fdm \u0159e\u0161en\u00edm pro jak\u00fdkoli typ venkovn\u00ed akce, v\u010detn\u011b ble\u0161\u00edch trh\u016f, \u0159emesln\u00fdch show, sportovn\u00edch akc\u00ed a um\u011bleck\u00fdch festival\u016f. Jsou tak\u00e9 vhodn\u00e9 pro vnit\u0159n\u00ed pou\u017eit\u00ed, d\u00edky \u010demu\u017e jsou neuv\u011b\u0159iteln\u011b univerz\u00e1ln\u00ed a pohodln\u00e9. Vrchl\u00edky jsou vyrobeny z odoln\u00e9ho polyesteru, kter\u00fd je odoln\u00fd v\u016f\u010di vod\u011b a poti\u0161t\u011bn\u00fd inkousty chr\u00e1n\u011bn\u00fdmi proti UV z\u00e1\u0159en\u00ed, co\u017e zaji\u0161\u0165uje, \u017ee jsou vyrobeny tak, aby vydr\u017eely a odol\u00e1valy p\u0159\u00edrodn\u00edm \u017eivl\u016fm. Krom\u011b odolnosti a funk\u010dnosti jsou na\u0161e stany na zak\u00e1zku tak\u00e9 vysoce p\u0159enosn\u00e9, d\u00edky \u010demu\u017e jsou perfektn\u00ed volbou pro jednotlivce a organizace, kter\u00e9 pot\u0159ebuj\u00ed spolehliv\u00e9 a snadno pou\u017eiteln\u00e9 \u0159e\u0161en\u00ed p\u0159\u00edst\u0159e\u0161ku, kter\u00e9 m\u016f\u017ee cestovat t\u00e9m\u011b\u0159 kamkoli. A\u0165 u\u017e pot\u0159ebujete do\u010dasn\u00fd p\u0159\u00edst\u0159e\u0161ek pro jednor\u00e1zovou akci nebo dlouhodob\u00e9 \u0159e\u0161en\u00ed p\u0159\u00edst\u0159e\u0161ku pro va\u0161i firmu nebo organizaci, na\u0161e 50mm t\u011b\u017ek\u00e9 \u0161estihrann\u00e9 hlin\u00edkov\u00e9 stany nab\u00edzej\u00ed dokonalou kombinaci pevnosti, odolnosti a pohodl\u00ed.<\/p>\n<div style=\"width: 1290px;\" class=\"wp-video\"><!--[if lt IE 9]><script>document.createElement('video');<\/script><![endif]--><br \/>\n<video class=\"wp-video-shortcode\" id=\"video-612-1\" width=\"1290\" height=\"726\" loop autoplay preload=\"auto\" controls=\"controls\"><source type=\"video\/mp4\" src=\"http:\/\/cmykprinted.com\/wp-content\/uploads\/2022\/12\/50mm-Heavy-Duty-Hexagon-Aluminum-Tents.mp4?_=1\" \/><a href=\"http:\/\/cmykprinted.com\/wp-content\/uploads\/2022\/12\/50mm-Heavy-Duty-Hexagon-Aluminum-Tents.mp4\">http:\/\/cmykprinted.com\/wp-content\/uploads\/2022\/12\/50mm-Heavy-Duty-Hexagon-Aluminum-Tents.mp4<\/a><\/video><\/div>","protected":false},"featured_media":613,"template":"","meta":{"_kad_post_transparent":"default","_kad_post_title":"hide","_kad_post_layout":"fullwidth","_kad_post_sidebar_id":"","_kad_post_content_style":"unboxed","_kad_post_vertical_padding":"hide","_kad_post_feature":"hide","_kad_post_feature_position":"","_kad_post_header":false,"_kad_post_footer":false},"product_cat":[68,75,74],"product_tag":[147,151,149,148,150],"class_list":{"0":"post-612","1":"product","2":"type-product","3":"status-publish","4":"has-post-thumbnail","6":"product_cat-custom-canopy-tents","7":"product_cat-10x10-custom-branded-canopy-tents","8":"product_cat-50mm-heavy-duty-hexagon-aluminum-tents","9":"product_tag-50mm-heavy-duty-hexagonal-aluminum-tents","10":"product_tag-folding-aluminum-tents","11":"product_tag-heavy-duty-aluminum-tents","12":"product_tag-hexagonal-aluminum-tents","13":"product_tag-outdoor-aluminum-tents","15":"first","16":"instock","17":"shipping-taxable","18":"product-type-simple","19":"entry","20":"content-bg","21":"loop-entry"},"_links":{"self":[{"href":"https:\/\/cmykprinted.com\/cs\/wp-json\/wp\/v2\/product\/612","targetHints":{"allow":["GET"]}}],"collection":[{"href":"https:\/\/cmykprinted.com\/cs\/wp-json\/wp\/v2\/product"}],"about":[{"href":"https:\/\/cmykprinted.com\/cs\/wp-json\/wp\/v2\/types\/product"}],"version-history":[{"count":3,"href":"https:\/\/cmykprinted.com\/cs\/wp-json\/wp\/v2\/product\/612\/revisions"}],"predecessor-version":[{"id":623,"href":"https:\/\/cmykprinted.com\/cs\/wp-json\/wp\/v2\/product\/612\/revisions\/623"}],"wp:featuredmedia":[{"embeddable":true,"href":"https:\/\/cmykprinted.com\/cs\/wp-json\/wp\/v2\/media\/613"}],"wp:attachment":[{"href":"https:\/\/cmykprinted.com\/cs\/wp-json\/wp\/v2\/media?parent=612"}],"wp:term":[{"taxonomy":"product_cat","embeddable":true,"href":"https:\/\/cmykprinted.com\/cs\/wp-json\/wp\/v2\/product_cat?post=612"},{"taxonomy":"product_tag","embeddable":true,"href":"https:\/\/cmykprinted.com\/cs\/wp-json\/wp\/v2\/product_tag?post=612"}],"curies":[{"name":"wp","href":"https:\/\/api.w.org\/{rel}","templated":true}]}}