{"id":624,"date":"2022-12-22T03:01:03","date_gmt":"2022-12-22T03:01:03","guid":{"rendered":"https:\/\/cmykprinted.com\/?post_type=product&#038;p=624"},"modified":"2022-12-22T03:51:54","modified_gmt":"2022-12-22T03:51:54","slug":"custom-printed-hand-flags-handheld-stick-flag-at-cheap-price","status":"publish","type":"product","link":"https:\/\/cmykprinted.com\/cs\/produkt\/custom-printed-hand-flags-handheld-stick-flag-at-cheap-price\/","title":{"rendered":"Vlastn\u00ed ti\u0161t\u011bn\u00e9 ru\u010dn\u00ed vlajky Ru\u010dn\u00ed ty\u010dov\u00e1 vlajka za n\u00edzkou cenu"},"content":{"rendered":"","protected":false},"excerpt":{"rendered":"<p>Vlastn\u00ed ti\u0161t\u011bn\u00e9 vlaje\u010dky na ruce jsou vynikaj\u00edc\u00edm zp\u016fsobem, jak p\u0159edat sv\u00e9 poselstv\u00ed na jak\u00e9koli akci nebo propaga\u010dn\u00ed akci. Jsou cenov\u011b dostupn\u00e9, a p\u0159esto p\u0159itahuj\u00ed pozornost. A\u0165 u\u017e jste na veletrhu, sportovn\u00edm utk\u00e1n\u00ed, p\u0159ehl\u00eddce, konferenci nebo na jak\u00e9mkoli jin\u00e9m typu ud\u00e1losti, vlastn\u00ed ti\u0161t\u011bn\u00e9 vlajky jsou skv\u011bl\u00fdm zp\u016fsobem, jak uk\u00e1zat svou zna\u010dku nebo zpr\u00e1vu. Jsou vyrobeny z odoln\u00e9 polyesterov\u00e9 tkaniny a jsou poti\u0161t\u011bny pomoc\u00ed sublima\u010dn\u00edho tisku, kter\u00fd zaji\u0161\u0165uje, \u017ee barvy jsou v\u00fdrazn\u00e9 a \u017eiv\u00e9. Vlajky jsou vyti\u0161t\u011bny na jedn\u00e9 rubov\u00e9 stran\u011b, co\u017e znamen\u00e1, \u017ee obr\u00e1zek je viditeln\u00fd na jedn\u00e9 stran\u011b a rub je zrcadlov\u00fd. Jsou zakon\u010deny bu\u010f plastovou nebo d\u0159ev\u011bnou hmo\u017edinkou a k ty\u010di se p\u0159ipev\u0148uj\u00ed pomoc\u00ed vlajkov\u00e9ho pouzdra. Vlastn\u00ed ti\u0161t\u011bn\u00e9 vlajky jsou nejen skv\u011bl\u00fdm zp\u016fsobem, jak propagovat va\u0161i zna\u010dku nebo sd\u011blen\u00ed, ale jsou tak\u00e9 z\u00e1bavn\u00fdm a interaktivn\u00edm zp\u016fsobem, jak zaujmout publikum. Tak pro\u010d \u010dekat? Z\u00edskejte sv\u00e9 vlastn\u00ed ti\u0161t\u011bn\u00e9 vlajky je\u0161t\u011b dnes a sledujte, jak va\u0161e zpr\u00e1va let\u00ed!<\/p>\n<div style=\"width: 1290px;\" class=\"wp-video\"><!--[if lt IE 9]><script>document.createElement('video');<\/script><![endif]--><br \/>\n<video class=\"wp-video-shortcode\" id=\"video-624-1\" width=\"1290\" height=\"726\" loop autoplay preload=\"auto\" controls=\"controls\"><source type=\"video\/mp4\" src=\"http:\/\/cmykprinted.com\/wp-content\/uploads\/2022\/12\/Custom-Printed-Hand-Flags.mp4?_=1\" \/><a href=\"http:\/\/cmykprinted.com\/wp-content\/uploads\/2022\/12\/Custom-Printed-Hand-Flags.mp4\">http:\/\/cmykprinted.com\/wp-content\/uploads\/2022\/12\/Custom-Printed-Hand-Flags.mp4<\/a><\/video><\/div>\n<p>&nbsp;<\/p>","protected":false},"featured_media":625,"template":"","meta":{"_kad_post_transparent":"default","_kad_post_title":"hide","_kad_post_layout":"fullwidth","_kad_post_sidebar_id":"","_kad_post_content_style":"unboxed","_kad_post_vertical_padding":"hide","_kad_post_feature":"hide","_kad_post_feature_position":"","_kad_post_header":false,"_kad_post_footer":false},"product_cat":[79],"product_tag":[153,155,152,154],"class_list":{"0":"post-624","1":"product","2":"type-product","3":"status-publish","4":"has-post-thumbnail","6":"product_cat-custom-flags","7":"product_tag-custom-hand-flags","8":"product_tag-custom-handheld-flag","9":"product_tag-custom-printed-hand-flags","10":"product_tag-handheld-stick-flag","12":"first","13":"instock","14":"shipping-taxable","15":"product-type-simple","16":"entry","17":"content-bg","18":"loop-entry"},"_links":{"self":[{"href":"https:\/\/cmykprinted.com\/cs\/wp-json\/wp\/v2\/product\/624","targetHints":{"allow":["GET"]}}],"collection":[{"href":"https:\/\/cmykprinted.com\/cs\/wp-json\/wp\/v2\/product"}],"about":[{"href":"https:\/\/cmykprinted.com\/cs\/wp-json\/wp\/v2\/types\/product"}],"version-history":[{"count":4,"href":"https:\/\/cmykprinted.com\/cs\/wp-json\/wp\/v2\/product\/624\/revisions"}],"predecessor-version":[{"id":635,"href":"https:\/\/cmykprinted.com\/cs\/wp-json\/wp\/v2\/product\/624\/revisions\/635"}],"wp:featuredmedia":[{"embeddable":true,"href":"https:\/\/cmykprinted.com\/cs\/wp-json\/wp\/v2\/media\/625"}],"wp:attachment":[{"href":"https:\/\/cmykprinted.com\/cs\/wp-json\/wp\/v2\/media?parent=624"}],"wp:term":[{"taxonomy":"product_cat","embeddable":true,"href":"https:\/\/cmykprinted.com\/cs\/wp-json\/wp\/v2\/product_cat?post=624"},{"taxonomy":"product_tag","embeddable":true,"href":"https:\/\/cmykprinted.com\/cs\/wp-json\/wp\/v2\/product_tag?post=624"}],"curies":[{"name":"wp","href":"https:\/\/api.w.org\/{rel}","templated":true}]}}