{"id":644,"date":"2022-12-22T07:18:12","date_gmt":"2022-12-22T07:18:12","guid":{"rendered":"https:\/\/cmykprinted.com\/?post_type=product&#038;p=644"},"modified":"2022-12-22T07:55:34","modified_gmt":"2022-12-22T07:55:34","slug":"custom-table-runners-table-cover-trade-show-tablecloth","status":"publish","type":"product","link":"https:\/\/cmykprinted.com\/cs\/produkt\/custom-table-runners-table-cover-trade-show-tablecloth\/","title":{"rendered":"Custom Table Runners Table Cover Veletr\u017en\u00ed ubrus"},"content":{"rendered":"","protected":false},"excerpt":{"rendered":"<p>Pokud pot\u0159ebujete vlastn\u00ed b\u011bhouny na st\u016fl pro va\u0161e pracovn\u00ed nebo osobn\u00ed akce, m\u00e1me pro v\u00e1s \u0159e\u0161en\u00ed. Na\u0161e vysoce kvalitn\u00ed ubrusy jsou ide\u00e1ln\u00ed pro v\u0161e od veletrh\u016f po fundraising a jsou navr\u017eeny tak, aby vydr\u017eely. Vyroben\u00e9 z prvot\u0159\u00eddn\u00ed polyesterov\u00e9 tkaniny s plnobarevn\u00fdm sublima\u010dn\u00edm potiskem 1440 DPI, tyto b\u011bhouny na st\u016fl s vlastn\u00edm potiskem ud\u011blaj\u00ed trval\u00fd dojem. Pou\u017eijte je k propagaci sv\u00e9 zna\u010dky nebo loga na konferenc\u00edch, akc\u00edch nebo veletrz\u00edch, nebo je jednodu\u0161e p\u0159idejte na pevn\u00fd kryt stolu pro dotek elegance a dekoru. K dispozici v p\u0159eddefinovan\u00fdch rozm\u011brech 2&#039;x7,5\u2032, m\u016f\u017eete se dokonce rozhodnout pro vlastn\u00ed velikosti, aby dokonale vyhovovaly va\u0161im pot\u0159eb\u00e1m. D\u016fv\u011b\u0159ujte n\u00e1m jako sv\u00e9mu spolehliv\u00e9mu zdroji vlastn\u00edch b\u011bhoun\u016f, kter\u00e9 budou efektivn\u011b propagovat va\u0161i firmu a obstoj\u00ed ve zkou\u0161ce \u010dasu.<\/p>","protected":false},"featured_media":647,"template":"","meta":{"_kad_post_transparent":"default","_kad_post_title":"hide","_kad_post_layout":"fullwidth","_kad_post_sidebar_id":"","_kad_post_content_style":"unboxed","_kad_post_vertical_padding":"hide","_kad_post_feature":"hide","_kad_post_feature_position":"","_kad_post_header":false,"_kad_post_footer":false},"product_cat":[80,82],"product_tag":[157,156,158,159],"class_list":{"0":"post-644","1":"product","2":"type-product","3":"status-publish","4":"has-post-thumbnail","6":"product_cat-custom-tablecloth","7":"product_cat-custom-table-runner","8":"product_tag-custom-table-cover","9":"product_tag-custom-table-runners","10":"product_tag-custom-tablecloth","11":"product_tag-trade-show-tablecloth","13":"first","14":"instock","15":"shipping-taxable","16":"product-type-simple","17":"entry","18":"content-bg","19":"loop-entry"},"_links":{"self":[{"href":"https:\/\/cmykprinted.com\/cs\/wp-json\/wp\/v2\/product\/644","targetHints":{"allow":["GET"]}}],"collection":[{"href":"https:\/\/cmykprinted.com\/cs\/wp-json\/wp\/v2\/product"}],"about":[{"href":"https:\/\/cmykprinted.com\/cs\/wp-json\/wp\/v2\/types\/product"}],"version-history":[{"count":2,"href":"https:\/\/cmykprinted.com\/cs\/wp-json\/wp\/v2\/product\/644\/revisions"}],"predecessor-version":[{"id":646,"href":"https:\/\/cmykprinted.com\/cs\/wp-json\/wp\/v2\/product\/644\/revisions\/646"}],"wp:featuredmedia":[{"embeddable":true,"href":"https:\/\/cmykprinted.com\/cs\/wp-json\/wp\/v2\/media\/647"}],"wp:attachment":[{"href":"https:\/\/cmykprinted.com\/cs\/wp-json\/wp\/v2\/media?parent=644"}],"wp:term":[{"taxonomy":"product_cat","embeddable":true,"href":"https:\/\/cmykprinted.com\/cs\/wp-json\/wp\/v2\/product_cat?post=644"},{"taxonomy":"product_tag","embeddable":true,"href":"https:\/\/cmykprinted.com\/cs\/wp-json\/wp\/v2\/product_tag?post=644"}],"curies":[{"name":"wp","href":"https:\/\/api.w.org\/{rel}","templated":true}]}}