{"id":654,"date":"2022-12-22T08:00:58","date_gmt":"2022-12-22T08:00:58","guid":{"rendered":"https:\/\/cmykprinted.com\/?post_type=product&#038;p=654"},"modified":"2022-12-22T09:11:25","modified_gmt":"2022-12-22T09:11:25","slug":"custom-size-outdoor-vinyl-pvc-banners-with-free-printing","status":"publish","type":"product","link":"https:\/\/cmykprinted.com\/cs\/produkt\/custom-size-outdoor-vinyl-pvc-banners-with-free-printing\/","title":{"rendered":"Venkovn\u00ed vinylov\u00e9 PVC bannery na m\u00edru s bezplatn\u00fdm potiskem"},"content":{"rendered":"","protected":false},"excerpt":{"rendered":"<p>Venkovn\u00ed vinylov\u00e9 PVC bannery jsou vysoce efektivn\u00edm zp\u016fsobem, jak upoutat pozornost na va\u0161e m\u00edsto a p\u0159edat d\u016fle\u017eit\u00e9 informace proj\u00ed\u017ed\u011bj\u00edc\u00edmu provozu. Jsou vyti\u0161t\u011bny na v\u00fdb\u011br pr\u00e9miov\u00fdch materi\u00e1l\u016f odoln\u00fdch v\u016f\u010di pov\u011btrnostn\u00edm vliv\u016fm a dopln\u011bny lemy a o\u010dky pro zav\u011b\u0161en\u00ed, co\u017e zaji\u0161\u0165uje, \u017ee poskytuj\u00ed trvanliv\u00e9 a cenov\u011b v\u00fdhodn\u00e9 v\u00fdsledky. V na\u0161\u00ed spole\u010dnosti v\u00e1m m\u016f\u017eeme doporu\u010dit ty nejlep\u0161\u00ed materi\u00e1ly pro va\u0161e konkr\u00e9tn\u00ed pot\u0159eby. Pokud bude v\u00e1\u0161 banner slou\u017eit jako voln\u011b stoj\u00edc\u00ed venkovn\u00ed vystaven\u00ed, m\u016f\u017eeme doporu\u010dit pou\u017eit\u00ed Mesh PVC banner\u016f, kter\u00e9 nab\u00edzej\u00ed v\u011bt\u0161\u00ed odolnost proti v\u011btru. Krom\u011b toho nab\u00edz\u00edme tak\u00e9 ekologicky \u0161etrn\u011bj\u0161\u00ed bannery bez PVC pro ty, kte\u0159\u00ed hledaj\u00ed udr\u017eiteln\u011bj\u0161\u00ed variantu.<\/p>\n<div style=\"width: 1290px;\" class=\"wp-video\"><!--[if lt IE 9]><script>document.createElement('video');<\/script><![endif]--><br \/>\n<video class=\"wp-video-shortcode\" id=\"video-654-1\" width=\"1290\" height=\"726\" loop autoplay preload=\"auto\" controls=\"controls\"><source type=\"video\/mp4\" src=\"http:\/\/cmykprinted.com\/wp-content\/uploads\/2022\/12\/vinyl-PVC-banners.mp4?_=1\" \/><a href=\"http:\/\/cmykprinted.com\/wp-content\/uploads\/2022\/12\/vinyl-PVC-banners.mp4\">http:\/\/cmykprinted.com\/wp-content\/uploads\/2022\/12\/vinyl-PVC-banners.mp4<\/a><\/video><\/div>\n<p>&nbsp;<\/p>","protected":false},"featured_media":655,"template":"","meta":{"_kad_post_transparent":"default","_kad_post_title":"hide","_kad_post_layout":"fullwidth","_kad_post_sidebar_id":"","_kad_post_content_style":"unboxed","_kad_post_vertical_padding":"hide","_kad_post_feature":"hide","_kad_post_feature_position":"","_kad_post_header":false,"_kad_post_footer":false},"product_cat":[85,90,91,89],"product_tag":[161,162,163,164,160],"class_list":{"0":"post-654","1":"product","2":"type-product","3":"status-publish","4":"has-post-thumbnail","6":"product_cat-outdoor-vinyl-banners","7":"product_cat-glossy-pvc-banners","8":"product_cat-matte-vinyl-banners","9":"product_cat-pvc-banners","10":"product_tag-custom-vinyl-banners","11":"product_tag-outdoor-pvc-banners","12":"product_tag-outdoor-vinyl-banners","13":"product_tag-vinyl-banners-printing","14":"product_tag-vinyl-pvc-banners","16":"first","17":"instock","18":"shipping-taxable","19":"product-type-simple","20":"entry","21":"content-bg","22":"loop-entry"},"_links":{"self":[{"href":"https:\/\/cmykprinted.com\/cs\/wp-json\/wp\/v2\/product\/654","targetHints":{"allow":["GET"]}}],"collection":[{"href":"https:\/\/cmykprinted.com\/cs\/wp-json\/wp\/v2\/product"}],"about":[{"href":"https:\/\/cmykprinted.com\/cs\/wp-json\/wp\/v2\/types\/product"}],"version-history":[{"count":2,"href":"https:\/\/cmykprinted.com\/cs\/wp-json\/wp\/v2\/product\/654\/revisions"}],"predecessor-version":[{"id":663,"href":"https:\/\/cmykprinted.com\/cs\/wp-json\/wp\/v2\/product\/654\/revisions\/663"}],"wp:featuredmedia":[{"embeddable":true,"href":"https:\/\/cmykprinted.com\/cs\/wp-json\/wp\/v2\/media\/655"}],"wp:attachment":[{"href":"https:\/\/cmykprinted.com\/cs\/wp-json\/wp\/v2\/media?parent=654"}],"wp:term":[{"taxonomy":"product_cat","embeddable":true,"href":"https:\/\/cmykprinted.com\/cs\/wp-json\/wp\/v2\/product_cat?post=654"},{"taxonomy":"product_tag","embeddable":true,"href":"https:\/\/cmykprinted.com\/cs\/wp-json\/wp\/v2\/product_tag?post=654"}],"curies":[{"name":"wp","href":"https:\/\/api.w.org\/{rel}","templated":true}]}}