{"id":664,"date":"2022-12-22T09:47:33","date_gmt":"2022-12-22T09:47:33","guid":{"rendered":"https:\/\/cmykprinted.com\/?post_type=product&#038;p=664"},"modified":"2022-12-22T14:15:54","modified_gmt":"2022-12-22T14:15:54","slug":"horizontal-pop-up-banners-with-free-custom-printing-services","status":"publish","type":"product","link":"https:\/\/cmykprinted.com\/cs\/produkt\/horizontal-pop-up-banners-with-free-custom-printing-services\/","title":{"rendered":"Horizont\u00e1ln\u00ed vyskakovac\u00ed bannery s bezplatn\u00fdmi slu\u017ebami vlastn\u00edho tisku"},"content":{"rendered":"","protected":false},"excerpt":{"rendered":"<p>Na\u0161e horizont\u00e1ln\u00ed vyskakovac\u00ed bannery jsou vyrobeny z odoln\u00fdch materi\u00e1l\u016f, kter\u00e9 jsou navr\u017eeny tak, aby odol\u00e1valy p\u0159\u00edrodn\u00edm \u017eivl\u016fm, tak\u017ee jsou ide\u00e1ln\u00ed pro pou\u017eit\u00ed uvnit\u0159 i venku. Snadno se nastavuj\u00ed a sund\u00e1vaj\u00ed a lze je snadno skladovat a p\u0159epravovat, co\u017e z nich \u010din\u00ed pohodlnou volbu pro firmy na cest\u00e1ch. S na\u0161imi bezplatn\u00fdmi slu\u017ebami vlastn\u00edho tisku si m\u016f\u017eete nechat vytisknout sv\u00e9 bannery logem va\u0161\u00ed spole\u010dnosti, zpr\u00e1vou zna\u010dky nebo jak\u00fdmkoli jin\u00fdm vlastn\u00edm designem, kter\u00fd si vyberete. Tyto horizont\u00e1ln\u00ed vyskakovac\u00ed bannery budou m\u00edt ur\u010dit\u011b velk\u00fd dopad na ka\u017edou ud\u00e1lost a pomohou v\u00e1m efektivn\u011b propagovat va\u0161i firmu potenci\u00e1ln\u00edm z\u00e1kazn\u00edk\u016fm. A\u0165 u\u017e chcete propagovat svou zna\u010dku na veletrhu, sportovn\u00ed akci nebo firemn\u00ed akci, na\u0161e horizont\u00e1ln\u00ed vyskakovac\u00ed bannery jsou perfektn\u00ed volbou.<\/p>\n<div style=\"width: 1290px;\" class=\"wp-video\"><!--[if lt IE 9]><script>document.createElement('video');<\/script><![endif]--><br \/>\n<video class=\"wp-video-shortcode\" id=\"video-664-1\" width=\"1290\" height=\"726\" loop autoplay preload=\"auto\" controls=\"controls\"><source type=\"video\/mp4\" src=\"http:\/\/cmykprinted.com\/wp-content\/uploads\/2022\/12\/horizontal-pop-up-banners.mp4?_=1\" \/><a href=\"http:\/\/cmykprinted.com\/wp-content\/uploads\/2022\/12\/horizontal-pop-up-banners.mp4\">http:\/\/cmykprinted.com\/wp-content\/uploads\/2022\/12\/horizontal-pop-up-banners.mp4<\/a><\/video><\/div>\n<p>&nbsp;<\/p>","protected":false},"featured_media":665,"template":"","meta":{"_kad_post_transparent":"default","_kad_post_title":"hide","_kad_post_layout":"fullwidth","_kad_post_sidebar_id":"","_kad_post_content_style":"unboxed","_kad_post_vertical_padding":"hide","_kad_post_feature":"hide","_kad_post_feature_position":"","_kad_post_header":false,"_kad_post_footer":false},"product_cat":[92,94],"product_tag":[167,165,166],"class_list":{"0":"post-664","1":"product","2":"type-product","3":"status-publish","4":"has-post-thumbnail","6":"product_cat-pop-up-banners","7":"product_cat-horizontal-pop-up-banners","8":"product_tag-custom-pop-up-banners","9":"product_tag-horizontal-pop-up-banners","10":"product_tag-pop-up-banners","12":"first","13":"instock","14":"shipping-taxable","15":"product-type-simple","16":"entry","17":"content-bg","18":"loop-entry"},"_links":{"self":[{"href":"https:\/\/cmykprinted.com\/cs\/wp-json\/wp\/v2\/product\/664","targetHints":{"allow":["GET"]}}],"collection":[{"href":"https:\/\/cmykprinted.com\/cs\/wp-json\/wp\/v2\/product"}],"about":[{"href":"https:\/\/cmykprinted.com\/cs\/wp-json\/wp\/v2\/types\/product"}],"version-history":[{"count":3,"href":"https:\/\/cmykprinted.com\/cs\/wp-json\/wp\/v2\/product\/664\/revisions"}],"predecessor-version":[{"id":672,"href":"https:\/\/cmykprinted.com\/cs\/wp-json\/wp\/v2\/product\/664\/revisions\/672"}],"wp:featuredmedia":[{"embeddable":true,"href":"https:\/\/cmykprinted.com\/cs\/wp-json\/wp\/v2\/media\/665"}],"wp:attachment":[{"href":"https:\/\/cmykprinted.com\/cs\/wp-json\/wp\/v2\/media?parent=664"}],"wp:term":[{"taxonomy":"product_cat","embeddable":true,"href":"https:\/\/cmykprinted.com\/cs\/wp-json\/wp\/v2\/product_cat?post=664"},{"taxonomy":"product_tag","embeddable":true,"href":"https:\/\/cmykprinted.com\/cs\/wp-json\/wp\/v2\/product_tag?post=664"}],"curies":[{"name":"wp","href":"https:\/\/api.w.org\/{rel}","templated":true}]}}