{"id":673,"date":"2022-12-22T14:59:51","date_gmt":"2022-12-22T14:59:51","guid":{"rendered":"https:\/\/cmykprinted.com\/?post_type=product&#038;p=673"},"modified":"2022-12-22T15:10:44","modified_gmt":"2022-12-22T15:10:44","slug":"free-custom-curved-tension-fabric-pop-up-displays-backwall","status":"publish","type":"product","link":"https:\/\/cmykprinted.com\/cs\/produkt\/free-custom-curved-tension-fabric-pop-up-displays-backwall\/","title":{"rendered":"Bezplatn\u00e9 zak\u00e1zkov\u00e9 vyskakovac\u00ed displeje s nap\u00ednac\u00ed l\u00e1tkou s vlastn\u00edm zak\u0159iven\u00edm pro zadn\u00ed st\u011bnu"},"content":{"rendered":"","protected":false},"excerpt":{"rendered":"<p>V\u00fdsuvn\u00e9 displeje se zak\u0159iven\u00fdmi nap\u00ednac\u00edmi tkaninami nab\u00edzej\u00ed pohlcuj\u00edc\u00ed a podmaniv\u00fd div\u00e1ck\u00fd z\u00e1\u017eitek, kter\u00fd je ide\u00e1ln\u00ed pro obchodn\u00ed v\u00fdstavy, charitativn\u00ed akce, pr\u016fmyslov\u00e9 konference a dal\u0161\u00ed funkce. Tyto displeje obsahuj\u00ed realistick\u00e9, barvivem sublimovan\u00e9 obr\u00e1zky, kter\u00e9 vytv\u00e1\u0159ej\u00ed efekt podobn\u00fd 3D a zaji\u0161\u0165uj\u00ed, \u017ee vyniknou a p\u0159it\u00e1hnou pozornost k va\u0161emu sd\u011blen\u00ed. Pou\u017e\u00edv\u00e1me z\u00e1\u0159iv\u00fd, opakovan\u011b pou\u017eiteln\u00fd l\u00e1tkov\u00fd materi\u00e1l, kter\u00fd minimalizuje odraz sv\u011btla, aby z\u016fstaly va\u0161e v\u00fdtisky viditeln\u00e9 a zajistilo se, \u017ee va\u0161i zpr\u00e1vu uvid\u00ed va\u0161e publikum jasn\u011b. Krom\u011b p\u016fsobiv\u00e9ho vizu\u00e1ln\u00edho dopadu nab\u00edzej\u00ed tyto displeje stejn\u00e9 v\u00fdhody jako zatahovac\u00ed bannery, d\u00edky \u010demu\u017e jsou ide\u00e1ln\u00ed pro pou\u017eit\u00ed jako pozad\u00ed pro veletr\u017en\u00ed st\u00e1nky a pop-up obchody. I p\u0159es sv\u00e9 velk\u00e9 rozm\u011bry jsou tyto displeje lehk\u00e9 a snadno se instaluj\u00ed, vy\u017eaduj\u00ed pouze sestaven\u00ed hlin\u00edkov\u00e9ho r\u00e1mu a vlo\u017een\u00ed a p\u0159eta\u017een\u00ed l\u00e1tky p\u0159es n\u011bj. Vyti\u0161t\u011bn\u00edm vlastn\u00edch vyskakovac\u00edch displej\u016f se zak\u0159iven\u00fdmi nap\u00ednac\u00edmi tkaninami m\u016f\u017eete posunout marketing akc\u00ed na dal\u0161\u00ed \u00farove\u0148 a efektivn\u011b propagovat svou zna\u010dku nebo sd\u011blen\u00ed \u0161irok\u00e9mu publiku.<\/p>","protected":false},"featured_media":674,"template":"","meta":{"_kad_post_transparent":"default","_kad_post_title":"hide","_kad_post_layout":"fullwidth","_kad_post_sidebar_id":"","_kad_post_content_style":"unboxed","_kad_post_vertical_padding":"hide","_kad_post_feature":"hide","_kad_post_feature_position":"","_kad_post_header":false,"_kad_post_footer":false},"product_cat":[97,98],"product_tag":[168,170,134,169],"class_list":{"0":"post-673","1":"product","2":"type-product","3":"status-publish","4":"has-post-thumbnail","6":"product_cat-tension-fabric-displays","7":"product_cat-curved-tension-fabric-pop-up-displays","8":"product_tag-curved-tension-fabric-pop-up-displays","9":"product_tag-pop-up-tension-fabric-displays","10":"product_tag-tension-fabric-displays","11":"product_tag-tension-fabric-pop-up-display","13":"first","14":"instock","15":"shipping-taxable","16":"product-type-simple","17":"entry","18":"content-bg","19":"loop-entry"},"_links":{"self":[{"href":"https:\/\/cmykprinted.com\/cs\/wp-json\/wp\/v2\/product\/673","targetHints":{"allow":["GET"]}}],"collection":[{"href":"https:\/\/cmykprinted.com\/cs\/wp-json\/wp\/v2\/product"}],"about":[{"href":"https:\/\/cmykprinted.com\/cs\/wp-json\/wp\/v2\/types\/product"}],"version-history":[{"count":1,"href":"https:\/\/cmykprinted.com\/cs\/wp-json\/wp\/v2\/product\/673\/revisions"}],"predecessor-version":[{"id":680,"href":"https:\/\/cmykprinted.com\/cs\/wp-json\/wp\/v2\/product\/673\/revisions\/680"}],"wp:featuredmedia":[{"embeddable":true,"href":"https:\/\/cmykprinted.com\/cs\/wp-json\/wp\/v2\/media\/674"}],"wp:attachment":[{"href":"https:\/\/cmykprinted.com\/cs\/wp-json\/wp\/v2\/media?parent=673"}],"wp:term":[{"taxonomy":"product_cat","embeddable":true,"href":"https:\/\/cmykprinted.com\/cs\/wp-json\/wp\/v2\/product_cat?post=673"},{"taxonomy":"product_tag","embeddable":true,"href":"https:\/\/cmykprinted.com\/cs\/wp-json\/wp\/v2\/product_tag?post=673"}],"curies":[{"name":"wp","href":"https:\/\/api.w.org\/{rel}","templated":true}]}}