{"id":682,"date":"2022-12-29T09:44:31","date_gmt":"2022-12-29T09:44:31","guid":{"rendered":"https:\/\/cmykprinted.com\/?post_type=product&#038;p=682"},"modified":"2022-12-29T10:03:18","modified_gmt":"2022-12-29T10:03:18","slug":"custom-3d-metal-transfer-sticker-metallic-logo-label-sticker","status":"publish","type":"product","link":"https:\/\/cmykprinted.com\/cs\/produkt\/custom-3d-metal-transfer-sticker-metallic-logo-label-sticker\/","title":{"rendered":"Vlastn\u00ed 3D kovov\u00e1 p\u0159enosov\u00e1 n\u00e1lepka Kovov\u00e1 n\u00e1lepka s logem"},"content":{"rendered":"","protected":false},"excerpt":{"rendered":"<p>3D kovov\u00e9 p\u0159enosov\u00e9 n\u00e1lepky jsou typem \u0159e\u0161en\u00ed \u0161t\u00edtkov\u00e1n\u00ed, kter\u00e9 zahrnuje pou\u017eit\u00ed vysoce odoln\u00e9 niklov\u00e9 f\u00f3lie k vytvo\u0159en\u00ed trojrozm\u011brn\u00e9ho efektu. Tyto n\u00e1lepky jsou navr\u017eeny tak, aby dodaly vzhled \u201ebez \u0161t\u00edtku\u201c odstran\u011bn\u00edm p\u0159ebyte\u010dn\u00e9ho materi\u00e1lu z designu, co\u017e m\u00e1 za n\u00e1sledek rafinovan\u011bj\u0161\u00ed a profesion\u00e1ln\u011bj\u0161\u00ed vzhled. \u010casto se pou\u017e\u00edvaj\u00ed jako \u0161t\u00edtky \u0161pi\u010dkov\u00fdch produkt\u016f nebo pro maloobchod v internetov\u00fdch obchodech.<br \/>\nPro vytvo\u0159en\u00ed 3D samolepek pro p\u0159enos kovu se design nejprve vytiskne na list niklov\u00e9 f\u00f3lie pomoc\u00ed specializovan\u00e9ho tiskov\u00e9ho procesu. P\u0159ebyte\u010dn\u00fd materi\u00e1l je pot\u00e9 odstran\u011bn a z\u016fst\u00e1vaj\u00ed pouze vyv\u00fd\u0161en\u00e9 prvky designu. V\u00fdsledn\u00e1 n\u00e1lepka je pot\u00e9 pota\u017eena vrstvou lepidla a m\u016f\u017ee b\u00fdt aplikov\u00e1na na r\u016fzn\u00e9 povrchy, v\u010detn\u011b plastu, kovu a pap\u00edru.<br \/>\nJednou z v\u00fdhod pou\u017eit\u00ed 3D kovov\u00fdch p\u0159enosov\u00fdch samolepek je jejich odolnost. Nikl je pevn\u00fd a korozivzdorn\u00fd materi\u00e1l, tak\u017ee tyto samolepky vydr\u017e\u00ed opot\u0159eben\u00ed a udr\u017e\u00ed si svou kvalitu v pr\u016fb\u011bhu \u010dasu. Jsou tak\u00e9 odoln\u00e9 proti vyblednut\u00ed a zm\u011bn\u011b barvy, co\u017e z nich \u010din\u00ed \u0159e\u0161en\u00ed pro ozna\u010dov\u00e1n\u00ed s dlouhou \u017eivotnost\u00ed. Trojrozm\u011brn\u00fd efekt t\u011bchto n\u00e1lepek nav\u00edc m\u016f\u017ee p\u0159idat jedine\u010dn\u00fd a poutav\u00fd prvek va\u0161emu balen\u00ed produktu nebo zna\u010dce.<\/p>\n<div style=\"width: 1280px;\" class=\"wp-video\"><!--[if lt IE 9]><script>document.createElement('video');<\/script><![endif]--><br \/>\n<video class=\"wp-video-shortcode\" id=\"video-682-1\" width=\"1280\" height=\"720\" loop autoplay preload=\"metadata\" controls=\"controls\"><source type=\"video\/mp4\" src=\"http:\/\/cmykprinted.com\/wp-content\/uploads\/2022\/12\/Metal-Transfer-Sticker.mp4?_=1\" \/><a href=\"http:\/\/cmykprinted.com\/wp-content\/uploads\/2022\/12\/Metal-Transfer-Sticker.mp4\">http:\/\/cmykprinted.com\/wp-content\/uploads\/2022\/12\/Metal-Transfer-Sticker.mp4<\/a><\/video><\/div>\n<p>&nbsp;<\/p>","protected":false},"featured_media":683,"template":"","meta":{"_kad_post_transparent":"default","_kad_post_title":"hide","_kad_post_layout":"fullwidth","_kad_post_sidebar_id":"","_kad_post_content_style":"unboxed","_kad_post_vertical_padding":"hide","_kad_post_feature":"hide","_kad_post_feature_position":"","_kad_post_header":false,"_kad_post_footer":false},"product_cat":[101,102],"product_tag":[174,173,171,172],"class_list":{"0":"post-682","1":"product","2":"type-product","3":"status-publish","4":"has-post-thumbnail","6":"product_cat-transfer-stickers","7":"product_cat-metal-transfer-stickers","8":"product_tag-3d-metal-transfer-sticker","9":"product_tag-custom-metal-transfer-sticker","10":"product_tag-metal-transfer-sticker","11":"product_tag-metallic-logo-label-sticker","13":"first","14":"instock","15":"shipping-taxable","16":"product-type-simple","17":"entry","18":"content-bg","19":"loop-entry"},"_links":{"self":[{"href":"https:\/\/cmykprinted.com\/cs\/wp-json\/wp\/v2\/product\/682","targetHints":{"allow":["GET"]}}],"collection":[{"href":"https:\/\/cmykprinted.com\/cs\/wp-json\/wp\/v2\/product"}],"about":[{"href":"https:\/\/cmykprinted.com\/cs\/wp-json\/wp\/v2\/types\/product"}],"version-history":[{"count":2,"href":"https:\/\/cmykprinted.com\/cs\/wp-json\/wp\/v2\/product\/682\/revisions"}],"predecessor-version":[{"id":691,"href":"https:\/\/cmykprinted.com\/cs\/wp-json\/wp\/v2\/product\/682\/revisions\/691"}],"wp:featuredmedia":[{"embeddable":true,"href":"https:\/\/cmykprinted.com\/cs\/wp-json\/wp\/v2\/media\/683"}],"wp:attachment":[{"href":"https:\/\/cmykprinted.com\/cs\/wp-json\/wp\/v2\/media?parent=682"}],"wp:term":[{"taxonomy":"product_cat","embeddable":true,"href":"https:\/\/cmykprinted.com\/cs\/wp-json\/wp\/v2\/product_cat?post=682"},{"taxonomy":"product_tag","embeddable":true,"href":"https:\/\/cmykprinted.com\/cs\/wp-json\/wp\/v2\/product_tag?post=682"}],"curies":[{"name":"wp","href":"https:\/\/api.w.org\/{rel}","templated":true}]}}