{"id":692,"date":"2022-12-29T10:09:13","date_gmt":"2022-12-29T10:09:13","guid":{"rendered":"https:\/\/cmykprinted.com\/?post_type=product&#038;p=692"},"modified":"2022-12-29T10:44:20","modified_gmt":"2022-12-29T10:44:20","slug":"double-sided-printed-advertising-beach-teardrop-flags-banner","status":"publish","type":"product","link":"https:\/\/cmykprinted.com\/cs\/produkt\/double-sided-printed-advertising-beach-teardrop-flags-banner\/","title":{"rendered":"Oboustrann\u00fd ti\u0161t\u011bn\u00fd reklamn\u00ed n\u00e1pis Beach slza vlajky"},"content":{"rendered":"","protected":false},"excerpt":{"rendered":"<p>Vlajky ve tvaru slzy, tak\u00e9 zn\u00e1m\u00e9 jako vlajky slz nebo vlaje\u010dky slzn\u00e9ho pe\u0159\u00ed, jsou typem velk\u00e9 vlajky ve tvaru slzy pou\u017e\u00edvan\u00e9 pro reklamn\u00ed a marketingov\u00e9 \u00fa\u010dely. Vyr\u00e1b\u011bj\u00ed se nati\u0161t\u011bn\u00edm vlastn\u00edho designu na vlajku pomoc\u00ed procesu sublimace barviva, kter\u00fd umo\u017e\u0148uje z\u00e1\u0159ivou a vysoce kvalitn\u00ed grafiku. Vlajky jsou p\u0159ipevn\u011bny k lehk\u00e9 hlin\u00edkov\u00e9 a sklolamin\u00e1tov\u00e9 ty\u010di, kter\u00e1 je oh\u00fdbateln\u00e1 a pom\u00e1h\u00e1 udr\u017eet vlajku napnutou i ve v\u011btrn\u00fdch podm\u00ednk\u00e1ch. Sto\u017e\u00e1r lze bu\u010f zap\u00edchnout do zem\u011b nebo um\u00edstit na stojan na vlajky, v z\u00e1vislosti na konkr\u00e9tn\u00edch pot\u0159eb\u00e1ch a preferenc\u00edch u\u017eivatele.<br \/>\nPou\u017eit\u00ed banneru s vlajkou ve tvaru slzy p\u0159ed va\u0161\u00edm obchodem nebo provozovnou m\u016f\u017ee b\u00fdt efektivn\u00edm zp\u016fsobem, jak upoutat pozornost potenci\u00e1ln\u00edch z\u00e1kazn\u00edk\u016f a dal\u0161\u00edch kolemjdouc\u00edch. Tyto p\u0159\u00edznaky jsou poutav\u00e9 a mohou pomoci efektivn\u011b propagovat va\u0161i firmu a jej\u00ed produkty nebo slu\u017eby. Bannery Teardrop flag jsou tak\u00e9 univerz\u00e1ln\u00ed a lze je pou\u017e\u00edt v r\u016fzn\u00fdch prost\u0159ed\u00edch, v\u010detn\u011b obchodn\u00edch v\u00fdstav, venkovn\u00edch akc\u00ed a v\u00fdklad\u016f. V\u00fdb\u011brem vlastn\u00edho designu, kter\u00fd p\u0159esn\u011b odr\u00e1\u017e\u00ed zna\u010dku a sd\u011blen\u00ed va\u0161\u00ed firmy, m\u016f\u017eete efektivn\u011b sd\u011blit sv\u00e9 sd\u011blen\u00ed a ud\u011blat siln\u00fd dojem na va\u0161i c\u00edlovou skupinu.<\/p>\n<div style=\"width: 1280px;\" class=\"wp-video\"><!--[if lt IE 9]><script>document.createElement('video');<\/script><![endif]--><br \/>\n<video class=\"wp-video-shortcode\" id=\"video-692-1\" width=\"1280\" height=\"720\" loop autoplay preload=\"metadata\" controls=\"controls\"><source type=\"video\/mp4\" src=\"http:\/\/cmykprinted.com\/wp-content\/uploads\/2022\/12\/Beach-Teardrop-Flags-Banner.mp4?_=1\" \/><a href=\"http:\/\/cmykprinted.com\/wp-content\/uploads\/2022\/12\/Beach-Teardrop-Flags-Banner.mp4\">http:\/\/cmykprinted.com\/wp-content\/uploads\/2022\/12\/Beach-Teardrop-Flags-Banner.mp4<\/a><\/video><\/div>","protected":false},"featured_media":693,"template":"","meta":{"_kad_post_transparent":"default","_kad_post_title":"hide","_kad_post_layout":"fullwidth","_kad_post_sidebar_id":"","_kad_post_content_style":"unboxed","_kad_post_vertical_padding":"hide","_kad_post_feature":"hide","_kad_post_feature_position":"","_kad_post_header":false,"_kad_post_footer":false},"product_cat":[64,67],"product_tag":[177,176,175,178],"class_list":{"0":"post-692","1":"product","2":"type-product","3":"status-publish","4":"has-post-thumbnail","6":"product_cat-beach-flags","7":"product_cat-teardrop-flags-banners","8":"product_tag-advertising-beach-flags","9":"product_tag-beach-teardrop-banner","10":"product_tag-beach-teardrop-flags","11":"product_tag-teardrop-flags","13":"first","14":"instock","15":"shipping-taxable","16":"product-type-simple","17":"entry","18":"content-bg","19":"loop-entry"},"_links":{"self":[{"href":"https:\/\/cmykprinted.com\/cs\/wp-json\/wp\/v2\/product\/692","targetHints":{"allow":["GET"]}}],"collection":[{"href":"https:\/\/cmykprinted.com\/cs\/wp-json\/wp\/v2\/product"}],"about":[{"href":"https:\/\/cmykprinted.com\/cs\/wp-json\/wp\/v2\/types\/product"}],"version-history":[{"count":4,"href":"https:\/\/cmykprinted.com\/cs\/wp-json\/wp\/v2\/product\/692\/revisions"}],"predecessor-version":[{"id":703,"href":"https:\/\/cmykprinted.com\/cs\/wp-json\/wp\/v2\/product\/692\/revisions\/703"}],"wp:featuredmedia":[{"embeddable":true,"href":"https:\/\/cmykprinted.com\/cs\/wp-json\/wp\/v2\/media\/693"}],"wp:attachment":[{"href":"https:\/\/cmykprinted.com\/cs\/wp-json\/wp\/v2\/media?parent=692"}],"wp:term":[{"taxonomy":"product_cat","embeddable":true,"href":"https:\/\/cmykprinted.com\/cs\/wp-json\/wp\/v2\/product_cat?post=692"},{"taxonomy":"product_tag","embeddable":true,"href":"https:\/\/cmykprinted.com\/cs\/wp-json\/wp\/v2\/product_tag?post=692"}],"curies":[{"name":"wp","href":"https:\/\/api.w.org\/{rel}","templated":true}]}}