{"id":704,"date":"2022-12-29T12:00:11","date_gmt":"2022-12-29T12:00:11","guid":{"rendered":"https:\/\/cmykprinted.com\/?post_type=product&#038;p=704"},"modified":"2022-12-29T15:39:11","modified_gmt":"2022-12-29T15:39:11","slug":"40mm-hexagonal-folding-aluminum-frame-10x15ft-pop-up-tent","status":"publish","type":"product","link":"https:\/\/cmykprinted.com\/cs\/produkt\/40mm-hexagonal-folding-aluminum-frame-10x15ft-pop-up-tent\/","title":{"rendered":"40mm \u0160estihrann\u00fd skl\u00e1dac\u00ed hlin\u00edkov\u00fd r\u00e1m 10x15ft Pop-up stan"},"content":{"rendered":"","protected":false},"excerpt":{"rendered":"<p>Tato vyskakovac\u00ed st\u0159\u00ed\u0161ka m\u00e1 pevn\u011bj\u0161\u00ed r\u00e1m vyroben\u00fd z vylep\u0161en\u00e9 ocelov\u00e9 konstrukce, s v\u011bt\u0161\u00edmi v\u00fdztuhami a zes\u00edlen\u00fdm p\u0159\u00ed\u010dn\u00fdm nosn\u00edkem o rozm\u011brech 26 x 13 pro v\u011bt\u0161\u00ed pevnost a lep\u0161\u00ed odolnost proti v\u011btru. Ocelov\u00e9 nohy maj\u00ed dva vyvrtan\u00e9 otvory pro zv\u00fd\u0161enou stabilitu. Samotn\u00fd baldach\u00fdn je 10\u00d715 stop a poskytuje velkorys\u00fdch 150 \u010dtvere\u010dn\u00edch stop st\u00ednu, vhodn\u00fd pro setk\u00e1n\u00ed 8-13 osob. Lze jej pou\u017e\u00edt za slune\u010dn\u00e9ho i de\u0161tiv\u00e9ho po\u010das\u00ed. Nastaven\u00ed vrchl\u00edku je snadn\u00e9, nevy\u017eaduje \u017e\u00e1dn\u00e9 n\u00e1stroje a jedn\u00e9 osob\u011b zabere jen n\u011bkolik minut. Nosn\u00e9 trubky lze nastavit do t\u0159\u00ed r\u016fzn\u00fdch \u00farovn\u00ed pro v\u011bt\u0161\u00ed v\u0161estrannost. St\u0159\u00ed\u0161ka je vyrobena z 300D polyesteru s PU z\u00e1t\u011brem, kter\u00fd blokuje p\u0159ibli\u017en\u011b 99% UV z\u00e1\u0159en\u00ed a m\u00e1 vod\u011bodoln\u00e9 prou\u017eky. Baldach\u00fdn je dod\u00e1v\u00e1n s kompletn\u00ed sadou p\u0159\u00edslu\u0161enstv\u00ed, v\u010detn\u011b vaku na v\u00e1le\u010dky, pytl\u016f s p\u00edskem, zemn\u00edch hmo\u017edinek, nylonov\u00fdch lan a popruh\u016f. Toto p\u0159\u00edslu\u0161enstv\u00ed, stejn\u011b jako n\u00e1hradn\u00ed d\u00edly, jsou k dispozici po celou dobu \u017eivotnosti.<\/p>\n<div style=\"width: 1280px;\" class=\"wp-video\"><!--[if lt IE 9]><script>document.createElement('video');<\/script><![endif]--><br \/>\n<video class=\"wp-video-shortcode\" id=\"video-704-1\" width=\"1280\" height=\"720\" loop autoplay preload=\"auto\" controls=\"controls\"><source type=\"video\/mp4\" src=\"http:\/\/cmykprinted.com\/wp-content\/uploads\/2022\/12\/10x15ft-Pop-up-Tent.mp4?_=1\" \/><a href=\"http:\/\/cmykprinted.com\/wp-content\/uploads\/2022\/12\/10x15ft-Pop-up-Tent.mp4\">http:\/\/cmykprinted.com\/wp-content\/uploads\/2022\/12\/10x15ft-Pop-up-Tent.mp4<\/a><\/video><\/div>","protected":false},"featured_media":705,"template":"","meta":{"_kad_post_transparent":"default","_kad_post_title":"hide","_kad_post_layout":"fullwidth","_kad_post_sidebar_id":"","_kad_post_content_style":"unboxed","_kad_post_vertical_padding":"hide","_kad_post_feature":"hide","_kad_post_feature_position":"","_kad_post_header":false,"_kad_post_footer":false},"product_cat":[68,71,69],"product_tag":[179,180,182,181],"class_list":{"0":"post-704","1":"product","2":"type-product","3":"status-publish","4":"has-post-thumbnail","6":"product_cat-custom-canopy-tents","7":"product_cat-10x15ft-pop-up-tents","8":"product_cat-40mm-hexagon-aluminum-tents","9":"product_tag-10x15ft-pop-up-tent","10":"product_tag-40mm-hexagonal-pop-up-tent","11":"product_tag-aluminum-frame-pop-up-tent","12":"product_tag-folding-pop-up-tent","14":"first","15":"instock","16":"shipping-taxable","17":"product-type-simple","18":"entry","19":"content-bg","20":"loop-entry"},"_links":{"self":[{"href":"https:\/\/cmykprinted.com\/cs\/wp-json\/wp\/v2\/product\/704","targetHints":{"allow":["GET"]}}],"collection":[{"href":"https:\/\/cmykprinted.com\/cs\/wp-json\/wp\/v2\/product"}],"about":[{"href":"https:\/\/cmykprinted.com\/cs\/wp-json\/wp\/v2\/types\/product"}],"version-history":[{"count":3,"href":"https:\/\/cmykprinted.com\/cs\/wp-json\/wp\/v2\/product\/704\/revisions"}],"predecessor-version":[{"id":714,"href":"https:\/\/cmykprinted.com\/cs\/wp-json\/wp\/v2\/product\/704\/revisions\/714"}],"wp:featuredmedia":[{"embeddable":true,"href":"https:\/\/cmykprinted.com\/cs\/wp-json\/wp\/v2\/media\/705"}],"wp:attachment":[{"href":"https:\/\/cmykprinted.com\/cs\/wp-json\/wp\/v2\/media?parent=704"}],"wp:term":[{"taxonomy":"product_cat","embeddable":true,"href":"https:\/\/cmykprinted.com\/cs\/wp-json\/wp\/v2\/product_cat?post=704"},{"taxonomy":"product_tag","embeddable":true,"href":"https:\/\/cmykprinted.com\/cs\/wp-json\/wp\/v2\/product_tag?post=704"}],"curies":[{"name":"wp","href":"https:\/\/api.w.org\/{rel}","templated":true}]}}