{"id":715,"date":"2022-12-29T22:23:16","date_gmt":"2022-12-29T22:23:16","guid":{"rendered":"https:\/\/cmykprinted.com\/?post_type=product&#038;p=715"},"modified":"2022-12-29T22:34:28","modified_gmt":"2022-12-29T22:34:28","slug":"personalized-stretch-fitted-table-cover-tablecloth-with-logo","status":"publish","type":"product","link":"https:\/\/cmykprinted.com\/cs\/produkt\/personalized-stretch-fitted-table-cover-tablecloth-with-logo\/","title":{"rendered":"Personalizovan\u00fd stre\u010dov\u00fd ubrus na st\u016fl s logem"},"content":{"rendered":"","protected":false},"excerpt":{"rendered":"<p>N\u00e1\u0161 spandexov\u00fd potah na st\u016fl je speci\u00e1ln\u011b navr\u017een tak, aby se pohodln\u011b ve\u0161el p\u0159es skl\u00e1dac\u00ed st\u016fl nebo banketov\u00fd st\u016fl o rozm\u011brech 72 palc\u016f na d\u00e9lku, 30 palc\u016f na \u0161\u00ed\u0159ku a 30 palc\u016f na v\u00fd\u0161ku. Tento obd\u00e9ln\u00edkov\u00fd ubrus je vynikaj\u00edc\u00ed volbou pro r\u016fzn\u00e9 ud\u00e1losti, jako jsou svatby, narozeniny, sprchy, zkou\u0161ky ve\u010de\u0159e a dokonce i jednoduch\u00e1 rodinn\u00e1 setk\u00e1n\u00ed. Na\u0161e ubrusy vyroben\u00e9 ze stre\u010dov\u00e9ho polyesteru prvot\u0159\u00eddn\u00ed kvality jsou vyrobeny tak, aby vydr\u017eely, s odolnou konstrukc\u00ed, kter\u00e1 je odoln\u00e1 v\u016f\u010di ma\u010dk\u00e1n\u00ed a skvrn\u00e1m. Nav\u00edc lze tyto ubrusy vyprat nespo\u010detn\u011bkr\u00e1t, co\u017e z nich \u010din\u00ed ekonomickou volbu pro ka\u017ed\u00e9ho pl\u00e1nova\u010de akc\u00ed nebo majitele domu. A\u0165 u\u017e po\u0159\u00e1d\u00e1te form\u00e1ln\u00ed ud\u00e1lost nebo neform\u00e1ln\u00ed setk\u00e1n\u00ed, n\u00e1\u0161 spandexov\u00fd p\u0159ehoz na st\u016fl je atraktivn\u00edm a praktick\u00fdm dopl\u0148kem va\u0161eho prost\u00edr\u00e1n\u00ed.<\/p>\n<div style=\"width: 1290px;\" class=\"wp-video\"><!--[if lt IE 9]><script>document.createElement('video');<\/script><![endif]--><br \/>\n<video class=\"wp-video-shortcode\" id=\"video-715-1\" width=\"1290\" height=\"726\" loop autoplay preload=\"auto\" controls=\"controls\"><source type=\"video\/mp4\" src=\"http:\/\/cmykprinted.com\/wp-content\/uploads\/2022\/12\/Custom-Stretch-Tablecloth.mp4?_=1\" \/><a href=\"http:\/\/cmykprinted.com\/wp-content\/uploads\/2022\/12\/Custom-Stretch-Tablecloth.mp4\">http:\/\/cmykprinted.com\/wp-content\/uploads\/2022\/12\/Custom-Stretch-Tablecloth.mp4<\/a><\/video><\/div>","protected":false},"featured_media":716,"template":"","meta":{"_kad_post_transparent":"default","_kad_post_title":"hide","_kad_post_layout":"fullwidth","_kad_post_sidebar_id":"","_kad_post_content_style":"unboxed","_kad_post_vertical_padding":"hide","_kad_post_feature":"hide","_kad_post_feature_position":"","_kad_post_header":false,"_kad_post_footer":false},"product_cat":[80,81,83],"product_tag":[185,183,186,184],"class_list":{"0":"post-715","1":"product","2":"type-product","3":"status-publish","4":"has-post-thumbnail","6":"product_cat-custom-tablecloth","7":"product_cat-custom-stretch-tablecloth","8":"product_cat-fitted-table-cover","9":"product_tag-fitted-table-cover","10":"product_tag-personalized-fitted-table-cover","11":"product_tag-personalized-stretch-tablecloth","12":"product_tag-stretch-fitted-table-cover","14":"first","15":"instock","16":"shipping-taxable","17":"product-type-simple","18":"entry","19":"content-bg","20":"loop-entry"},"_links":{"self":[{"href":"https:\/\/cmykprinted.com\/cs\/wp-json\/wp\/v2\/product\/715","targetHints":{"allow":["GET"]}}],"collection":[{"href":"https:\/\/cmykprinted.com\/cs\/wp-json\/wp\/v2\/product"}],"about":[{"href":"https:\/\/cmykprinted.com\/cs\/wp-json\/wp\/v2\/types\/product"}],"version-history":[{"count":1,"href":"https:\/\/cmykprinted.com\/cs\/wp-json\/wp\/v2\/product\/715\/revisions"}],"predecessor-version":[{"id":722,"href":"https:\/\/cmykprinted.com\/cs\/wp-json\/wp\/v2\/product\/715\/revisions\/722"}],"wp:featuredmedia":[{"embeddable":true,"href":"https:\/\/cmykprinted.com\/cs\/wp-json\/wp\/v2\/media\/716"}],"wp:attachment":[{"href":"https:\/\/cmykprinted.com\/cs\/wp-json\/wp\/v2\/media?parent=715"}],"wp:term":[{"taxonomy":"product_cat","embeddable":true,"href":"https:\/\/cmykprinted.com\/cs\/wp-json\/wp\/v2\/product_cat?post=715"},{"taxonomy":"product_tag","embeddable":true,"href":"https:\/\/cmykprinted.com\/cs\/wp-json\/wp\/v2\/product_tag?post=715"}],"curies":[{"name":"wp","href":"https:\/\/api.w.org\/{rel}","templated":true}]}}