{"id":723,"date":"2022-12-30T02:47:50","date_gmt":"2022-12-30T02:47:50","guid":{"rendered":"https:\/\/cmykprinted.com\/?post_type=product&#038;p=723"},"modified":"2022-12-30T03:52:19","modified_gmt":"2022-12-30T03:52:19","slug":"all-weather-outdoor-advertising-pvc-mesh-banner-printing","status":"publish","type":"product","link":"https:\/\/cmykprinted.com\/cs\/produkt\/all-weather-outdoor-advertising-pvc-mesh-banner-printing\/","title":{"rendered":"Venkovn\u00ed reklama za ka\u017ed\u00e9ho po\u010das\u00ed Tisk banner\u016f ze s\u00ed\u0165oviny z PVC"},"content":{"rendered":"","protected":false},"excerpt":{"rendered":"<p>N\u00e1\u0161 s\u00ed\u0165ov\u00fd banner z PVC je vysoce specializovan\u00fd materi\u00e1l, kter\u00fd byl navr\u017een speci\u00e1ln\u011b tak, aby vydr\u017eel siln\u00fd v\u00edtr a dal\u0161\u00ed drsn\u00e9 venkovn\u00ed podm\u00ednky. Perforace v materi\u00e1lu umo\u017e\u0148uj\u00ed pr\u016fchod v\u011btru, co\u017e sni\u017euje riziko po\u0161kozen\u00ed banneru a minimalizuje mo\u017enost jeho roztr\u017een\u00ed nebo odfouknut\u00ed.<br \/>\nKrom\u011b vlastnost\u00ed odoln\u00fdch v\u016f\u010di v\u011btru je banner z PVC s\u00ed\u0165oviny tak\u00e9 extr\u00e9mn\u011b lehk\u00fd, co\u017e usnad\u0148uje instalaci a manipulaci. D\u00edky tomu je ide\u00e1ln\u00ed volbou pro \u0161irokou \u0161k\u00e1lu speci\u00e1ln\u00edch aplikac\u00ed, kde je vy\u017eadov\u00e1n \u010d\u00e1ste\u010dn\u011b pr\u016fhledn\u00fd materi\u00e1l, kter\u00fd umo\u017e\u0148uje pr\u016fchod sv\u011btla, zvuku a vzduchu.<br \/>\nJak na\u0161e Mesh Bannery, tak Stage Bannery jsou vyti\u0161t\u011bny bu\u010f na s\u00ed\u0165ovan\u00e9m PVC nebo l\u00e1tkov\u00e9m materi\u00e1lu AIRTEC, oba jsou perforovan\u00e9 po cel\u00e9m banneru s velmi intenzivn\u00edm vzorem mal\u00fdch otvor\u016f. To zaji\u0161\u0165uje, \u017ee si Stage Bannery zachovaj\u00ed svou struktur\u00e1ln\u00ed integritu a vizu\u00e1ln\u00ed p\u0159ita\u017elivost i v t\u011bch nejn\u00e1ro\u010dn\u011bj\u0161\u00edch prost\u0159ed\u00edch. A\u0165 u\u017e pot\u0159ebujete banner pro venkovn\u00ed akci, veletrh nebo jinou speci\u00e1ln\u00ed p\u0159\u00edle\u017eitost, na\u0161e PVC s\u00ed\u0165ovina a jevi\u0161tn\u00ed bannery jsou vynikaj\u00edc\u00ed volbou pro v\u0161echny va\u0161e pot\u0159eby t\u00fdkaj\u00edc\u00ed se banner\u016f.<\/p>\n<div style=\"width: 1280px;\" class=\"wp-video\"><!--[if lt IE 9]><script>document.createElement('video');<\/script><![endif]--><br \/>\n<video class=\"wp-video-shortcode\" id=\"video-723-1\" width=\"1280\" height=\"720\" loop autoplay preload=\"metadata\" controls=\"controls\"><source type=\"video\/mp4\" src=\"http:\/\/cmykprinted.com\/wp-content\/uploads\/2022\/12\/PVC-Mesh-Banner.mp4?_=1\" \/><a href=\"http:\/\/cmykprinted.com\/wp-content\/uploads\/2022\/12\/PVC-Mesh-Banner.mp4\">http:\/\/cmykprinted.com\/wp-content\/uploads\/2022\/12\/PVC-Mesh-Banner.mp4<\/a><\/video><\/div>","protected":false},"featured_media":724,"template":"","meta":{"_kad_post_transparent":"default","_kad_post_title":"hide","_kad_post_layout":"fullwidth","_kad_post_sidebar_id":"","_kad_post_content_style":"unboxed","_kad_post_vertical_padding":"hide","_kad_post_feature":"hide","_kad_post_feature_position":"","_kad_post_header":false,"_kad_post_footer":false},"product_cat":[85,90,91,89,88],"product_tag":[189,191,188,190,187],"class_list":{"0":"post-723","1":"product","2":"type-product","3":"status-publish","4":"has-post-thumbnail","6":"product_cat-outdoor-vinyl-banners","7":"product_cat-glossy-pvc-banners","8":"product_cat-matte-vinyl-banners","9":"product_cat-pvc-banners","10":"product_cat-pvc-mesh-banners","11":"product_tag-advertising-mesh-banner","12":"product_tag-all-weather-mesh-banner","13":"product_tag-mesh-banner-printing","14":"product_tag-outdoor-mesh-banner","15":"product_tag-pvc-mesh-banner","17":"first","18":"instock","19":"shipping-taxable","20":"product-type-simple","21":"entry","22":"content-bg","23":"loop-entry"},"_links":{"self":[{"href":"https:\/\/cmykprinted.com\/cs\/wp-json\/wp\/v2\/product\/723","targetHints":{"allow":["GET"]}}],"collection":[{"href":"https:\/\/cmykprinted.com\/cs\/wp-json\/wp\/v2\/product"}],"about":[{"href":"https:\/\/cmykprinted.com\/cs\/wp-json\/wp\/v2\/types\/product"}],"version-history":[{"count":2,"href":"https:\/\/cmykprinted.com\/cs\/wp-json\/wp\/v2\/product\/723\/revisions"}],"predecessor-version":[{"id":732,"href":"https:\/\/cmykprinted.com\/cs\/wp-json\/wp\/v2\/product\/723\/revisions\/732"}],"wp:featuredmedia":[{"embeddable":true,"href":"https:\/\/cmykprinted.com\/cs\/wp-json\/wp\/v2\/media\/724"}],"wp:attachment":[{"href":"https:\/\/cmykprinted.com\/cs\/wp-json\/wp\/v2\/media?parent=723"}],"wp:term":[{"taxonomy":"product_cat","embeddable":true,"href":"https:\/\/cmykprinted.com\/cs\/wp-json\/wp\/v2\/product_cat?post=723"},{"taxonomy":"product_tag","embeddable":true,"href":"https:\/\/cmykprinted.com\/cs\/wp-json\/wp\/v2\/product_tag?post=723"}],"curies":[{"name":"wp","href":"https:\/\/api.w.org\/{rel}","templated":true}]}}