{"id":733,"date":"2022-12-30T03:56:29","date_gmt":"2022-12-30T03:56:29","guid":{"rendered":"https:\/\/cmykprinted.com\/?post_type=product&#038;p=733"},"modified":"2022-12-30T04:21:48","modified_gmt":"2022-12-30T04:21:48","slug":"promotional-triangle-pop-up-banners-a-frame-pop-out-banners","status":"publish","type":"product","link":"https:\/\/cmykprinted.com\/cs\/produkt\/promotional-triangle-pop-up-banners-a-frame-pop-out-banners\/","title":{"rendered":"Propaga\u010dn\u00ed troj\u00faheln\u00edkov\u00e9 pop-up bannery A-Frame vyskakovac\u00ed bannery"},"content":{"rendered":"","protected":false},"excerpt":{"rendered":"<p>Troj\u00faheln\u00edkov\u00e9 vyskakovac\u00ed bannery jsou v\u0161estrann\u00fdm a poutav\u00fdm zp\u016fsobem, jak propagovat va\u0161i firmu nebo zna\u010dku. Jsou navr\u017eeny tak, aby se daly snadno nastavit a sundat, tak\u017ee jsou ide\u00e1ln\u00ed pro pou\u017eit\u00ed na veletrz\u00edch, konferenc\u00edch a dal\u0161\u00edch akc\u00edch. Tyto bannery jsou vyrobeny z odoln\u00e9 broskvov\u00e9 tkaniny, jsou lehk\u00e9 a snadno se p\u0159epravuj\u00ed a dod\u00e1vaj\u00ed se s pohodlnou ta\u0161kou pro skladov\u00e1n\u00ed.<br \/>\nKrom\u011b snadn\u00e9ho pou\u017eit\u00ed jsou na\u0161e troj\u00faheln\u00edkov\u00e9 vyskakovac\u00ed bannery tak\u00e9 vysoce \u00fa\u010dinn\u00e9 p\u0159i p\u0159itahov\u00e1n\u00ed pozornosti. A\u0165 u\u017e chcete inzerovat uveden\u00ed nov\u00e9ho produktu, v\u00fdprodej nebo nadch\u00e1zej\u00edc\u00ed ud\u00e1lost, tyto bannery jsou skv\u011bl\u00fdm zp\u016fsobem, jak vzbudit z\u00e1jem lid\u00ed o va\u0161i firmu. Lze je pou\u017e\u00edvat uvnit\u0159 i venku a d\u00edky jejich pru\u017einov\u00e9mu kovu a kol\u00edk\u016fm je lze snadno sestavit a rozebrat.<br \/>\nPokud hled\u00e1te zp\u016fsob, jak posunout svou firemn\u00ed reklamu na dal\u0161\u00ed \u00farove\u0148, zva\u017ete investici do troj\u00faheln\u00edkov\u00e9ho vyskakovac\u00edho banneru. Jsou skv\u011bl\u00fdm zp\u016fsobem, jak upozornit na va\u0161i firmu a ud\u011blat na potenci\u00e1ln\u00ed z\u00e1kazn\u00edky trval\u00fd dojem. A s na\u0161\u00edm obs\u00e1hl\u00fdm instala\u010dn\u00edm manu\u00e1lem budete m\u00edt v\u0161e, co pot\u0159ebujete k snadn\u00e9mu nastaven\u00ed a sund\u00e1n\u00ed banneru. Tyto bannery jsou tedy perfektn\u00ed volbou pro v\u0161echny podniky, kter\u00e9 cht\u011bj\u00ed na sv\u00e9 p\u0159\u00ed\u0161t\u00ed akci nebo konferenci zaujmout.<\/p>\n<div style=\"width: 1280px;\" class=\"wp-video\"><!--[if lt IE 9]><script>document.createElement('video');<\/script><![endif]--><br \/>\n<video class=\"wp-video-shortcode\" id=\"video-733-1\" width=\"1280\" height=\"720\" loop autoplay preload=\"metadata\" controls=\"controls\"><source type=\"video\/mp4\" src=\"http:\/\/cmykprinted.com\/wp-content\/uploads\/2022\/12\/Triangle-Pop-Up-Banners.mp4?_=1\" \/><a href=\"http:\/\/cmykprinted.com\/wp-content\/uploads\/2022\/12\/Triangle-Pop-Up-Banners.mp4\">http:\/\/cmykprinted.com\/wp-content\/uploads\/2022\/12\/Triangle-Pop-Up-Banners.mp4<\/a><\/video><\/div>","protected":false},"featured_media":734,"template":"","meta":{"_kad_post_transparent":"default","_kad_post_title":"hide","_kad_post_layout":"fullwidth","_kad_post_sidebar_id":"","_kad_post_content_style":"unboxed","_kad_post_vertical_padding":"hide","_kad_post_feature":"hide","_kad_post_feature_position":"","_kad_post_header":false,"_kad_post_footer":false},"product_cat":[92,95],"product_tag":[193,194,128,195,192],"class_list":{"0":"post-733","1":"product","2":"type-product","3":"status-publish","4":"has-post-thumbnail","6":"product_cat-pop-up-banners","7":"product_cat-triangle-pop-up-banners","8":"product_tag-a-frame-pop-out-banners","9":"product_tag-pop-out-banners","10":"product_tag-pop-up-banner","11":"product_tag-promotional-pop-up-banners","12":"product_tag-triangle-pop-up-banner","14":"first","15":"instock","16":"shipping-taxable","17":"product-type-simple","18":"entry","19":"content-bg","20":"loop-entry"},"_links":{"self":[{"href":"https:\/\/cmykprinted.com\/cs\/wp-json\/wp\/v2\/product\/733","targetHints":{"allow":["GET"]}}],"collection":[{"href":"https:\/\/cmykprinted.com\/cs\/wp-json\/wp\/v2\/product"}],"about":[{"href":"https:\/\/cmykprinted.com\/cs\/wp-json\/wp\/v2\/types\/product"}],"version-history":[{"count":3,"href":"https:\/\/cmykprinted.com\/cs\/wp-json\/wp\/v2\/product\/733\/revisions"}],"predecessor-version":[{"id":743,"href":"https:\/\/cmykprinted.com\/cs\/wp-json\/wp\/v2\/product\/733\/revisions\/743"}],"wp:featuredmedia":[{"embeddable":true,"href":"https:\/\/cmykprinted.com\/cs\/wp-json\/wp\/v2\/media\/734"}],"wp:attachment":[{"href":"https:\/\/cmykprinted.com\/cs\/wp-json\/wp\/v2\/media?parent=733"}],"wp:term":[{"taxonomy":"product_cat","embeddable":true,"href":"https:\/\/cmykprinted.com\/cs\/wp-json\/wp\/v2\/product_cat?post=733"},{"taxonomy":"product_tag","embeddable":true,"href":"https:\/\/cmykprinted.com\/cs\/wp-json\/wp\/v2\/product_tag?post=733"}],"curies":[{"name":"wp","href":"https:\/\/api.w.org\/{rel}","templated":true}]}}