{"id":744,"date":"2022-12-30T08:55:17","date_gmt":"2022-12-30T08:55:17","guid":{"rendered":"https:\/\/cmykprinted.com\/?post_type=product&#038;p=744"},"modified":"2022-12-30T12:44:27","modified_gmt":"2022-12-30T12:44:27","slug":"straight-tension-fabric-backdrop-media-wall-wholesale-price","status":"publish","type":"product","link":"https:\/\/cmykprinted.com\/cs\/produkt\/straight-tension-fabric-backdrop-media-wall-wholesale-price\/","title":{"rendered":"Straight Tension Fabric Backdrop Media Wall Velkoobchodn\u00ed cena"},"content":{"rendered":"","protected":false},"excerpt":{"rendered":"<p>Na\u0161e nejprod\u00e1van\u011bj\u0161\u00ed rovn\u00e9 nap\u00ednac\u00ed l\u00e1tkov\u00e9 pozad\u00ed je v\u0161estrann\u00e9 a vhodn\u00e9 pro r\u016fzn\u00e9 \u00fa\u010dely, v\u010detn\u011b pou\u017eit\u00ed jako pozad\u00ed ve studiu, pozad\u00ed na jevi\u0161t\u011b nebo akce, pozad\u00ed pro fotobudku, pozad\u00ed tiskov\u00e9 konference, pozad\u00ed slavnostn\u00edho p\u0159ed\u00e1v\u00e1n\u00ed cen a pozad\u00ed \u010derven\u00e9ho koberce. S mo\u017enost\u00ed zahrnout dva r\u016fzn\u00e9 vzory na stejn\u00fd banner m\u016f\u017eete maximalizovat svou hodnotu a pohodl\u00ed p\u0159i p\u0159eprav\u011b. Stre\u010dov\u00e1 tkanina je vyrobena z pevn\u00e9ho a flexibiln\u00edho polyesteru 100%, kter\u00fd lze pr\u00e1t v pra\u010dce, poti\u0161t\u011bn\u00e9ho pomoc\u00ed na\u0161eho vlastn\u00edho procesu potisku tkanin, kter\u00fd zaji\u0161\u0165uje, \u017ee v\u00e1\u0161 design z\u016fstane z\u00e1\u0159iv\u00fd a jasn\u00fd i po n\u011bkolika vypr\u00e1n\u00edch a za jak\u00fdchkoli pov\u011btrnostn\u00edch podm\u00ednek. N\u00e1\u0161 tiskov\u00fd proces je tak\u00e9 eko-rozpou\u0161t\u011bdlov\u00fd, pou\u017e\u00edv\u00e1 zcela p\u0159\u00edrodn\u00ed, biologicky odbourateln\u00e1 rozpou\u0161t\u011bdla, kter\u00e1 jsou m\u00e9n\u011b drsn\u00e1 a pro t\u011blo bezpe\u010dn\u011bj\u0161\u00ed. Lehk\u00fd a pevn\u00fd hlin\u00edkov\u00fd r\u00e1m je navr\u017een tak, aby podporoval rozta\u017een\u00ed l\u00e1tky po del\u0161\u00ed dobu, a je dod\u00e1v\u00e1n se zacvak\u00e1vac\u00edmi trubkami pro snadn\u00e9 a rychl\u00e9 nastaven\u00ed bez pot\u0159eby dal\u0161\u00edch n\u00e1stroj\u016f. Stojan je nastaviteln\u00fd na v\u00e1mi preferovanou velikost a je dod\u00e1v\u00e1n s oto\u010dn\u00fdm pevn\u00fdm pouzdrem pro snadn\u00e9 p\u0159en\u00e1\u0161en\u00ed. Rovn\u00e9 nap\u00ednac\u00ed textiln\u00ed pozad\u00ed se dod\u00e1v\u00e1 do \u010dty\u0159 a\u017e p\u011bti pracovn\u00edch dn\u016f zdarma.<\/p>\n<div style=\"width: 1280px;\" class=\"wp-video\"><!--[if lt IE 9]><script>document.createElement('video');<\/script><![endif]--><br \/>\n<video class=\"wp-video-shortcode\" id=\"video-744-1\" width=\"1280\" height=\"720\" loop autoplay preload=\"auto\" controls=\"controls\"><source type=\"video\/mp4\" src=\"http:\/\/cmykprinted.com\/wp-content\/uploads\/2022\/12\/Straight-Tension-Fabric-Backdrop.mp4?_=1\" \/><a href=\"http:\/\/cmykprinted.com\/wp-content\/uploads\/2022\/12\/Straight-Tension-Fabric-Backdrop.mp4\">http:\/\/cmykprinted.com\/wp-content\/uploads\/2022\/12\/Straight-Tension-Fabric-Backdrop.mp4<\/a><\/video><\/div>","protected":false},"featured_media":745,"template":"","meta":{"_kad_post_transparent":"default","_kad_post_title":"hide","_kad_post_layout":"fullwidth","_kad_post_sidebar_id":"","_kad_post_content_style":"unboxed","_kad_post_vertical_padding":"hide","_kad_post_feature":"hide","_kad_post_feature_position":"","_kad_post_header":false,"_kad_post_footer":false},"product_cat":[97,100],"product_tag":[196,197,198],"class_list":{"0":"post-744","1":"product","2":"type-product","3":"status-publish","4":"has-post-thumbnail","6":"product_cat-tension-fabric-displays","7":"product_cat-straight-tension-fabric-backdrop","8":"product_tag-straight-tension-fabric-backdrop","9":"product_tag-tension-fabric-backdrop","10":"product_tag-tension-fabric-media-wall","12":"first","13":"instock","14":"shipping-taxable","15":"product-type-simple","16":"entry","17":"content-bg","18":"loop-entry"},"_links":{"self":[{"href":"https:\/\/cmykprinted.com\/cs\/wp-json\/wp\/v2\/product\/744","targetHints":{"allow":["GET"]}}],"collection":[{"href":"https:\/\/cmykprinted.com\/cs\/wp-json\/wp\/v2\/product"}],"about":[{"href":"https:\/\/cmykprinted.com\/cs\/wp-json\/wp\/v2\/types\/product"}],"version-history":[{"count":4,"href":"https:\/\/cmykprinted.com\/cs\/wp-json\/wp\/v2\/product\/744\/revisions"}],"predecessor-version":[{"id":750,"href":"https:\/\/cmykprinted.com\/cs\/wp-json\/wp\/v2\/product\/744\/revisions\/750"}],"wp:featuredmedia":[{"embeddable":true,"href":"https:\/\/cmykprinted.com\/cs\/wp-json\/wp\/v2\/media\/745"}],"wp:attachment":[{"href":"https:\/\/cmykprinted.com\/cs\/wp-json\/wp\/v2\/media?parent=744"}],"wp:term":[{"taxonomy":"product_cat","embeddable":true,"href":"https:\/\/cmykprinted.com\/cs\/wp-json\/wp\/v2\/product_cat?post=744"},{"taxonomy":"product_tag","embeddable":true,"href":"https:\/\/cmykprinted.com\/cs\/wp-json\/wp\/v2\/product_tag?post=744"}],"curies":[{"name":"wp","href":"https:\/\/api.w.org\/{rel}","templated":true}]}}