{"id":751,"date":"2022-12-30T12:03:52","date_gmt":"2022-12-30T12:03:52","guid":{"rendered":"https:\/\/cmykprinted.com\/?post_type=product&#038;p=751"},"modified":"2022-12-30T12:39:33","modified_gmt":"2022-12-30T12:39:33","slug":"multipurpose-wholesale-adhesive-uv-transfer-stickers-labels","status":"publish","type":"product","link":"https:\/\/cmykprinted.com\/cs\/produkt\/multipurpose-wholesale-adhesive-uv-transfer-stickers-labels\/","title":{"rendered":"V\u00edce\u00fa\u010delov\u00e9 velkoobchodn\u00ed samolepic\u00ed UV p\u0159enosov\u00e9 samolepky"},"content":{"rendered":"","protected":false},"excerpt":{"rendered":"<p>P\u0159enosov\u00e9 UV samolepky s 3D stereo efektem v\u00e1m umo\u017en\u00ed vytv\u00e1\u0159et vlastn\u00ed n\u00e1vrhy s vlastn\u00edmi vzory, logy a textem. Tyto samolepky jsou vyrobeny z UV p\u0159enosov\u00e9 pasty, kter\u00e1 je zn\u00e1m\u00e1 sv\u00fdmi siln\u00fdmi lepic\u00edmi vlastnostmi a vod\u011bodoln\u00fdmi vlastnostmi. Je tak\u00e9 odoln\u00fd proti po\u0161kr\u00e1b\u00e1n\u00ed, tak\u017ee je trvanlivou a dlouhotrvaj\u00edc\u00ed volbou pro r\u016fzn\u00e9 povrchy. Je v\u0161ak d\u016fle\u017eit\u00e9 si uv\u011bdomit, \u017ee tyto samolepky by nem\u011bly b\u00fdt vystaveny hork\u00e9 vod\u011b nebo topen\u00ed, proto\u017ee to m\u016f\u017ee ovlivnit jejich lepivost.<br \/>\nTyto samolepky lze pou\u017e\u00edt na \u0161irokou \u0161k\u00e1lu povrch\u016f, v\u010detn\u011b kovu, plastu, skla, lakovan\u00fdch povrch\u016f, knih, kartonu, d\u0159eva, karton\u016f, prysky\u0159i\u010dn\u00fdch materi\u00e1l\u016f, keramick\u00fdch materi\u00e1l\u016f, tvrd\u00fdch obalov\u00fdch materi\u00e1l\u016f, propisek, trofej\u00ed, lahv\u00ed, termosek, pozn\u00e1mkov\u00fdch blok\u016f, pendrive a jak\u00fdkoli jin\u00fd hladk\u00fd materi\u00e1l. Lze je dokonce aplikovat na va\u0161e auto, pokud je povrch p\u0159ed pou\u017eit\u00edm \u010dist\u00fd.<br \/>\nKrom\u011b toho lze tyto n\u00e1lepky na\u0159ezat na zak\u00e1zku do libovoln\u00e9ho tvaru, kter\u00fd si p\u0159ejete, pomoc\u00ed procesu zvan\u00e9ho vysek\u00e1v\u00e1n\u00ed nebo vy\u0159ez\u00e1v\u00e1n\u00ed. To v\u00e1m umo\u017en\u00ed vytv\u00e1\u0159et jedine\u010dn\u00e9 a personalizovan\u00e9 n\u00e1lepky, kter\u00e9 lze pou\u017e\u00edt pro r\u016fzn\u00e9 \u00fa\u010dely, jako je branding, marketing nebo osobn\u00ed vyj\u00e1d\u0159en\u00ed. Tyto samolepky jsou tedy velmi univerz\u00e1ln\u00ed a lze je pou\u017e\u00edt v \u0161irok\u00e9 \u0161k\u00e1le aplikac\u00ed.<\/p>\n<div style=\"width: 1280px;\" class=\"wp-video\"><!--[if lt IE 9]><script>document.createElement('video');<\/script><![endif]--><br \/>\n<video class=\"wp-video-shortcode\" id=\"video-751-1\" width=\"1280\" height=\"720\" loop autoplay preload=\"auto\" controls=\"controls\"><source type=\"video\/mp4\" src=\"http:\/\/cmykprinted.com\/wp-content\/uploads\/2022\/12\/UV-transfer-stickers.mp4?_=1\" \/><a href=\"http:\/\/cmykprinted.com\/wp-content\/uploads\/2022\/12\/UV-transfer-stickers.mp4\">http:\/\/cmykprinted.com\/wp-content\/uploads\/2022\/12\/UV-transfer-stickers.mp4<\/a><\/video><\/div>","protected":false},"featured_media":752,"template":"","meta":{"_kad_post_transparent":"default","_kad_post_title":"hide","_kad_post_layout":"fullwidth","_kad_post_sidebar_id":"","_kad_post_content_style":"unboxed","_kad_post_vertical_padding":"hide","_kad_post_feature":"hide","_kad_post_feature_position":"","_kad_post_header":false,"_kad_post_footer":false},"product_cat":[101,103],"product_tag":[202,200,199,138,201],"class_list":{"0":"post-751","1":"product","2":"type-product","3":"status-publish","4":"has-post-thumbnail","6":"product_cat-transfer-stickers","7":"product_cat-uv-transfer-stickers","8":"product_tag-adhesive-transfer-stickers","9":"product_tag-multipurpose-transfer-stickers","10":"product_tag-uv-transfer-labels","11":"product_tag-uv-transfer-stickers","12":"product_tag-wholesale-transfer-stickers","14":"first","15":"instock","16":"shipping-taxable","17":"product-type-simple","18":"entry","19":"content-bg","20":"loop-entry"},"_links":{"self":[{"href":"https:\/\/cmykprinted.com\/cs\/wp-json\/wp\/v2\/product\/751","targetHints":{"allow":["GET"]}}],"collection":[{"href":"https:\/\/cmykprinted.com\/cs\/wp-json\/wp\/v2\/product"}],"about":[{"href":"https:\/\/cmykprinted.com\/cs\/wp-json\/wp\/v2\/types\/product"}],"version-history":[{"count":3,"href":"https:\/\/cmykprinted.com\/cs\/wp-json\/wp\/v2\/product\/751\/revisions"}],"predecessor-version":[{"id":761,"href":"https:\/\/cmykprinted.com\/cs\/wp-json\/wp\/v2\/product\/751\/revisions\/761"}],"wp:featuredmedia":[{"embeddable":true,"href":"https:\/\/cmykprinted.com\/cs\/wp-json\/wp\/v2\/media\/752"}],"wp:attachment":[{"href":"https:\/\/cmykprinted.com\/cs\/wp-json\/wp\/v2\/media?parent=751"}],"wp:term":[{"taxonomy":"product_cat","embeddable":true,"href":"https:\/\/cmykprinted.com\/cs\/wp-json\/wp\/v2\/product_cat?post=751"},{"taxonomy":"product_tag","embeddable":true,"href":"https:\/\/cmykprinted.com\/cs\/wp-json\/wp\/v2\/product_tag?post=751"}],"curies":[{"name":"wp","href":"https:\/\/api.w.org\/{rel}","templated":true}]}}