{"id":778,"date":"2022-12-31T02:58:49","date_gmt":"2022-12-31T02:58:49","guid":{"rendered":"https:\/\/cmykprinted.com\/?post_type=product&#038;p=778"},"modified":"2022-12-31T03:33:16","modified_gmt":"2022-12-31T03:33:16","slug":"heavy-duty-instant-enclosed-10x20ft-pop-up-canopies-gazebo","status":"publish","type":"product","link":"https:\/\/cmykprinted.com\/cs\/produkt\/heavy-duty-instant-enclosed-10x20ft-pop-up-canopies-gazebo\/","title":{"rendered":"Heavy Duty Instant Enclosed 10x20ft Pop-Up Canopies Alt\u00e1n"},"content":{"rendered":"","protected":false},"excerpt":{"rendered":"<p>Vyskakovac\u00ed st\u0159\u00ed\u0161ky o rozm\u011brech 10 x 20 stop jsou navr\u017eeny pro venkovn\u00ed akce a maj\u00ed pohodlnou ta\u0161ku pro snadnou p\u0159epravu. Vyskakovac\u00ed p\u0159\u00edst\u0159e\u0161ky o rozm\u011brech 10 x 20 stop nab\u00edzej\u00ed velkou st\u00edn\u00edc\u00ed plochu 200 \u010dtvere\u010dn\u00edch stop, co\u017e je dosta\u010duj\u00edc\u00ed pro um\u00edst\u011bn\u00ed 8 stop obd\u00e9ln\u00edkov\u00e9ho stolu s 25 \u017eidlemi nebo p\u0159ibli\u017en\u011b 30 lid\u00ed stoj\u00edc\u00edch sou\u010dasn\u011b. St\u0159\u00ed\u0161ka je vyrobena z odoln\u00e9 420D Oxford tkaniny s PVC z\u00e1t\u011brem pro odolnost proti v\u011btru a opot\u0159eben\u00ed, stejn\u011b jako UV30+ ochrana a vod\u011bodolnost. Jeho instalace je rychl\u00e1 a snadn\u00e1, s procesem instalace bez pou\u017eit\u00ed n\u00e1\u0159ad\u00ed a robustn\u00edm ocelov\u00fdm r\u00e1mem se 4-polohov\u00fdm nastaven\u00edm v\u00fd\u0161ky. Baldach\u00fdn m\u00e1 tak\u00e9 bo\u010dn\u00ed st\u011bny s pr\u016fhledn\u00fdmi okny a centr\u00e1ln\u00ed dv\u00ed\u0159ka na zip pro dodate\u010dnou ochranu p\u0159ed v\u011btrem a \u0161kodliv\u00fdm slune\u010dn\u00edm z\u00e1\u0159en\u00edm a z\u00e1rove\u0148 umo\u017e\u0148uje jasn\u00fd v\u00fdhled ven. Bo\u010dn\u00ed st\u011bny lze snadno p\u0159ipevnit nebo odd\u011blit od r\u00e1mu st\u0159\u00ed\u0161ky pomoc\u00ed such\u00fdch zip\u016f.<\/p>\n<div style=\"width: 1280px;\" class=\"wp-video\"><!--[if lt IE 9]><script>document.createElement('video');<\/script><![endif]--><br \/>\n<video class=\"wp-video-shortcode\" id=\"video-778-1\" width=\"1280\" height=\"720\" loop autoplay preload=\"auto\" controls=\"controls\"><source type=\"video\/mp4\" src=\"http:\/\/cmykprinted.com\/wp-content\/uploads\/2022\/12\/10x20ft-Pop-Up-Canopies.mp4?_=1\" \/><a href=\"http:\/\/cmykprinted.com\/wp-content\/uploads\/2022\/12\/10x20ft-Pop-Up-Canopies.mp4\">http:\/\/cmykprinted.com\/wp-content\/uploads\/2022\/12\/10x20ft-Pop-Up-Canopies.mp4<\/a><\/video><\/div>","protected":false},"featured_media":780,"template":"","meta":{"_kad_post_transparent":"default","_kad_post_title":"hide","_kad_post_layout":"fullwidth","_kad_post_sidebar_id":"","_kad_post_content_style":"unboxed","_kad_post_vertical_padding":"hide","_kad_post_feature":"hide","_kad_post_feature_position":"","_kad_post_header":false,"_kad_post_footer":false},"product_cat":[68,72,69],"product_tag":[208,211,209,210],"class_list":{"0":"post-778","1":"product","2":"type-product","3":"status-publish","4":"has-post-thumbnail","6":"product_cat-custom-canopy-tents","7":"product_cat-10x20ft-pop-up-canopies","8":"product_cat-40mm-hexagon-aluminum-tents","9":"product_tag-10x20ft-pop-up-canopies","10":"product_tag-heavy-duty-gazebo","11":"product_tag-heavy-duty-pop-up-canopies","12":"product_tag-instant-pop-up-canopies","14":"first","15":"instock","16":"shipping-taxable","17":"product-type-simple","18":"entry","19":"content-bg","20":"loop-entry"},"_links":{"self":[{"href":"https:\/\/cmykprinted.com\/cs\/wp-json\/wp\/v2\/product\/778","targetHints":{"allow":["GET"]}}],"collection":[{"href":"https:\/\/cmykprinted.com\/cs\/wp-json\/wp\/v2\/product"}],"about":[{"href":"https:\/\/cmykprinted.com\/cs\/wp-json\/wp\/v2\/types\/product"}],"version-history":[{"count":4,"href":"https:\/\/cmykprinted.com\/cs\/wp-json\/wp\/v2\/product\/778\/revisions"}],"predecessor-version":[{"id":790,"href":"https:\/\/cmykprinted.com\/cs\/wp-json\/wp\/v2\/product\/778\/revisions\/790"}],"wp:featuredmedia":[{"embeddable":true,"href":"https:\/\/cmykprinted.com\/cs\/wp-json\/wp\/v2\/media\/780"}],"wp:attachment":[{"href":"https:\/\/cmykprinted.com\/cs\/wp-json\/wp\/v2\/media?parent=778"}],"wp:term":[{"taxonomy":"product_cat","embeddable":true,"href":"https:\/\/cmykprinted.com\/cs\/wp-json\/wp\/v2\/product_cat?post=778"},{"taxonomy":"product_tag","embeddable":true,"href":"https:\/\/cmykprinted.com\/cs\/wp-json\/wp\/v2\/product_tag?post=778"}],"curies":[{"name":"wp","href":"https:\/\/api.w.org\/{rel}","templated":true}]}}