{"id":791,"date":"2022-12-31T06:57:00","date_gmt":"2022-12-31T06:57:00","guid":{"rendered":"https:\/\/cmykprinted.com\/?post_type=product&#038;p=791"},"modified":"2022-12-31T07:06:35","modified_gmt":"2022-12-31T07:06:35","slug":"wall-mounted-promotional-flags-end-sign-flags-custom-printed","status":"publish","type":"product","link":"https:\/\/cmykprinted.com\/cs\/produkt\/wall-mounted-promotional-flags-end-sign-flags-custom-printed\/","title":{"rendered":"N\u00e1st\u011bnn\u00e9 propaga\u010dn\u00ed vlaje\u010dky Vlajky na konci ti\u0161t\u011bn\u00e9 na zak\u00e1zku"},"content":{"rendered":"","protected":false},"excerpt":{"rendered":"<p>Na\u0161e n\u00e1st\u011bnn\u00e9 reklamn\u00ed vlajky jsou vyti\u0161t\u011bny na pevn\u00e9m, odoln\u00e9m PVC bannerov\u00e9m materi\u00e1lu a o\u0161et\u0159eny UV inkoustem pro dlouhou \u017eivotnost venku. Tyto vlajky m\u011b\u0159\u00ed 430 mm na \u0161\u00ed\u0159ku a 355 mm na jedn\u00e9 stran\u011b a 560 mm na druh\u00e9. Tyto vlajky jsou vyrobeny ze siln\u00e9ho, ale pru\u017en\u00e9ho b\u00edl\u00e9ho PVC a maj\u00ed sto\u017e\u00e1r o d\u00e9lce 750 mm. Z\u00fa\u017een\u00e1 obj\u00edmka zaji\u0161\u0165uje bezpe\u010dn\u00e9 uchopen\u00ed ty\u010de a zabra\u0148uje ztr\u00e1t\u011b vlajky ve v\u011btrn\u00fdch podm\u00ednk\u00e1ch. Tyto vlajky lze snadno p\u0159i\u0161roubovat na st\u011bny a dod\u00e1vaj\u00ed se se sadou, kter\u00e1 obsahuje polypropylenov\u00fd dr\u017e\u00e1k, ty\u010d z PVC, n\u00e1stavec a l\u00edmec. Nab\u00edz\u00edme tak\u00e9 oby\u010dejn\u00e9 \u201eDisplay Flags\u201c vyroben\u00e9 ze 780 g\/m2 vyztu\u017een\u00e9ho lehk\u00e9ho bloku PVC, kter\u00e9 jsou vhodn\u00e9 pro vinylov\u00e9 aplikace a lze je potisknout na zak\u00e1zku. K dispozici jsou tak\u00e9 vlastn\u00ed tvarovan\u00e9 vlajky. V\u0161echny na\u0161e vlajky jsou vyrobeny ze superpevnostn\u00edho m\u00e9dia a polyesterov\u00e9ho pro\u0161\u00edv\u00e1n\u00ed n\u00e1mo\u0159n\u00ed t\u0159\u00eddy pro nejlep\u0161\u00ed venkovn\u00ed v\u00fdkon.<\/p>","protected":false},"featured_media":792,"template":"","meta":{"_kad_post_transparent":"default","_kad_post_title":"hide","_kad_post_layout":"fullwidth","_kad_post_sidebar_id":"","_kad_post_content_style":"unboxed","_kad_post_vertical_padding":"hide","_kad_post_feature":"hide","_kad_post_feature_position":"","_kad_post_header":false,"_kad_post_footer":false},"product_cat":[79],"product_tag":[215,213,214,212],"class_list":{"0":"post-791","1":"product","2":"type-product","3":"status-publish","4":"has-post-thumbnail","6":"product_cat-custom-flags","7":"product_tag-custom-promotional-flags","8":"product_tag-end-sign-flags","9":"product_tag-promotional-flags","10":"product_tag-wall-mounted-promotional-flags","12":"first","13":"instock","14":"shipping-taxable","15":"product-type-simple","16":"entry","17":"content-bg","18":"loop-entry"},"_links":{"self":[{"href":"https:\/\/cmykprinted.com\/cs\/wp-json\/wp\/v2\/product\/791","targetHints":{"allow":["GET"]}}],"collection":[{"href":"https:\/\/cmykprinted.com\/cs\/wp-json\/wp\/v2\/product"}],"about":[{"href":"https:\/\/cmykprinted.com\/cs\/wp-json\/wp\/v2\/types\/product"}],"version-history":[{"count":3,"href":"https:\/\/cmykprinted.com\/cs\/wp-json\/wp\/v2\/product\/791\/revisions"}],"predecessor-version":[{"id":799,"href":"https:\/\/cmykprinted.com\/cs\/wp-json\/wp\/v2\/product\/791\/revisions\/799"}],"wp:featuredmedia":[{"embeddable":true,"href":"https:\/\/cmykprinted.com\/cs\/wp-json\/wp\/v2\/media\/792"}],"wp:attachment":[{"href":"https:\/\/cmykprinted.com\/cs\/wp-json\/wp\/v2\/media?parent=791"}],"wp:term":[{"taxonomy":"product_cat","embeddable":true,"href":"https:\/\/cmykprinted.com\/cs\/wp-json\/wp\/v2\/product_cat?post=791"},{"taxonomy":"product_tag","embeddable":true,"href":"https:\/\/cmykprinted.com\/cs\/wp-json\/wp\/v2\/product_tag?post=791"}],"curies":[{"name":"wp","href":"https:\/\/api.w.org\/{rel}","templated":true}]}}