{"id":800,"date":"2022-12-31T07:34:47","date_gmt":"2022-12-31T07:34:47","guid":{"rendered":"https:\/\/cmykprinted.com\/?post_type=product&#038;p=800"},"modified":"2023-01-01T08:00:58","modified_gmt":"2023-01-01T08:00:58","slug":"trade-show-table-throw-with-serged-closed-custom-printing","status":"publish","type":"product","link":"https:\/\/cmykprinted.com\/cs\/produkt\/trade-show-table-throw-with-serged-closed-custom-printing\/","title":{"rendered":"P\u0159ehoz na veletr\u017en\u00ed st\u016fl s obrubn\u00edkem, uzav\u0159en\u00fd a s vlastn\u00edm potiskem"},"content":{"rendered":"","protected":false},"excerpt":{"rendered":"<p>V na\u0161\u00ed spole\u010dnosti se v\u011bnujeme poskytov\u00e1n\u00ed vysoce kvalitn\u00edch a cenov\u011b dostupn\u00fdch veletr\u017en\u00edch stol\u016f podnik\u016fm a organizac\u00edm v\u0161ech velikost\u00ed. Ch\u00e1peme, jak je d\u016fle\u017eit\u00e9 ud\u011blat siln\u00fd dojem na veletrz\u00edch a v\u00fdstav\u00e1ch, a jsme odhodl\u00e1ni na\u0161im z\u00e1kazn\u00edk\u016fm v tom pom\u00e1hat. N\u00e1\u0161 t\u00fdm profesion\u00e1ln\u00edch tiska\u0159\u016f pou\u017e\u00edv\u00e1 proces \u00fapln\u00e9 sublimace barviva, aby zajistil, \u017ee na\u0161e hody na st\u016fl budou \u017eiv\u00e9, poutav\u00e9 a pln\u011b p\u0159izp\u016fsobiteln\u00e9. A\u0165 u\u017e pot\u0159ebujete potah na st\u016fl na veletrh, ubrus na speci\u00e1ln\u00ed v\u00fdstavu nebo jak\u00fdkoli jin\u00fd typ stoln\u00edho p\u0159ehozu, m\u00e1me produkty, kter\u00e9 pot\u0159ebujete, rychlost\u00ed, kterou po\u017eadujete.<br \/>\nNa\u0161e tov\u00e1rna nab\u00edz\u00ed \u0161irokou \u0161k\u00e1lu p\u0159ehoz\u016f na veletr\u017en\u00ed stoly, v\u010detn\u011b stre\u010dov\u00fdch potah\u016f, 3 a 4strann\u00fdch potah\u016f, kluznic a mnoha dal\u0161\u00edch. Nab\u00edz\u00edme dokonce i stoln\u00ed hody, kter\u00e9 jsou navr\u017eeny tak, aby dopl\u0148ovaly barevn\u00e9 sch\u00e9ma va\u0161\u00ed firmy nebo organizace. A pokud nem\u00e1te logo, nen\u00ed probl\u00e9m! M\u016f\u017eeme pro v\u00e1s vytvo\u0159it design na m\u00edru, kter\u00fd pom\u016f\u017ee propagovat va\u0161i zna\u010dku a p\u0159il\u00e1kat nov\u00e9 z\u00e1kazn\u00edky.<br \/>\nNab\u00edz\u00edme 24hodinovou dobu obr\u00e1tky na v\u0161echny na\u0161e veletr\u017en\u00ed stoly, abychom zajistili, \u017ee produkty, kter\u00e9 pot\u0159ebujete, dostanete, kdy\u017e je pot\u0159ebujete. A pro v\u011bt\u0161\u00ed pohodl\u00ed odes\u00edl\u00e1me v\u0161echny na\u0161e produkty n\u00e1sleduj\u00edc\u00ed pracovn\u00ed den po n\u00e1kupu. Tak\u017ee a\u0165 u\u017e pot\u0159ebujete hodit jeden st\u016fl nebo velkou objedn\u00e1vku na nadch\u00e1zej\u00edc\u00ed akci, m\u00e1me produkty a slu\u017eby, kter\u00e9 pot\u0159ebujete k \u00fasp\u011bchu.<\/p>","protected":false},"featured_media":802,"template":"","meta":{"_kad_post_transparent":"default","_kad_post_title":"hide","_kad_post_layout":"fullwidth","_kad_post_sidebar_id":"","_kad_post_content_style":"unboxed","_kad_post_vertical_padding":"hide","_kad_post_feature":"hide","_kad_post_feature_position":"","_kad_post_header":false,"_kad_post_footer":false},"product_cat":[80,84],"product_tag":[218,216,217],"class_list":{"0":"post-800","1":"product","2":"type-product","3":"status-publish","4":"has-post-thumbnail","6":"product_cat-custom-tablecloth","7":"product_cat-trade-show-table-throw","8":"product_tag-custom-table-throw","9":"product_tag-trade-show-table-throw","10":"product_tag-tradeshow-table-throw","12":"first","13":"instock","14":"shipping-taxable","15":"product-type-simple","16":"entry","17":"content-bg","18":"loop-entry"},"_links":{"self":[{"href":"https:\/\/cmykprinted.com\/cs\/wp-json\/wp\/v2\/product\/800","targetHints":{"allow":["GET"]}}],"collection":[{"href":"https:\/\/cmykprinted.com\/cs\/wp-json\/wp\/v2\/product"}],"about":[{"href":"https:\/\/cmykprinted.com\/cs\/wp-json\/wp\/v2\/types\/product"}],"version-history":[{"count":3,"href":"https:\/\/cmykprinted.com\/cs\/wp-json\/wp\/v2\/product\/800\/revisions"}],"predecessor-version":[{"id":809,"href":"https:\/\/cmykprinted.com\/cs\/wp-json\/wp\/v2\/product\/800\/revisions\/809"}],"wp:featuredmedia":[{"embeddable":true,"href":"https:\/\/cmykprinted.com\/cs\/wp-json\/wp\/v2\/media\/802"}],"wp:attachment":[{"href":"https:\/\/cmykprinted.com\/cs\/wp-json\/wp\/v2\/media?parent=800"}],"wp:term":[{"taxonomy":"product_cat","embeddable":true,"href":"https:\/\/cmykprinted.com\/cs\/wp-json\/wp\/v2\/product_cat?post=800"},{"taxonomy":"product_tag","embeddable":true,"href":"https:\/\/cmykprinted.com\/cs\/wp-json\/wp\/v2\/product_tag?post=800"}],"curies":[{"name":"wp","href":"https:\/\/api.w.org\/{rel}","templated":true}]}}