{"id":810,"date":"2022-12-31T13:39:50","date_gmt":"2022-12-31T13:39:50","guid":{"rendered":"https:\/\/cmykprinted.com\/?post_type=product&#038;p=810"},"modified":"2022-12-31T13:53:52","modified_gmt":"2022-12-31T13:53:52","slug":"durable-custom-printed-outdoor-scrim-glossy-vinyl-banner","status":"publish","type":"product","link":"https:\/\/cmykprinted.com\/cs\/produkt\/durable-custom-printed-outdoor-scrim-glossy-vinyl-banner\/","title":{"rendered":"Odoln\u00fd leskl\u00fd vinylov\u00fd banner s venkovn\u00edm potiskem na zak\u00e1zku"},"content":{"rendered":"","protected":false},"excerpt":{"rendered":"<p>Na\u0161e leskl\u00e9 vinylov\u00e9 bannery jsou vhodn\u00e9 pro vnit\u0159n\u00ed i venkovn\u00ed pou\u017eit\u00ed, proto\u017ee jsou odoln\u00e9 proti vyblednut\u00ed, roztr\u017een\u00ed a v\u011btru. Jsou tak\u00e9 velmi n\u00e1kladov\u011b efektivn\u00ed, tak\u017ee jsou skv\u011blou volbou pro ty, kte\u0159\u00ed maj\u00ed n\u00edzk\u00fd rozpo\u010det. Vinylov\u00fd materi\u00e1l pou\u017eit\u00fd v t\u011bchto bannerech je jasn\u00fd a leskl\u00fd, co\u017e pom\u00e1h\u00e1, aby barvy ve va\u0161em n\u00e1vrhu vypadaly \u017eiv\u011bj\u0161\u00ed a poutav\u011bj\u0161\u00ed. Nav\u00edc ultra hladk\u00fd povrch s n\u00e1pisy na t\u011bchto bannerech pom\u00e1h\u00e1 o\u017eivit va\u0161i grafiku.<br \/>\nNa\u0161e leskl\u00e9 vinylov\u00e9 bannery jsou obl\u00edbenou volbou pro venkovn\u00ed akce, jako jsou fotbalov\u00e9 z\u00e1pasy, kde je lze zav\u011bsit pod\u00e9l plotu nebo zdi obklopuj\u00edc\u00ed h\u0159i\u0161t\u011b a p\u0159edv\u00e9st sponzory t\u00fdmu. Jsou tak\u00e9 skv\u011blou volbou pro rodinn\u00e1 setk\u00e1n\u00ed, firemn\u00ed pikniky a dal\u0161\u00ed venkovn\u00ed setk\u00e1n\u00ed, proto\u017ee je lze snadno zav\u011bsit mezi dva stromy a vytvo\u0159it tak \u017eiv\u00fd a cenov\u011b dostupn\u00fd displej. Bez ohledu na to, o jakou p\u0159\u00edle\u017eitost se jedn\u00e1, na\u0161e leskl\u00e9 vinylov\u00e9 bannery jist\u011b ud\u011blaj\u00ed va\u0161i akci speci\u00e1ln\u00ed.<\/p>\n<div style=\"width: 1290px;\" class=\"wp-video\"><!--[if lt IE 9]><script>document.createElement('video');<\/script><![endif]--><br \/>\n<video class=\"wp-video-shortcode\" id=\"video-810-1\" width=\"1290\" height=\"726\" loop autoplay preload=\"auto\" controls=\"controls\"><source type=\"video\/mp4\" src=\"http:\/\/cmykprinted.com\/wp-content\/uploads\/2022\/12\/vinyl-PVC-banners.mp4?_=1\" \/><a href=\"http:\/\/cmykprinted.com\/wp-content\/uploads\/2022\/12\/vinyl-PVC-banners.mp4\">http:\/\/cmykprinted.com\/wp-content\/uploads\/2022\/12\/vinyl-PVC-banners.mp4<\/a><\/video><\/div>\n<p>&nbsp;<\/p>","protected":false},"featured_media":811,"template":"","meta":{"_kad_post_transparent":"default","_kad_post_title":"hide","_kad_post_layout":"fullwidth","_kad_post_sidebar_id":"","_kad_post_content_style":"unboxed","_kad_post_vertical_padding":"hide","_kad_post_feature":"hide","_kad_post_feature_position":"","_kad_post_header":false,"_kad_post_footer":false},"product_cat":[85,90,91,89],"product_tag":[221,220,219,222],"class_list":{"0":"post-810","1":"product","2":"type-product","3":"status-publish","4":"has-post-thumbnail","6":"product_cat-outdoor-vinyl-banners","7":"product_cat-glossy-pvc-banners","8":"product_cat-matte-vinyl-banners","9":"product_cat-pvc-banners","10":"product_tag-custom-vinyl-banner","11":"product_tag-durable-vinyl-banner","12":"product_tag-glossy-vinyl-banner","13":"product_tag-outdoor-vinyl-banner","15":"first","16":"instock","17":"shipping-taxable","18":"product-type-simple","19":"entry","20":"content-bg","21":"loop-entry"},"_links":{"self":[{"href":"https:\/\/cmykprinted.com\/cs\/wp-json\/wp\/v2\/product\/810","targetHints":{"allow":["GET"]}}],"collection":[{"href":"https:\/\/cmykprinted.com\/cs\/wp-json\/wp\/v2\/product"}],"about":[{"href":"https:\/\/cmykprinted.com\/cs\/wp-json\/wp\/v2\/types\/product"}],"version-history":[{"count":2,"href":"https:\/\/cmykprinted.com\/cs\/wp-json\/wp\/v2\/product\/810\/revisions"}],"predecessor-version":[{"id":817,"href":"https:\/\/cmykprinted.com\/cs\/wp-json\/wp\/v2\/product\/810\/revisions\/817"}],"wp:featuredmedia":[{"embeddable":true,"href":"https:\/\/cmykprinted.com\/cs\/wp-json\/wp\/v2\/media\/811"}],"wp:attachment":[{"href":"https:\/\/cmykprinted.com\/cs\/wp-json\/wp\/v2\/media?parent=810"}],"wp:term":[{"taxonomy":"product_cat","embeddable":true,"href":"https:\/\/cmykprinted.com\/cs\/wp-json\/wp\/v2\/product_cat?post=810"},{"taxonomy":"product_tag","embeddable":true,"href":"https:\/\/cmykprinted.com\/cs\/wp-json\/wp\/v2\/product_tag?post=810"}],"curies":[{"name":"wp","href":"https:\/\/api.w.org\/{rel}","templated":true}]}}