{"id":818,"date":"2022-12-31T14:04:19","date_gmt":"2022-12-31T14:04:19","guid":{"rendered":"https:\/\/cmykprinted.com\/?post_type=product&#038;p=818"},"modified":"2022-12-31T14:16:24","modified_gmt":"2022-12-31T14:16:24","slug":"vertical-pop-up-banners-for-promotional-outdoor-advertising","status":"publish","type":"product","link":"https:\/\/cmykprinted.com\/cs\/produkt\/vertical-pop-up-banners-for-promotional-outdoor-advertising\/","title":{"rendered":"Vertik\u00e1ln\u00ed vyskakovac\u00ed bannery pro propaga\u010dn\u00ed venkovn\u00ed reklamu"},"content":{"rendered":"","protected":false},"excerpt":{"rendered":"<p>Vertik\u00e1ln\u00ed vyskakovac\u00ed bannery jsou skv\u011blou alternativou k tradi\u010dn\u00edm A-frame design\u016fm, proto\u017ee nab\u00edzej\u00ed mnohem v\u011bt\u0161\u00ed plochu pro tisk. Tyto bannery jsou navr\u017eeny tak, aby se daly snadno p\u0159epravovat, nastavovat a sund\u00e1vat, tak\u017ee jsou vhodnou volbou pro akce, veletrhy a dal\u0161\u00ed p\u0159\u00edle\u017eitosti. Jsou tak\u00e9 vhodn\u00e9 pro vnit\u0159n\u00ed i venkovn\u00ed pou\u017eit\u00ed a dod\u00e1vaj\u00ed se se \u010dty\u0159mi brou\u0161en\u00fdmi hroty pro v\u011bt\u0161\u00ed stabilitu.<br \/>\nJednou z kl\u00ed\u010dov\u00fdch v\u00fdhod vertik\u00e1ln\u00edch vyskakovac\u00edch banner\u016f je to, \u017ee jsou jednod\u00edlnou jednotkou, co\u017e znamen\u00e1, \u017ee stojan a grafika jsou spojeny do jednoho celku. D\u00edky tomu je lze snadno p\u0159emis\u0165ovat a p\u0159epravovat, proto\u017ee se nemus\u00edte starat o samostatn\u00e9 kusy. Samotn\u00e1 grafika je vyti\u0161t\u011bna na vysoce kvalitn\u00ed poly sat\u00e9novou tkaninu, kter\u00e1 je hladk\u00e1, odoln\u00e1 a snadno se slo\u017e\u00ed pro p\u0159epravu.<br \/>\nV ka\u017ed\u00e9 konfiguraci jsou k dispozici r\u016fzn\u00e9 velikosti, tak\u017ee si m\u016f\u017eete vybrat tu, kter\u00e1 nejl\u00e9pe vyhovuje va\u0161im pot\u0159eb\u00e1m. Nav\u00edc je v\u017edy zahrnuta vlastn\u00ed ta\u0161ka na p\u0159en\u00e1\u0161en\u00ed, kter\u00e1 usnad\u0148uje skladov\u00e1n\u00ed a p\u0159epravu banneru z jedn\u00e9 akce na druhou. Celkov\u011b jsou vertik\u00e1ln\u00ed vyskakovac\u00ed bannery v\u0161estrann\u00fdm, pohodln\u00fdm a efektivn\u00edm zp\u016fsobem, jak zobrazit va\u0161i zna\u010dku nebo sd\u011blen\u00ed ve velk\u00e9m.<\/p>\n<div style=\"width: 1290px;\" class=\"wp-video\"><!--[if lt IE 9]><script>document.createElement('video');<\/script><![endif]--><br \/>\n<video class=\"wp-video-shortcode\" id=\"video-818-1\" width=\"1290\" height=\"726\" loop autoplay preload=\"auto\" controls=\"controls\"><source type=\"video\/mp4\" src=\"http:\/\/cmykprinted.com\/wp-content\/uploads\/2022\/12\/horizontal-pop-up-banners.mp4?_=1\" \/><a href=\"http:\/\/cmykprinted.com\/wp-content\/uploads\/2022\/12\/horizontal-pop-up-banners.mp4\">http:\/\/cmykprinted.com\/wp-content\/uploads\/2022\/12\/horizontal-pop-up-banners.mp4<\/a><\/video><\/div>\n<p>&nbsp;<\/p>","protected":false},"featured_media":819,"template":"","meta":{"_kad_post_transparent":"default","_kad_post_title":"hide","_kad_post_layout":"fullwidth","_kad_post_sidebar_id":"","_kad_post_content_style":"unboxed","_kad_post_vertical_padding":"hide","_kad_post_feature":"hide","_kad_post_feature_position":"","_kad_post_header":false,"_kad_post_footer":false},"product_cat":[92,96],"product_tag":[224,167,225,166,195,223],"class_list":{"0":"post-818","1":"product","2":"type-product","3":"status-publish","4":"has-post-thumbnail","6":"product_cat-pop-up-banners","7":"product_cat-vertical-pop-up-banners","8":"product_tag-advertising-pop-up-banners","9":"product_tag-custom-pop-up-banners","10":"product_tag-outdoor-pop-up-banners","11":"product_tag-pop-up-banners","12":"product_tag-promotional-pop-up-banners","13":"product_tag-vertical-pop-up-banners","15":"first","16":"instock","17":"shipping-taxable","18":"product-type-simple","19":"entry","20":"content-bg","21":"loop-entry"},"_links":{"self":[{"href":"https:\/\/cmykprinted.com\/cs\/wp-json\/wp\/v2\/product\/818","targetHints":{"allow":["GET"]}}],"collection":[{"href":"https:\/\/cmykprinted.com\/cs\/wp-json\/wp\/v2\/product"}],"about":[{"href":"https:\/\/cmykprinted.com\/cs\/wp-json\/wp\/v2\/types\/product"}],"version-history":[{"count":1,"href":"https:\/\/cmykprinted.com\/cs\/wp-json\/wp\/v2\/product\/818\/revisions"}],"predecessor-version":[{"id":825,"href":"https:\/\/cmykprinted.com\/cs\/wp-json\/wp\/v2\/product\/818\/revisions\/825"}],"wp:featuredmedia":[{"embeddable":true,"href":"https:\/\/cmykprinted.com\/cs\/wp-json\/wp\/v2\/media\/819"}],"wp:attachment":[{"href":"https:\/\/cmykprinted.com\/cs\/wp-json\/wp\/v2\/media?parent=818"}],"wp:term":[{"taxonomy":"product_cat","embeddable":true,"href":"https:\/\/cmykprinted.com\/cs\/wp-json\/wp\/v2\/product_cat?post=818"},{"taxonomy":"product_tag","embeddable":true,"href":"https:\/\/cmykprinted.com\/cs\/wp-json\/wp\/v2\/product_tag?post=818"}],"curies":[{"name":"wp","href":"https:\/\/api.w.org\/{rel}","templated":true}]}}