{"id":826,"date":"2022-12-31T14:33:36","date_gmt":"2022-12-31T14:33:36","guid":{"rendered":"https:\/\/cmykprinted.com\/?post_type=product&#038;p=826"},"modified":"2023-02-12T15:14:20","modified_gmt":"2023-02-12T15:14:20","slug":"formulate-exhibition-curved-fabric-display-stand-backdrop","status":"publish","type":"product","link":"https:\/\/cmykprinted.com\/cs\/produkt\/formulate-exhibition-curved-fabric-display-stand-backdrop\/","title":{"rendered":"Formule V\u00fdstava Zak\u0159iven\u00e9 Fabric Display Stand Pozad\u00ed"},"content":{"rendered":"","protected":false},"excerpt":{"rendered":"<p>Zak\u0159iven\u00fd l\u00e1tkov\u00fd stojan je vynikaj\u00edc\u00ed volbou pro vytvo\u0159en\u00ed vizu\u00e1ln\u011b v\u00fdrazn\u00e9ho displeje. Vyzna\u010duje se jedin\u00fdm obrazem ve vysok\u00e9m rozli\u0161en\u00ed bez jak\u00fdchkoli viditeln\u00fdch spojovac\u00edch \u010dar. Mont\u00e1\u017e je snadn\u00e1 \u2013 jednodu\u0161e secvakn\u011bte lehk\u00fd hlin\u00edkov\u00fd r\u00e1m a nat\u00e1hn\u011bte na n\u011bj poti\u0161t\u011bnou l\u00e1tku. Kdy\u017e jej p\u0159estanete pou\u017e\u00edvat, jednodu\u0161e jej sund\u00e1te, slo\u017e\u00edte a ulo\u017e\u00edte do p\u0159epravn\u00edho kuf\u0159\u00edku pro snadnou p\u0159epravu. Tyto stojany jsou mnohem pohodln\u011bj\u0161\u00ed pro skladov\u00e1n\u00ed a p\u0159epravu ve srovn\u00e1n\u00ed s tradi\u010dn\u00edmi v\u00fdsuvn\u00fdmi v\u00fdstavn\u00edmi stojany. Krom\u011b toho, \u017ee jsou obl\u00edbenou volbou pro konference a akce, vytv\u00e1\u0159ej\u00ed tak\u00e9 vynikaj\u00edc\u00ed fotografick\u00e9 kulisy a pozad\u00ed jevi\u0161t\u011b. L\u00e1tka je standardn\u011b poti\u0161t\u011bna na obou stran\u00e1ch, \u010d\u00edm\u017e z\u00edsk\u00e1te v\u00edce prostoru pro va\u0161e vzkazy. Je tak\u00e9 snadn\u00e9 tisknout alternativn\u00ed obaly pro r\u016fzn\u00e9 ud\u00e1losti.<\/p>","protected":false},"featured_media":827,"template":"","meta":{"_kad_post_transparent":"default","_kad_post_title":"hide","_kad_post_layout":"fullwidth","_kad_post_sidebar_id":"","_kad_post_content_style":"unboxed","_kad_post_vertical_padding":"hide","_kad_post_feature":"hide","_kad_post_feature_position":"","_kad_post_header":false,"_kad_post_footer":false},"product_cat":[97,98],"product_tag":[228,226,227,229],"class_list":{"0":"post-826","1":"product","2":"type-product","3":"status-publish","4":"has-post-thumbnail","6":"product_cat-tension-fabric-displays","7":"product_cat-curved-tension-fabric-pop-up-displays","8":"product_tag-curved-backdrop","9":"product_tag-curved-fabric-display-stand","10":"product_tag-exhibition-curved-display-stand","11":"product_tag-formulate-curved-fabric-display","13":"first","14":"instock","15":"shipping-taxable","16":"product-type-simple","17":"entry","18":"content-bg","19":"loop-entry"},"_links":{"self":[{"href":"https:\/\/cmykprinted.com\/cs\/wp-json\/wp\/v2\/product\/826","targetHints":{"allow":["GET"]}}],"collection":[{"href":"https:\/\/cmykprinted.com\/cs\/wp-json\/wp\/v2\/product"}],"about":[{"href":"https:\/\/cmykprinted.com\/cs\/wp-json\/wp\/v2\/types\/product"}],"version-history":[{"count":1,"href":"https:\/\/cmykprinted.com\/cs\/wp-json\/wp\/v2\/product\/826\/revisions"}],"predecessor-version":[{"id":833,"href":"https:\/\/cmykprinted.com\/cs\/wp-json\/wp\/v2\/product\/826\/revisions\/833"}],"wp:featuredmedia":[{"embeddable":true,"href":"https:\/\/cmykprinted.com\/cs\/wp-json\/wp\/v2\/media\/827"}],"wp:attachment":[{"href":"https:\/\/cmykprinted.com\/cs\/wp-json\/wp\/v2\/media?parent=826"}],"wp:term":[{"taxonomy":"product_cat","embeddable":true,"href":"https:\/\/cmykprinted.com\/cs\/wp-json\/wp\/v2\/product_cat?post=826"},{"taxonomy":"product_tag","embeddable":true,"href":"https:\/\/cmykprinted.com\/cs\/wp-json\/wp\/v2\/product_tag?post=826"}],"curies":[{"name":"wp","href":"https:\/\/api.w.org\/{rel}","templated":true}]}}