{"id":834,"date":"2023-01-01T06:16:03","date_gmt":"2023-01-01T06:16:03","guid":{"rendered":"https:\/\/cmykprinted.com\/?post_type=product&#038;p=834"},"modified":"2023-01-01T06:28:27","modified_gmt":"2023-01-01T06:28:27","slug":"metallic-letters-labels-adhesive-3d-transfer-metal-sticker","status":"publish","type":"product","link":"https:\/\/cmykprinted.com\/cs\/produkt\/metallic-letters-labels-adhesive-3d-transfer-metal-sticker\/","title":{"rendered":"Kovov\u00e9 \u0161t\u00edtky s p\u00edsmeny, samolepic\u00ed 3D p\u0159enosov\u00e1 kovov\u00e1 samolepka"},"content":{"rendered":"","protected":false},"excerpt":{"rendered":"<p>Pomoc\u00ed \u0161t\u00edtk\u016f s kovov\u00fdmi p\u00edsmeny m\u016f\u017eete snadno upoutat pozornost sv\u00fdch z\u00e1kazn\u00edk\u016f a p\u0159it\u00e1hnout je, aby se dozv\u011bd\u011bli v\u00edce o tom, co nab\u00edz\u00edte. Tyto poutav\u00e9 samolepky jsou navr\u017eeny tak, aby dodaly va\u0161emu produktu nebo slu\u017eb\u011b vizu\u00e1ln\u00ed dopad a odli\u0161ily je od konkurence.<br \/>\nPomoc\u00ed nejnov\u011bj\u0161\u00ed technologie jsou tyto \u0161t\u00edtky vyr\u00e1b\u011bny v z\u00e1\u0159iv\u00fdch barv\u00e1ch v \u0159ad\u011b p\u0159echod\u016f a p\u016flt\u00f3n\u016f, co\u017e jim dod\u00e1v\u00e1 leskl\u00fd a atraktivn\u00ed vzhled, kter\u00fd zvy\u0161uje vn\u00edmanou hodnotu va\u0161\u00ed nab\u00eddky. A\u0165 u\u017e se zab\u00fdv\u00e1te prodejem produkt\u016f nebo propagac\u00ed akc\u00ed \u010di slu\u017eeb, tyto vlastn\u00ed \u0161t\u00edtky jist\u011b upoutaj\u00ed pozornost va\u0161\u00ed c\u00edlov\u00e9 skupiny a pomohou v\u00e1m vyniknout na p\u0159epln\u011bn\u00e9m trhu.<br \/>\nTak pro\u010d \u010dekat? Investujte do \u0161t\u00edtk\u016f s kovov\u00fdmi p\u00edsmeny je\u0161t\u011b dnes a sledujte, jak se va\u0161e podnik\u00e1n\u00ed rozv\u00edj\u00ed do nov\u00fdch v\u00fd\u0161in!<\/p>\n<div style=\"width: 1280px;\" class=\"wp-video\"><!--[if lt IE 9]><script>document.createElement('video');<\/script><![endif]--><br \/>\n<video class=\"wp-video-shortcode\" id=\"video-834-1\" width=\"1280\" height=\"720\" loop autoplay preload=\"metadata\" controls=\"controls\"><source type=\"video\/mp4\" src=\"http:\/\/cmykprinted.com\/wp-content\/uploads\/2022\/12\/Metal-Transfer-Sticker.mp4?_=1\" \/><a href=\"http:\/\/cmykprinted.com\/wp-content\/uploads\/2022\/12\/Metal-Transfer-Sticker.mp4\">http:\/\/cmykprinted.com\/wp-content\/uploads\/2022\/12\/Metal-Transfer-Sticker.mp4<\/a><\/video><\/div>\n<p>&nbsp;<\/p>","protected":false},"featured_media":835,"template":"","meta":{"_kad_post_transparent":"default","_kad_post_title":"hide","_kad_post_layout":"fullwidth","_kad_post_sidebar_id":"","_kad_post_content_style":"unboxed","_kad_post_vertical_padding":"hide","_kad_post_feature":"hide","_kad_post_feature_position":"","_kad_post_header":false,"_kad_post_footer":false},"product_cat":[101,102],"product_tag":[232,233,230,231],"class_list":{"0":"post-834","1":"product","2":"type-product","3":"status-publish","4":"has-post-thumbnail","6":"product_cat-transfer-stickers","7":"product_cat-metal-transfer-stickers","8":"product_tag-3d-transfer-sticker","9":"product_tag-adhesive-metal-sticker","10":"product_tag-metallic-letters-labels","11":"product_tag-transfer-metal-sticker","13":"first","14":"instock","15":"shipping-taxable","16":"product-type-simple","17":"entry","18":"content-bg","19":"loop-entry"},"_links":{"self":[{"href":"https:\/\/cmykprinted.com\/cs\/wp-json\/wp\/v2\/product\/834","targetHints":{"allow":["GET"]}}],"collection":[{"href":"https:\/\/cmykprinted.com\/cs\/wp-json\/wp\/v2\/product"}],"about":[{"href":"https:\/\/cmykprinted.com\/cs\/wp-json\/wp\/v2\/types\/product"}],"version-history":[{"count":1,"href":"https:\/\/cmykprinted.com\/cs\/wp-json\/wp\/v2\/product\/834\/revisions"}],"predecessor-version":[{"id":841,"href":"https:\/\/cmykprinted.com\/cs\/wp-json\/wp\/v2\/product\/834\/revisions\/841"}],"wp:featuredmedia":[{"embeddable":true,"href":"https:\/\/cmykprinted.com\/cs\/wp-json\/wp\/v2\/media\/835"}],"wp:attachment":[{"href":"https:\/\/cmykprinted.com\/cs\/wp-json\/wp\/v2\/media?parent=834"}],"wp:term":[{"taxonomy":"product_cat","embeddable":true,"href":"https:\/\/cmykprinted.com\/cs\/wp-json\/wp\/v2\/product_cat?post=834"},{"taxonomy":"product_tag","embeddable":true,"href":"https:\/\/cmykprinted.com\/cs\/wp-json\/wp\/v2\/product_tag?post=834"}],"curies":[{"name":"wp","href":"https:\/\/api.w.org\/{rel}","templated":true}]}}