{"id":842,"date":"2023-01-01T06:44:35","date_gmt":"2023-01-01T06:44:35","guid":{"rendered":"https:\/\/cmykprinted.com\/?post_type=product&#038;p=842"},"modified":"2023-01-01T06:50:35","modified_gmt":"2023-01-01T06:50:35","slug":"rectangle-flag-banners-with-custom-printing-fast-delivery","status":"publish","type":"product","link":"https:\/\/cmykprinted.com\/cs\/produkt\/rectangle-flag-banners-with-custom-printing-fast-delivery\/","title":{"rendered":"Obd\u00e9ln\u00edkov\u00e9 vlajkov\u00e9 bannery s vlastn\u00edm potiskem a rychl\u00fdm dod\u00e1n\u00edm"},"content":{"rendered":"","protected":false},"excerpt":{"rendered":"<p>Pokud chcete, aby va\u0161e dal\u0161\u00ed propagace nebo ud\u00e1lost ud\u011blala velk\u00fd dojem, zva\u017ete vlastn\u00ed tisk obd\u00e9ln\u00edkov\u00fdch vlajkov\u00fdch banner\u016f s va\u0161\u00edm logem nebo designem podle va\u0161eho v\u00fdb\u011bru. Tyto bannery jsou k dispozici ve t\u0159ech velikostech \u2013 5 stop, 8 stop nebo 11 stop \u2013 tak\u017ee si m\u016f\u017eete vybrat mo\u017enost, kter\u00e1 nejl\u00e9pe vyhovuje va\u0161im pot\u0159eb\u00e1m. Kdy\u017e je n\u011bkolik vlajek se\u0159azeno v \u0159ad\u011b, vytvo\u0159\u00ed obrovskou a vizu\u00e1ln\u011b p\u016fsobivou pod\u00edvanou, kter\u00e1 va\u0161\u00ed akci prop\u016fj\u010d\u00ed \u010distou, profesion\u00e1ln\u00ed a vzru\u0161uj\u00edc\u00ed atmosf\u00e9ru.<br \/>\nJednou ze skv\u011bl\u00fdch v\u011bc\u00ed na t\u011bchto obd\u00e9ln\u00edkov\u00fdch bannerech je, \u017ee vlastn\u00ed tisk na p\u0159edn\u00ed stran\u011b je viditeln\u00fd na zadn\u00ed stran\u011b v zrcadlov\u00e9m form\u00e1tu. To znamen\u00e1, \u017ee je m\u016f\u017eete pou\u017e\u00edt v r\u016fzn\u00fdch nastaven\u00edch, a p\u0159esto se va\u0161e zpr\u00e1va bude zobrazovat viditeln\u011b. Nav\u00edc je k dispozici oboustrann\u00fd tisk pro ty, kte\u0159\u00ed cht\u011bj\u00ed p\u0159ed\u00e1vat du\u00e1ln\u00ed zpr\u00e1vy.<br \/>\nZa\u010d\u00edt s vlastn\u00edm obd\u00e9ln\u00edkov\u00fdm bannerem je snadn\u00e9 \u2013 jednodu\u0161e nahrajte sv\u00e9 logo nebo design podle v\u00fd\u0161e uveden\u00fdch pokyn\u016f nebo si st\u00e1hn\u011bte um\u011bleckou \u0161ablonu n\u00ed\u017ee a vytvo\u0159te si vlastn\u00ed soubor, kter\u00fd nahrajete a zaplat\u00edte. S na\u0161\u00edm vysoce kvalitn\u00edm tiskem a d\u016frazem na detail si m\u016f\u017eete b\u00fdt jisti, \u017ee v\u00e1\u0161 obd\u00e9ln\u00edkov\u00fd prapor s vlajkou ud\u011bl\u00e1 na va\u0161e publikum trval\u00fd dojem.<\/p>\n<div style=\"width: 1280px;\" class=\"wp-video\"><!--[if lt IE 9]><script>document.createElement('video');<\/script><![endif]--><br \/>\n<video class=\"wp-video-shortcode\" id=\"video-842-1\" width=\"1280\" height=\"720\" loop autoplay preload=\"metadata\" controls=\"controls\"><source type=\"video\/mp4\" src=\"http:\/\/cmykprinted.com\/wp-content\/uploads\/2022\/12\/Feather-beach-flags.mp4?_=1\" \/><a href=\"http:\/\/cmykprinted.com\/wp-content\/uploads\/2022\/12\/Feather-beach-flags.mp4\">http:\/\/cmykprinted.com\/wp-content\/uploads\/2022\/12\/Feather-beach-flags.mp4<\/a><\/video><\/div>","protected":false},"featured_media":843,"template":"","meta":{"_kad_post_transparent":"default","_kad_post_title":"hide","_kad_post_layout":"fullwidth","_kad_post_sidebar_id":"","_kad_post_content_style":"unboxed","_kad_post_vertical_padding":"hide","_kad_post_feature":"hide","_kad_post_feature_position":"","_kad_post_header":false,"_kad_post_footer":false},"product_cat":[64,66],"product_tag":[236,235,234],"class_list":{"0":"post-842","1":"product","2":"type-product","3":"status-publish","4":"has-post-thumbnail","6":"product_cat-beach-flags","7":"product_cat-rectangular-flags-banners","8":"product_tag-custom-rectangle-banners","9":"product_tag-custom-rectangle-flag","10":"product_tag-rectangle-flag-banners","12":"first","13":"instock","14":"shipping-taxable","15":"product-type-simple","16":"entry","17":"content-bg","18":"loop-entry"},"_links":{"self":[{"href":"https:\/\/cmykprinted.com\/cs\/wp-json\/wp\/v2\/product\/842","targetHints":{"allow":["GET"]}}],"collection":[{"href":"https:\/\/cmykprinted.com\/cs\/wp-json\/wp\/v2\/product"}],"about":[{"href":"https:\/\/cmykprinted.com\/cs\/wp-json\/wp\/v2\/types\/product"}],"version-history":[{"count":1,"href":"https:\/\/cmykprinted.com\/cs\/wp-json\/wp\/v2\/product\/842\/revisions"}],"predecessor-version":[{"id":848,"href":"https:\/\/cmykprinted.com\/cs\/wp-json\/wp\/v2\/product\/842\/revisions\/848"}],"wp:featuredmedia":[{"embeddable":true,"href":"https:\/\/cmykprinted.com\/cs\/wp-json\/wp\/v2\/media\/843"}],"wp:attachment":[{"href":"https:\/\/cmykprinted.com\/cs\/wp-json\/wp\/v2\/media?parent=842"}],"wp:term":[{"taxonomy":"product_cat","embeddable":true,"href":"https:\/\/cmykprinted.com\/cs\/wp-json\/wp\/v2\/product_cat?post=842"},{"taxonomy":"product_tag","embeddable":true,"href":"https:\/\/cmykprinted.com\/cs\/wp-json\/wp\/v2\/product_tag?post=842"}],"curies":[{"name":"wp","href":"https:\/\/api.w.org\/{rel}","templated":true}]}}