{"id":849,"date":"2023-01-01T07:11:40","date_gmt":"2023-01-01T07:11:40","guid":{"rendered":"https:\/\/cmykprinted.com\/?post_type=product&#038;p=849"},"modified":"2023-01-01T07:22:48","modified_gmt":"2023-01-01T07:22:48","slug":"custom-small-instant-5x5ft-pop-up-canopy-tents-wholesale","status":"publish","type":"product","link":"https:\/\/cmykprinted.com\/cs\/produkt\/custom-small-instant-5x5ft-pop-up-canopy-tents-wholesale\/","title":{"rendered":"Velkoobchodn\u00ed prodej stan\u016f s v\u00fdklopn\u00fdmi baldach\u00fdny na zak\u00e1zku a okam\u017eit\u00e9ho pou\u017eit\u00ed 5x5 stop"},"content":{"rendered":"","protected":false},"excerpt":{"rendered":"<p>Pokud hled\u00e1te v\u00fdkonn\u00fd propaga\u010dn\u00ed n\u00e1stroj, kter\u00fd lze snadno nastavit a p\u0159izp\u016fsobit, je vyskakovac\u00ed stan s baldach\u00fdnem 5 x 5 stop skv\u011blou volbou. Tento stan je navr\u017een tak, aby zap\u016fsobil, m\u00e1 vysoce kvalitn\u00ed hlin\u00edkov\u00fd r\u00e1m s do\u017eivotn\u00ed z\u00e1rukou, pln\u011b p\u0159izp\u016fsobenou st\u0159echu a mo\u017enost p\u0159idat zadn\u00ed \u010d\u00e1st a boky pro je\u0161t\u011b lep\u0161\u00ed viditelnost.<br \/>\nVyskakovac\u00ed design tohoto stanu umo\u017e\u0148uje neuv\u011b\u0159iteln\u011b snadn\u00e9 nastaven\u00ed, tak\u017ee m\u016f\u017eete okam\u017eit\u011b za\u010d\u00edt p\u0159edv\u00e1d\u011bt sv\u00e9 sd\u011blen\u00ed. A\u0165 u\u017e jej pou\u017e\u00edv\u00e1te na veletrhu, venkovn\u00ed akci nebo na jak\u00e9mkoli jin\u00e9m propaga\u010dn\u00edm m\u00edst\u011b, tento stan jist\u011b upout\u00e1 pozornost va\u0161\u00ed c\u00edlov\u00e9 skupiny a pom\u016f\u017ee v\u00e1m vyniknout z konkurence.<br \/>\nTak pro\u010d \u010dekat? Investujte do vyskakovac\u00edho stanu s baldach\u00fdnem o rozm\u011brech 5 x 5 stop je\u0161t\u011b dnes a za\u010dn\u011bte propagovat svou firmu nebo akci ve velk\u00e9m stylu!<\/p>\n<div style=\"width: 1280px;\" class=\"wp-video\"><!--[if lt IE 9]><script>document.createElement('video');<\/script><![endif]--><br \/>\n<video class=\"wp-video-shortcode\" id=\"video-849-1\" width=\"1280\" height=\"720\" loop autoplay preload=\"auto\" controls=\"controls\"><source type=\"video\/mp4\" src=\"http:\/\/cmykprinted.com\/wp-content\/uploads\/2022\/12\/10x20ft-Pop-Up-Canopies.mp4?_=1\" \/><a href=\"http:\/\/cmykprinted.com\/wp-content\/uploads\/2022\/12\/10x20ft-Pop-Up-Canopies.mp4\">http:\/\/cmykprinted.com\/wp-content\/uploads\/2022\/12\/10x20ft-Pop-Up-Canopies.mp4<\/a><\/video><\/div>","protected":false},"featured_media":850,"template":"","meta":{"_kad_post_transparent":"default","_kad_post_title":"hide","_kad_post_layout":"fullwidth","_kad_post_sidebar_id":"","_kad_post_content_style":"unboxed","_kad_post_vertical_padding":"hide","_kad_post_feature":"hide","_kad_post_feature_position":"","_kad_post_header":false,"_kad_post_footer":false},"product_cat":[68,69,73],"product_tag":[238,237,239,240],"class_list":{"0":"post-849","1":"product","2":"type-product","3":"status-publish","4":"has-post-thumbnail","6":"product_cat-custom-canopy-tents","7":"product_cat-40mm-hexagon-aluminum-tents","8":"product_cat-5x5ft-custom-pop-up-canopies","9":"product_tag-5x5ft-canopy-tents","10":"product_tag-5x5ft-pop-up-canopy-tents","11":"product_tag-custom-pop-up-canopy-tents","12":"product_tag-small-pop-up-canopy-tents","14":"first","15":"instock","16":"shipping-taxable","17":"product-type-simple","18":"entry","19":"content-bg","20":"loop-entry"},"_links":{"self":[{"href":"https:\/\/cmykprinted.com\/cs\/wp-json\/wp\/v2\/product\/849","targetHints":{"allow":["GET"]}}],"collection":[{"href":"https:\/\/cmykprinted.com\/cs\/wp-json\/wp\/v2\/product"}],"about":[{"href":"https:\/\/cmykprinted.com\/cs\/wp-json\/wp\/v2\/types\/product"}],"version-history":[{"count":1,"href":"https:\/\/cmykprinted.com\/cs\/wp-json\/wp\/v2\/product\/849\/revisions"}],"predecessor-version":[{"id":857,"href":"https:\/\/cmykprinted.com\/cs\/wp-json\/wp\/v2\/product\/849\/revisions\/857"}],"wp:featuredmedia":[{"embeddable":true,"href":"https:\/\/cmykprinted.com\/cs\/wp-json\/wp\/v2\/media\/850"}],"wp:attachment":[{"href":"https:\/\/cmykprinted.com\/cs\/wp-json\/wp\/v2\/media?parent=849"}],"wp:term":[{"taxonomy":"product_cat","embeddable":true,"href":"https:\/\/cmykprinted.com\/cs\/wp-json\/wp\/v2\/product_cat?post=849"},{"taxonomy":"product_tag","embeddable":true,"href":"https:\/\/cmykprinted.com\/cs\/wp-json\/wp\/v2\/product_tag?post=849"}],"curies":[{"name":"wp","href":"https:\/\/api.w.org\/{rel}","templated":true}]}}