{"id":858,"date":"2023-01-01T07:50:37","date_gmt":"2023-01-01T07:50:37","guid":{"rendered":"https:\/\/cmykprinted.com\/?post_type=product&#038;p=858"},"modified":"2023-01-01T07:57:12","modified_gmt":"2023-01-01T07:57:12","slug":"custom-branded-promotional-hand-held-stick-flags-printing","status":"publish","type":"product","link":"https:\/\/cmykprinted.com\/cs\/produkt\/custom-branded-promotional-hand-held-stick-flags-printing\/","title":{"rendered":"Vlastn\u00ed zna\u010dkov\u00fd propaga\u010dn\u00ed ru\u010dn\u00ed potisk vlajek"},"content":{"rendered":"","protected":false},"excerpt":{"rendered":"<p>Ru\u010dn\u00ed vlaje\u010dky jsou obl\u00edbenou volbou pro podniky a organizace, kter\u00e9 cht\u011bj\u00ed zv\u00fd\u0161it viditelnost zna\u010dky a zaujmout sv\u00e9 c\u00edlov\u00e9 publikum na p\u0159ehl\u00eddk\u00e1ch, sportovn\u00edch akc\u00edch a jin\u00fdch venkovn\u00edch setk\u00e1n\u00edch. Tyto vlajky jsou obzvl\u00e1\u0161t\u011b obl\u00edben\u00e9 u d\u011bt\u00ed a dal\u0161\u00edch \u00fa\u010dastn\u00edk\u016f, kte\u0159\u00ed jimi r\u00e1di m\u00e1vaj\u00ed a d\u00e1vaj\u00ed najevo svou podporu ur\u010dit\u00e9 v\u011bci nebo t\u00fdmu.<br \/>\nJedn\u00edm z kl\u00ed\u010dov\u00fdch prodejn\u00edch bod\u016f ru\u010dn\u00edch ty\u010dov\u00fdch vlajek je velk\u00e1 plocha pro branding, kter\u00e1 umo\u017e\u0148uje podnik\u016fm vyu\u017e\u00edt ka\u017ed\u00fd milimetr zobrazen\u00e9ho prostoru krom\u011b b\u00edl\u00e9ho pruhu kolem nasazen\u00e9 ty\u010de. To poskytuje podnik\u016fm dostatek prostoru, aby p\u0159edvedly identitu sv\u00e9 zna\u010dky, logo a sd\u011blen\u00ed, co\u017e zaji\u0161\u0165uje, \u017ee je uvid\u00ed velk\u00e9 a vn\u00edmav\u00e9 publikum.<br \/>\nKrom\u011b toho, \u017ee jsou ru\u010dn\u00ed vlaje\u010dky \u00fa\u010dinn\u00fdm marketingov\u00fdm n\u00e1strojem, jsou tak\u00e9 dostupnou volbou pro podniky a organizace, kter\u00e9 cht\u011bj\u00ed propagovat svou zna\u010dku. Jsou vyrobeny z odoln\u00fdch materi\u00e1l\u016f, jako je polyester nebo nylon, a maj\u00ed d\u0159ev\u011bnou nebo plastovou ty\u010d pro snadn\u00e9 m\u00e1v\u00e1n\u00ed. Tyto vlajky jsou lehk\u00e9 a snadno se p\u0159en\u00e1\u0161ej\u00ed, tak\u017ee jsou praktickou volbou pro venkovn\u00ed akce.<br \/>\nCelkov\u011b vzato jsou ru\u010dn\u00ed vlaje\u010dky n\u00e1kladov\u011b efektivn\u00edm a interaktivn\u00edm marketingov\u00fdm n\u00e1strojem, kter\u00fd lze pou\u017e\u00edt k propagaci identity zna\u010dky a zv\u00fd\u0161en\u00ed viditelnosti na r\u016fzn\u00fdch akc\u00edch.<\/p>\n<div style=\"width: 1290px;\" class=\"wp-video\"><!--[if lt IE 9]><script>document.createElement('video');<\/script><![endif]--><br \/>\n<video class=\"wp-video-shortcode\" id=\"video-858-1\" width=\"1290\" height=\"726\" loop autoplay preload=\"auto\" controls=\"controls\"><source type=\"video\/mp4\" src=\"http:\/\/cmykprinted.com\/wp-content\/uploads\/2022\/12\/Custom-Printed-Hand-Flags.mp4?_=1\" \/><a href=\"http:\/\/cmykprinted.com\/wp-content\/uploads\/2022\/12\/Custom-Printed-Hand-Flags.mp4\">http:\/\/cmykprinted.com\/wp-content\/uploads\/2022\/12\/Custom-Printed-Hand-Flags.mp4<\/a><\/video><\/div>\n<p>&nbsp;<\/p>","protected":false},"featured_media":859,"template":"","meta":{"_kad_post_transparent":"default","_kad_post_title":"hide","_kad_post_layout":"fullwidth","_kad_post_sidebar_id":"","_kad_post_content_style":"unboxed","_kad_post_vertical_padding":"hide","_kad_post_feature":"hide","_kad_post_feature_position":"","_kad_post_header":false,"_kad_post_footer":false},"product_cat":[79],"product_tag":[153,243,241,242],"class_list":{"0":"post-858","1":"product","2":"type-product","3":"status-publish","4":"has-post-thumbnail","6":"product_cat-custom-flags","7":"product_tag-custom-hand-flags","8":"product_tag-hand-flags-printing","9":"product_tag-hand-held-stick-flags","10":"product_tag-promotional-hand-flags","12":"first","13":"instock","14":"shipping-taxable","15":"product-type-simple","16":"entry","17":"content-bg","18":"loop-entry"},"_links":{"self":[{"href":"https:\/\/cmykprinted.com\/cs\/wp-json\/wp\/v2\/product\/858","targetHints":{"allow":["GET"]}}],"collection":[{"href":"https:\/\/cmykprinted.com\/cs\/wp-json\/wp\/v2\/product"}],"about":[{"href":"https:\/\/cmykprinted.com\/cs\/wp-json\/wp\/v2\/types\/product"}],"version-history":[{"count":2,"href":"https:\/\/cmykprinted.com\/cs\/wp-json\/wp\/v2\/product\/858\/revisions"}],"predecessor-version":[{"id":865,"href":"https:\/\/cmykprinted.com\/cs\/wp-json\/wp\/v2\/product\/858\/revisions\/865"}],"wp:featuredmedia":[{"embeddable":true,"href":"https:\/\/cmykprinted.com\/cs\/wp-json\/wp\/v2\/media\/859"}],"wp:attachment":[{"href":"https:\/\/cmykprinted.com\/cs\/wp-json\/wp\/v2\/media?parent=858"}],"wp:term":[{"taxonomy":"product_cat","embeddable":true,"href":"https:\/\/cmykprinted.com\/cs\/wp-json\/wp\/v2\/product_cat?post=858"},{"taxonomy":"product_tag","embeddable":true,"href":"https:\/\/cmykprinted.com\/cs\/wp-json\/wp\/v2\/product_tag?post=858"}],"curies":[{"name":"wp","href":"https:\/\/api.w.org\/{rel}","templated":true}]}}