{"id":866,"date":"2023-01-01T08:19:36","date_gmt":"2023-01-01T08:19:36","guid":{"rendered":"https:\/\/cmykprinted.com\/?post_type=product&#038;p=866"},"modified":"2023-01-01T08:25:52","modified_gmt":"2023-01-01T08:25:52","slug":"promotional-advertising-color-printing-custom-table-runner","status":"publish","type":"product","link":"https:\/\/cmykprinted.com\/cs\/produkt\/promotional-advertising-color-printing-custom-table-runner\/","title":{"rendered":"Propaga\u010dn\u00ed reklamn\u00ed Barevn\u00fd tisk na vlastn\u00ed st\u016fl"},"content":{"rendered":"","protected":false},"excerpt":{"rendered":"<p>Pot\u0159ebujete vysoce kvalitn\u00ed, zak\u00e1zkov\u00e9 stoln\u00ed b\u011bhouny pro va\u0161i p\u0159\u00ed\u0161t\u00ed akci nebo veletrh? U\u017e nehledejte! V na\u0161\u00ed tov\u00e1rn\u011b nab\u00edz\u00edme pr\u00e9miov\u00e9 ubrusy, kter\u00e9 jsou ide\u00e1ln\u00ed pro osobn\u00ed i profesion\u00e1ln\u00ed akce. Na\u0161e b\u011bhouny na st\u016fl jsou vyrobeny z kvalitn\u00ed polyesterov\u00e9 tkaniny a maj\u00ed plnobarevn\u00fd, 1440DPI, sublima\u010dn\u00ed potisk, kter\u00fd zaji\u0161\u0165uje, \u017ee budou dlouhotrvaj\u00edc\u00ed a efektivn\u00ed p\u0159i propagaci va\u0161eho podnik\u00e1n\u00ed nebo propagaci va\u0161eho loga.<br \/>\nTyto vlastn\u00ed b\u011bhouny jsou skv\u011bl\u00fdm zp\u016fsobem, jak ozna\u010dit va\u0161i firmu nebo dodat ka\u017ed\u00e9mu stolu n\u00e1dech dekorace a elegance. Jsou k dispozici v p\u0159eddefinovan\u00fdch rozm\u011brech 2&#039;x7,5\u2032, nebo si m\u016f\u017eete vybrat mo\u017enost vlastn\u00ed velikosti, abyste z\u00edskali p\u0159esnou velikost, kterou pot\u0159ebujete. Jednodu\u0161e je polo\u017ete na pevn\u00fd kryt stolu a dodejte sv\u00e9 ud\u00e1losti profesion\u00e1ln\u00ed a soudr\u017en\u00fd vzhled.<br \/>\nA\u0165 u\u017e se \u00fa\u010dastn\u00edte veletrhu, po\u0159\u00e1d\u00e1te konferenci nebo pl\u00e1nujete sb\u00edrku, vlastn\u00ed stoln\u00ed b\u011bhoun je skv\u011blou volbou, jak efektivn\u011b propagovat va\u0161i zna\u010dku a ud\u011blat trval\u00fd dojem. Nenechte si uj\u00edt tuto p\u0159\u00edle\u017eitost a dodejte sv\u00e9 akci vysoce kvalitn\u00ed a profesion\u00e1ln\u00ed n\u00e1dech.<\/p>","protected":false},"featured_media":867,"template":"","meta":{"_kad_post_transparent":"default","_kad_post_title":"hide","_kad_post_layout":"fullwidth","_kad_post_sidebar_id":"","_kad_post_content_style":"unboxed","_kad_post_vertical_padding":"hide","_kad_post_feature":"hide","_kad_post_feature_position":"","_kad_post_header":false,"_kad_post_footer":false},"product_cat":[80,82],"product_tag":[246,244,245],"class_list":{"0":"post-866","1":"product","2":"type-product","3":"status-publish","4":"has-post-thumbnail","6":"product_cat-custom-tablecloth","7":"product_cat-custom-table-runner","8":"product_tag-advertising-table-runner","9":"product_tag-custom-table-runner","10":"product_tag-promotional-table-runner","12":"first","13":"instock","14":"shipping-taxable","15":"product-type-simple","16":"entry","17":"content-bg","18":"loop-entry"},"_links":{"self":[{"href":"https:\/\/cmykprinted.com\/cs\/wp-json\/wp\/v2\/product\/866","targetHints":{"allow":["GET"]}}],"collection":[{"href":"https:\/\/cmykprinted.com\/cs\/wp-json\/wp\/v2\/product"}],"about":[{"href":"https:\/\/cmykprinted.com\/cs\/wp-json\/wp\/v2\/types\/product"}],"version-history":[{"count":2,"href":"https:\/\/cmykprinted.com\/cs\/wp-json\/wp\/v2\/product\/866\/revisions"}],"predecessor-version":[{"id":874,"href":"https:\/\/cmykprinted.com\/cs\/wp-json\/wp\/v2\/product\/866\/revisions\/874"}],"wp:featuredmedia":[{"embeddable":true,"href":"https:\/\/cmykprinted.com\/cs\/wp-json\/wp\/v2\/media\/867"}],"wp:attachment":[{"href":"https:\/\/cmykprinted.com\/cs\/wp-json\/wp\/v2\/media?parent=866"}],"wp:term":[{"taxonomy":"product_cat","embeddable":true,"href":"https:\/\/cmykprinted.com\/cs\/wp-json\/wp\/v2\/product_cat?post=866"},{"taxonomy":"product_tag","embeddable":true,"href":"https:\/\/cmykprinted.com\/cs\/wp-json\/wp\/v2\/product_tag?post=866"}],"curies":[{"name":"wp","href":"https:\/\/api.w.org\/{rel}","templated":true}]}}