{"id":875,"date":"2023-01-01T08:42:13","date_gmt":"2023-01-01T08:42:13","guid":{"rendered":"https:\/\/cmykprinted.com\/?post_type=product&#038;p=875"},"modified":"2023-01-01T08:53:01","modified_gmt":"2023-01-01T08:53:01","slug":"wholesale-personalized-advertising-matte-pvc-vinyl-banner","status":"publish","type":"product","link":"https:\/\/cmykprinted.com\/cs\/produkt\/wholesale-personalized-advertising-matte-pvc-vinyl-banner\/","title":{"rendered":"Velkoobchod personalizovan\u00e9 reklamn\u00ed matn\u00fd PVC vinylov\u00fd banner"},"content":{"rendered":"","protected":false},"excerpt":{"rendered":"<p>Pokud pot\u0159ebujete pro svou firmu dlouhotrvaj\u00edc\u00ed a odoln\u00e9 reklamn\u00ed \u0159e\u0161en\u00ed, na\u0161e matn\u00e9 PVC vinylov\u00e9 bannery mohou b\u00fdt dokonalou volbou. Tyto bannery jsou vyrobeny z odoln\u00e9ho PVC flex materi\u00e1lu a nab\u00edzej\u00ed vynikaj\u00edc\u00ed odolnost a odolnost v\u016f\u010di drsn\u00fdm vn\u011bj\u0161\u00edm vliv\u016fm, d\u00edky \u010demu\u017e jsou vhodn\u00e9 pro venkovn\u00ed pou\u017eit\u00ed.<br \/>\nA\u0165 u\u017e propagujete akci, p\u0159edv\u00e1d\u00edte sv\u00e9 produkty nebo slu\u017eby nebo jednodu\u0161e sd\u00edl\u00edte d\u016fle\u017eit\u00e9 informace se sv\u00fdm publikem, na\u0161e vlastn\u00ed matn\u00e9 bannery jsou efektivn\u00ed a n\u00e1kladov\u011b efektivn\u00ed volbou. Jejich odoln\u00e1 povaha jim umo\u017e\u0148uje odolat pov\u011btrnostn\u00edm vliv\u016fm a poskytovat dlouhodobou slu\u017ebu, tak\u017ee je m\u016f\u017eete v p\u0159\u00edpad\u011b pot\u0159eby znovu pou\u017e\u00edt.<br \/>\nJednou z v\u00fdhod pou\u017e\u00edv\u00e1n\u00ed matn\u00fdch PVC vinylov\u00fdch banner\u016f je, \u017ee mohou pomoci sn\u00ed\u017eit celkov\u00e9 n\u00e1klady na reklamu va\u0161eho za\u0159\u00edzen\u00ed. Proto\u017ee jsou tak odoln\u00e9 a maj\u00ed dlouhou \u017eivotnost, nebudete se muset starat o \u010dast\u00e9 n\u00e1kupy nebo v\u00fdm\u011bny. To v\u00e1m m\u016f\u017ee z dlouhodob\u00e9ho hlediska u\u0161et\u0159it \u010das a pen\u00edze a z\u00e1rove\u0148 zajistit, \u017ee va\u0161e bannery z\u016fstanou v nejlep\u0161\u00edm stavu a budou nad\u00e1le efektivn\u011b propagovat va\u0161i firmu.<br \/>\nZ\u00e1v\u011brem lze \u0159\u00edci, \u017ee na\u0161e matn\u00e9 PVC vinylov\u00e9 bannery jsou spolehlivou a cenov\u011b v\u00fdhodnou volbou pro venkovn\u00ed reklamu va\u0161eho podnik\u00e1n\u00ed. D\u00edky robustn\u00edmu materi\u00e1lu a odoln\u00e9 konstrukci jsou vhodn\u00e9 pro dlouhodob\u00e9 pou\u017e\u00edv\u00e1n\u00ed, co\u017e v\u00e1m pom\u016f\u017ee u\u0161et\u0159it pen\u00edze a dos\u00e1hnout va\u0161ich reklamn\u00edch c\u00edl\u016f.<\/p>\n<div style=\"width: 1280px;\" class=\"wp-video\"><!--[if lt IE 9]><script>document.createElement('video');<\/script><![endif]--><br \/>\n<video class=\"wp-video-shortcode\" id=\"video-875-1\" width=\"1280\" height=\"720\" loop autoplay preload=\"metadata\" controls=\"controls\"><source type=\"video\/mp4\" src=\"http:\/\/cmykprinted.com\/wp-content\/uploads\/2022\/12\/PVC-Mesh-Banner.mp4?_=1\" \/><a href=\"http:\/\/cmykprinted.com\/wp-content\/uploads\/2022\/12\/PVC-Mesh-Banner.mp4\">http:\/\/cmykprinted.com\/wp-content\/uploads\/2022\/12\/PVC-Mesh-Banner.mp4<\/a><\/video><\/div>","protected":false},"featured_media":876,"template":"","meta":{"_kad_post_transparent":"default","_kad_post_title":"hide","_kad_post_layout":"fullwidth","_kad_post_sidebar_id":"","_kad_post_content_style":"unboxed","_kad_post_vertical_padding":"hide","_kad_post_feature":"hide","_kad_post_feature_position":"","_kad_post_header":false,"_kad_post_footer":false},"product_cat":[85,90,91,89,88],"product_tag":[189,191,188,190,187],"class_list":{"0":"post-875","1":"product","2":"type-product","3":"status-publish","4":"has-post-thumbnail","6":"product_cat-outdoor-vinyl-banners","7":"product_cat-glossy-pvc-banners","8":"product_cat-matte-vinyl-banners","9":"product_cat-pvc-banners","10":"product_cat-pvc-mesh-banners","11":"product_tag-advertising-mesh-banner","12":"product_tag-all-weather-mesh-banner","13":"product_tag-mesh-banner-printing","14":"product_tag-outdoor-mesh-banner","15":"product_tag-pvc-mesh-banner","17":"first","18":"instock","19":"shipping-taxable","20":"product-type-simple","21":"entry","22":"content-bg","23":"loop-entry"},"_links":{"self":[{"href":"https:\/\/cmykprinted.com\/cs\/wp-json\/wp\/v2\/product\/875","targetHints":{"allow":["GET"]}}],"collection":[{"href":"https:\/\/cmykprinted.com\/cs\/wp-json\/wp\/v2\/product"}],"about":[{"href":"https:\/\/cmykprinted.com\/cs\/wp-json\/wp\/v2\/types\/product"}],"version-history":[{"count":2,"href":"https:\/\/cmykprinted.com\/cs\/wp-json\/wp\/v2\/product\/875\/revisions"}],"predecessor-version":[{"id":883,"href":"https:\/\/cmykprinted.com\/cs\/wp-json\/wp\/v2\/product\/875\/revisions\/883"}],"wp:featuredmedia":[{"embeddable":true,"href":"https:\/\/cmykprinted.com\/cs\/wp-json\/wp\/v2\/media\/876"}],"wp:attachment":[{"href":"https:\/\/cmykprinted.com\/cs\/wp-json\/wp\/v2\/media?parent=875"}],"wp:term":[{"taxonomy":"product_cat","embeddable":true,"href":"https:\/\/cmykprinted.com\/cs\/wp-json\/wp\/v2\/product_cat?post=875"},{"taxonomy":"product_tag","embeddable":true,"href":"https:\/\/cmykprinted.com\/cs\/wp-json\/wp\/v2\/product_tag?post=875"}],"curies":[{"name":"wp","href":"https:\/\/api.w.org\/{rel}","templated":true}]}}