{"id":884,"date":"2023-01-01T12:57:04","date_gmt":"2023-01-01T12:57:04","guid":{"rendered":"https:\/\/cmykprinted.com\/?post_type=product&#038;p=884"},"modified":"2023-01-01T13:07:05","modified_gmt":"2023-01-01T13:07:05","slug":"portable-advertising-a-frame-round-pop-up-banners-stand","status":"publish","type":"product","link":"https:\/\/cmykprinted.com\/cs\/produkt\/portable-advertising-a-frame-round-pop-up-banners-stand\/","title":{"rendered":"P\u0159enosn\u00fd reklamn\u00ed stojan na kulat\u00e9 vyskakovac\u00ed bannery ve tvaru A"},"content":{"rendered":"","protected":false},"excerpt":{"rendered":"<p>Kulat\u00e9 vyskakovac\u00ed bannery nab\u00edzej\u00ed jedine\u010dnou a prostorov\u011b \u00faspornou mo\u017enost zobrazen\u00ed na chodn\u00edku. Tyto bannery jsou poti\u0161t\u011bny sublimac\u00ed barviva, co\u017e je metoda tisku, kter\u00e1 zaji\u0161\u0165uje dlouhotrvaj\u00edc\u00ed a odoln\u00e9 v\u00fdsledky, i kdy\u017e jsou vystaveny p\u0159\u00edm\u00e9mu slune\u010dn\u00edmu z\u00e1\u0159en\u00ed. D\u00edky pou\u017eit\u00ed ocelov\u00e9ho r\u00e1mu jsou tyto bannery lehk\u00e9 a robustn\u00ed a jsou dod\u00e1v\u00e1ny v\u010detn\u011b kol\u00edk\u016f, kter\u00e9 lze v p\u0159\u00edpad\u011b pot\u0159eby pou\u017e\u00edt k p\u0159ipevn\u011bn\u00ed banneru k zemi. Tyto vyskakovac\u00ed bannery jsou v\u0161estrann\u00e9 a lze je pou\u017e\u00edt uvnit\u0159 i venku, tak\u017ee jsou skv\u011blou volbou pro r\u016fzn\u00e9 akce a m\u00edsta, jako jsou sportovn\u00ed akce, turnaje, festivaly, ly\u017ea\u0159sk\u00e1 st\u0159ediska a dal\u0161\u00ed. Jsou ide\u00e1ln\u00ed volbou pro ka\u017ed\u00e9ho, kdo se chce vyj\u00e1d\u0159it a vyniknout v p\u0159epln\u011bn\u00e9m a ru\u0161n\u00e9m prost\u0159ed\u00ed.<\/p>\n<div style=\"width: 1280px;\" class=\"wp-video\"><!--[if lt IE 9]><script>document.createElement('video');<\/script><![endif]--><br \/>\n<video class=\"wp-video-shortcode\" id=\"video-884-1\" width=\"1280\" height=\"720\" loop autoplay preload=\"metadata\" controls=\"controls\"><source type=\"video\/mp4\" src=\"http:\/\/cmykprinted.com\/wp-content\/uploads\/2022\/12\/Triangle-Pop-Up-Banners.mp4?_=1\" \/><a href=\"http:\/\/cmykprinted.com\/wp-content\/uploads\/2022\/12\/Triangle-Pop-Up-Banners.mp4\">http:\/\/cmykprinted.com\/wp-content\/uploads\/2022\/12\/Triangle-Pop-Up-Banners.mp4<\/a><\/video><\/div>","protected":false},"featured_media":885,"template":"","meta":{"_kad_post_transparent":"default","_kad_post_title":"hide","_kad_post_layout":"fullwidth","_kad_post_sidebar_id":"","_kad_post_content_style":"unboxed","_kad_post_vertical_padding":"hide","_kad_post_feature":"hide","_kad_post_feature_position":"","_kad_post_header":false,"_kad_post_footer":false},"product_cat":[92,93],"product_tag":[248,224,249,247],"class_list":{"0":"post-884","1":"product","2":"type-product","3":"status-publish","4":"has-post-thumbnail","6":"product_cat-pop-up-banners","7":"product_cat-circle-pop-up-banners","8":"product_tag-a-frame-pop-up-banne","9":"product_tag-advertising-pop-up-banners","10":"product_tag-portable-pop-up-banners","11":"product_tag-round-pop-up-banners","13":"first","14":"instock","15":"shipping-taxable","16":"product-type-simple","17":"entry","18":"content-bg","19":"loop-entry"},"_links":{"self":[{"href":"https:\/\/cmykprinted.com\/cs\/wp-json\/wp\/v2\/product\/884","targetHints":{"allow":["GET"]}}],"collection":[{"href":"https:\/\/cmykprinted.com\/cs\/wp-json\/wp\/v2\/product"}],"about":[{"href":"https:\/\/cmykprinted.com\/cs\/wp-json\/wp\/v2\/types\/product"}],"version-history":[{"count":1,"href":"https:\/\/cmykprinted.com\/cs\/wp-json\/wp\/v2\/product\/884\/revisions"}],"predecessor-version":[{"id":892,"href":"https:\/\/cmykprinted.com\/cs\/wp-json\/wp\/v2\/product\/884\/revisions\/892"}],"wp:featuredmedia":[{"embeddable":true,"href":"https:\/\/cmykprinted.com\/cs\/wp-json\/wp\/v2\/media\/885"}],"wp:attachment":[{"href":"https:\/\/cmykprinted.com\/cs\/wp-json\/wp\/v2\/media?parent=884"}],"wp:term":[{"taxonomy":"product_cat","embeddable":true,"href":"https:\/\/cmykprinted.com\/cs\/wp-json\/wp\/v2\/product_cat?post=884"},{"taxonomy":"product_tag","embeddable":true,"href":"https:\/\/cmykprinted.com\/cs\/wp-json\/wp\/v2\/product_tag?post=884"}],"curies":[{"name":"wp","href":"https:\/\/api.w.org\/{rel}","templated":true}]}}