{"id":893,"date":"2023-01-01T13:31:11","date_gmt":"2023-01-01T13:31:11","guid":{"rendered":"https:\/\/cmykprinted.com\/?post_type=product&#038;p=893"},"modified":"2023-01-01T14:17:19","modified_gmt":"2023-01-01T14:17:19","slug":"tension-fabric-displays-with-single-or-double-sided-printing","status":"publish","type":"product","link":"https:\/\/cmykprinted.com\/cs\/produkt\/tension-fabric-displays-with-single-or-double-sided-printing\/","title":{"rendered":"Stojany z nap\u00ednac\u00ed textilie s jednostrann\u00fdm nebo oboustrann\u00fdm potiskem"},"content":{"rendered":"","protected":false},"excerpt":{"rendered":"<p>Displeje z nap\u00ednac\u00edch tkanin jsou obl\u00edbenou volbou pro veletr\u017en\u00ed st\u00e1nky a speci\u00e1ln\u00ed akce, proto\u017ee jsou lehk\u00e9, snadno se instaluj\u00ed a poskytuj\u00ed va\u0161\u00ed zna\u010dce \u010dist\u00fd a modern\u00ed vzhled. Tyto displeje pou\u017e\u00edvaj\u00ed p\u0159il\u00e9hav\u00fd l\u00e1tkov\u00fd potah, na kter\u00e9m je poti\u0161t\u011bno va\u0161e um\u011bleck\u00e9 d\u00edlo, nata\u017een\u00e9 p\u0159es lehk\u00fd r\u00e1m, aby se vytvo\u0159ily r\u016fzn\u00e9 konfigurace. N\u011bkter\u00e9 b\u011b\u017en\u00e9 typy displej\u016f z nap\u00ednac\u00ed tkaniny zahrnuj\u00ed stojany na bannery, vyskakovac\u00ed displeje a z\u00e1v\u011bsn\u00e9 bannery. Tyto syst\u00e9my nab\u00edzej\u00ed \u0161irokou \u0161k\u00e1lu mo\u017enost\u00ed p\u0159izp\u016fsoben\u00ed, aby vyhovovaly va\u0161im jedine\u010dn\u00fdm marketingov\u00fdm pot\u0159eb\u00e1m, a lze je snadno rozebrat a p\u0159epravit na r\u016fzn\u00e9 akce. Displeje z nap\u00ednac\u00ed tkaniny mohou b\u00fdt efektivn\u00edm zp\u016fsobem, jak prezentovat va\u0161i zna\u010dku a sd\u011blen\u00ed profesion\u00e1ln\u00edm a vizu\u00e1ln\u011b p\u0159ita\u017eliv\u00fdm zp\u016fsobem.<\/p>\n<div style=\"width: 1290px;\" class=\"wp-video\"><!--[if lt IE 9]><script>document.createElement('video');<\/script><![endif]--><br \/>\n<video class=\"wp-video-shortcode\" id=\"video-893-1\" width=\"1290\" height=\"726\" loop autoplay preload=\"auto\" controls=\"controls\"><source type=\"video\/mp4\" src=\"http:\/\/cmykprinted.com\/wp-content\/uploads\/2022\/12\/Tension-Fabric-Displays.mp4?_=1\" \/><a href=\"http:\/\/cmykprinted.com\/wp-content\/uploads\/2022\/12\/Tension-Fabric-Displays.mp4\">http:\/\/cmykprinted.com\/wp-content\/uploads\/2022\/12\/Tension-Fabric-Displays.mp4<\/a><\/video><\/div>\n<p>&nbsp;<\/p>","protected":false},"featured_media":896,"template":"","meta":{"_kad_post_transparent":"default","_kad_post_title":"hide","_kad_post_layout":"fullwidth","_kad_post_sidebar_id":"","_kad_post_content_style":"unboxed","_kad_post_vertical_padding":"hide","_kad_post_feature":"hide","_kad_post_feature_position":"","_kad_post_header":false,"_kad_post_footer":false},"product_cat":[97,99],"product_tag":[134],"class_list":{"0":"post-893","1":"product","2":"type-product","3":"status-publish","4":"has-post-thumbnail","6":"product_cat-tension-fabric-displays","7":"product_cat-custom-fabric-displays","8":"product_tag-tension-fabric-displays","10":"first","11":"instock","12":"shipping-taxable","13":"product-type-simple","14":"entry","15":"content-bg","16":"loop-entry"},"_links":{"self":[{"href":"https:\/\/cmykprinted.com\/cs\/wp-json\/wp\/v2\/product\/893","targetHints":{"allow":["GET"]}}],"collection":[{"href":"https:\/\/cmykprinted.com\/cs\/wp-json\/wp\/v2\/product"}],"about":[{"href":"https:\/\/cmykprinted.com\/cs\/wp-json\/wp\/v2\/types\/product"}],"version-history":[{"count":2,"href":"https:\/\/cmykprinted.com\/cs\/wp-json\/wp\/v2\/product\/893\/revisions"}],"predecessor-version":[{"id":895,"href":"https:\/\/cmykprinted.com\/cs\/wp-json\/wp\/v2\/product\/893\/revisions\/895"}],"wp:featuredmedia":[{"embeddable":true,"href":"https:\/\/cmykprinted.com\/cs\/wp-json\/wp\/v2\/media\/896"}],"wp:attachment":[{"href":"https:\/\/cmykprinted.com\/cs\/wp-json\/wp\/v2\/media?parent=893"}],"wp:term":[{"taxonomy":"product_cat","embeddable":true,"href":"https:\/\/cmykprinted.com\/cs\/wp-json\/wp\/v2\/product_cat?post=893"},{"taxonomy":"product_tag","embeddable":true,"href":"https:\/\/cmykprinted.com\/cs\/wp-json\/wp\/v2\/product_tag?post=893"}],"curies":[{"name":"wp","href":"https:\/\/api.w.org\/{rel}","templated":true}]}}