{"id":904,"date":"2023-01-11T13:28:48","date_gmt":"2023-01-11T13:28:48","guid":{"rendered":"https:\/\/cmykprinted.com\/?post_type=product&#038;p=904"},"modified":"2023-01-12T06:44:08","modified_gmt":"2023-01-12T06:44:08","slug":"uv-3d-dtf-vinyl-adhesive-transfer-stickers-labels-printing","status":"publish","type":"product","link":"https:\/\/cmykprinted.com\/cs\/produkt\/uv-3d-dtf-vinyl-adhesive-transfer-stickers-labels-printing\/","title":{"rendered":"UV 3D DTF Vinyl Adhesive Transfer Stickers Tisk \u0161t\u00edtk\u016f"},"content":{"rendered":"","protected":false},"excerpt":{"rendered":"<p>P\u0159edstavujeme na\u0161i novou vlastn\u00ed UV n\u00e1lepku s jedine\u010dn\u00fdm 3D stereo efektem. Pro samolepky si m\u016f\u017eete navrhnout vlastn\u00ed vzor, logo nebo text. N\u00e1lepky jsou vyrobeny z UV p\u0159enosov\u00e9 pasty a jsou vysoce p\u0159ilnav\u00e9, vod\u011bodoln\u00e9 a odoln\u00e9 proti po\u0161kr\u00e1b\u00e1n\u00ed. Je v\u0161ak d\u016fle\u017eit\u00e9 si uv\u011bdomit, \u017ee pou\u017eit\u00ed hork\u00e9 vody nebo oh\u0159evu m\u016f\u017ee ovlivnit lepivost pasty. Tyto n\u00e1lepky lze aplikovat na r\u016fzn\u00e9 hladk\u00e9 povrchy v\u010detn\u011b kovu, plastu, skla, lakovan\u00fdch povrch\u016f, knih, kartonu, d\u0159eva a dokonce i automobil\u016f (p\u0159ed aplikac\u00ed se ujist\u011bte, \u017ee je povrch \u010dist\u00fd). Velikost tisku samolepek je A3 (11X16 palc\u016f) a mno\u017estv\u00ed samolepek, kter\u00e9 obdr\u017e\u00edte, bude z\u00e1viset na velikosti, kterou zvol\u00edte. Pokud pot\u0159ebujete v\u011bt\u0161\u00ed mno\u017estv\u00ed, dejte n\u00e1m pros\u00edm v\u011bd\u011bt p\u0159edem. Abyste dos\u00e1hli co nejlep\u0161\u00edch v\u00fdsledk\u016f, nahrajte pros\u00edm vysoce kvalitn\u00ed obr\u00e1zky s vysok\u00fdm rozli\u0161en\u00edm, jasn\u00e9, v\u011bt\u0161\u00ed, v re\u017eimu makro a zaost\u0159en\u00e9. \u010c\u00edm kvalitn\u011bj\u0161\u00ed fotografie, t\u00edm lep\u0161\u00ed bude v\u00fdsledn\u00fd efekt.<\/p>\n<div style=\"width: 1280px;\" class=\"wp-video\"><!--[if lt IE 9]><script>document.createElement('video');<\/script><![endif]--><br \/>\n<video class=\"wp-video-shortcode\" id=\"video-904-1\" width=\"1280\" height=\"720\" loop autoplay preload=\"auto\" controls=\"controls\"><source type=\"video\/mp4\" src=\"http:\/\/cmykprinted.com\/wp-content\/uploads\/2022\/12\/UV-transfer-stickers.mp4?_=1\" \/><a href=\"http:\/\/cmykprinted.com\/wp-content\/uploads\/2022\/12\/UV-transfer-stickers.mp4\">http:\/\/cmykprinted.com\/wp-content\/uploads\/2022\/12\/UV-transfer-stickers.mp4<\/a><\/video><\/div>","protected":false},"featured_media":905,"template":"","meta":{"_kad_post_transparent":"default","_kad_post_title":"hide","_kad_post_layout":"fullwidth","_kad_post_sidebar_id":"","_kad_post_content_style":"unboxed","_kad_post_vertical_padding":"hide","_kad_post_feature":"hide","_kad_post_feature_position":"","_kad_post_header":false,"_kad_post_footer":false},"product_cat":[101,103],"product_tag":[202,252,251,250],"class_list":{"0":"post-904","1":"product","2":"type-product","3":"status-publish","4":"has-post-thumbnail","6":"product_cat-transfer-stickers","7":"product_cat-uv-transfer-stickers","8":"product_tag-adhesive-transfer-stickers","9":"product_tag-dtf-transfer-stickers","10":"product_tag-uv-3d-stickers","11":"product_tag-vinyl-transfer-stickers","13":"first","14":"instock","15":"shipping-taxable","16":"product-type-simple","17":"entry","18":"content-bg","19":"loop-entry"},"_links":{"self":[{"href":"https:\/\/cmykprinted.com\/cs\/wp-json\/wp\/v2\/product\/904","targetHints":{"allow":["GET"]}}],"collection":[{"href":"https:\/\/cmykprinted.com\/cs\/wp-json\/wp\/v2\/product"}],"about":[{"href":"https:\/\/cmykprinted.com\/cs\/wp-json\/wp\/v2\/types\/product"}],"version-history":[{"count":3,"href":"https:\/\/cmykprinted.com\/cs\/wp-json\/wp\/v2\/product\/904\/revisions"}],"predecessor-version":[{"id":912,"href":"https:\/\/cmykprinted.com\/cs\/wp-json\/wp\/v2\/product\/904\/revisions\/912"}],"wp:featuredmedia":[{"embeddable":true,"href":"https:\/\/cmykprinted.com\/cs\/wp-json\/wp\/v2\/media\/905"}],"wp:attachment":[{"href":"https:\/\/cmykprinted.com\/cs\/wp-json\/wp\/v2\/media?parent=904"}],"wp:term":[{"taxonomy":"product_cat","embeddable":true,"href":"https:\/\/cmykprinted.com\/cs\/wp-json\/wp\/v2\/product_cat?post=904"},{"taxonomy":"product_tag","embeddable":true,"href":"https:\/\/cmykprinted.com\/cs\/wp-json\/wp\/v2\/product_tag?post=904"}],"curies":[{"name":"wp","href":"https:\/\/api.w.org\/{rel}","templated":true}]}}