{"id":913,"date":"2023-01-13T12:49:09","date_gmt":"2023-01-13T12:49:09","guid":{"rendered":"https:\/\/cmykprinted.com\/?post_type=product&#038;p=913"},"modified":"2023-01-13T12:59:43","modified_gmt":"2023-01-13T12:59:43","slug":"custom-personalized-teardrop-shaped-advertising-flags","status":"publish","type":"product","link":"https:\/\/cmykprinted.com\/cs\/produkt\/custom-personalized-teardrop-shaped-advertising-flags\/","title":{"rendered":"Vlastn\u00ed personalizovan\u00e9 reklamn\u00ed vlajky ve tvaru slzy"},"content":{"rendered":"","protected":false},"excerpt":{"rendered":"<p>Reklamn\u00ed vlajky ve tvaru slzy, zn\u00e1m\u00e9 tak\u00e9 jako p\u00e9\u0159ov\u00e9 bannery, jsou skv\u011bl\u00fdm zp\u016fsobem, jak propagovat va\u0161i firmu a upoutat pozornost potenci\u00e1ln\u00edch z\u00e1kazn\u00edk\u016f. D\u00edky cel\u00e9 \u0159ad\u011b dostupn\u00fdch mo\u017enost\u00ed lze na\u0161e vlajky pou\u017e\u00edvat uvnit\u0159 i venku, co\u017e z nich \u010din\u00ed v\u0161estrannou volbu pro jak\u00fdkoli podnik.<br \/>\nNa\u0161e vlajky se dod\u00e1vaj\u00ed s v\u00edce mo\u017enostmi z\u00e1kladny, v\u010detn\u011b zemn\u00edch hrot\u016f a k\u0159\u00ed\u017eov\u00fdch z\u00e1kladen, aby bylo zaji\u0161t\u011bno, \u017ee je lze um\u00edstit na libovoln\u00e9 m\u00edsto. Nab\u00edz\u00edme tak\u00e9 mo\u017enosti jednostrann\u00e9ho i oboustrann\u00e9ho potisku, tak\u017ee va\u0161i reklamu uvid\u00edte ze v\u0161ech \u00fahl\u016f.<br \/>\nNa\u0161e vlajky jsou vyrobeny z odoln\u00e9ho 3,24 oz. polyesterov\u00e9 tkaniny a jsou poti\u0161t\u011bny inkoustem odoln\u00fdm v\u016f\u010di UV z\u00e1\u0159en\u00ed, aby bylo zaji\u0161t\u011bno, \u017ee odol\u00e1 pov\u011btrnostn\u00edm vliv\u016fm a vydr\u017e\u00ed po dlouhou dobu. Vlajky jsou tak\u00e9 lehk\u00e9 a snadno se p\u0159en\u00e1\u0161ej\u00ed, tak\u017ee jsou ide\u00e1ln\u00ed pro akce a veletrhy.<br \/>\nKdy\u017e si zakoup\u00edte jednu z na\u0161ich sad ty\u010d\u00ed, obdr\u017e\u00edte tak\u00e9 cestovn\u00ed ta\u0161ku, kter\u00e1 usnad\u0148uje p\u0159epravu vlajky na r\u016fzn\u00e1 m\u00edsta. S na\u0161imi vysoce kvalitn\u00edmi vlajkami a pohodln\u00fdmi mo\u017enostmi cestov\u00e1n\u00ed si m\u016f\u017eete b\u00fdt jisti, \u017ee va\u0161i firmu uvid\u00ed, a\u0165 u\u017e p\u016fjdete kamkoli.<\/p>\n<div style=\"width: 1280px;\" class=\"wp-video\"><!--[if lt IE 9]><script>document.createElement('video');<\/script><![endif]--><br \/>\n<video class=\"wp-video-shortcode\" id=\"video-913-1\" width=\"1280\" height=\"720\" loop autoplay preload=\"metadata\" controls=\"controls\"><source type=\"video\/mp4\" src=\"http:\/\/cmykprinted.com\/wp-content\/uploads\/2022\/12\/Feather-beach-flags.mp4?_=1\" \/><a href=\"http:\/\/cmykprinted.com\/wp-content\/uploads\/2022\/12\/Feather-beach-flags.mp4\">http:\/\/cmykprinted.com\/wp-content\/uploads\/2022\/12\/Feather-beach-flags.mp4<\/a><\/video><\/div>","protected":false},"featured_media":914,"template":"","meta":{"_kad_post_transparent":"default","_kad_post_title":"hide","_kad_post_layout":"fullwidth","_kad_post_sidebar_id":"","_kad_post_content_style":"unboxed","_kad_post_vertical_padding":"hide","_kad_post_feature":"hide","_kad_post_feature_position":"","_kad_post_header":false,"_kad_post_footer":false},"product_cat":[64,67],"product_tag":[254,255,256,253],"class_list":{"0":"post-913","1":"product","2":"type-product","3":"status-publish","4":"has-post-thumbnail","6":"product_cat-beach-flags","7":"product_cat-teardrop-flags-banners","8":"product_tag-custom-teardrop-flags","9":"product_tag-personalized-teardrop-flags","10":"product_tag-teardrop-advertising-flags","11":"product_tag-teardrop-shaped-advertising-flags","13":"first","14":"instock","15":"shipping-taxable","16":"product-type-simple","17":"entry","18":"content-bg","19":"loop-entry"},"_links":{"self":[{"href":"https:\/\/cmykprinted.com\/cs\/wp-json\/wp\/v2\/product\/913","targetHints":{"allow":["GET"]}}],"collection":[{"href":"https:\/\/cmykprinted.com\/cs\/wp-json\/wp\/v2\/product"}],"about":[{"href":"https:\/\/cmykprinted.com\/cs\/wp-json\/wp\/v2\/types\/product"}],"version-history":[{"count":2,"href":"https:\/\/cmykprinted.com\/cs\/wp-json\/wp\/v2\/product\/913\/revisions"}],"predecessor-version":[{"id":920,"href":"https:\/\/cmykprinted.com\/cs\/wp-json\/wp\/v2\/product\/913\/revisions\/920"}],"wp:featuredmedia":[{"embeddable":true,"href":"https:\/\/cmykprinted.com\/cs\/wp-json\/wp\/v2\/media\/914"}],"wp:attachment":[{"href":"https:\/\/cmykprinted.com\/cs\/wp-json\/wp\/v2\/media?parent=913"}],"wp:term":[{"taxonomy":"product_cat","embeddable":true,"href":"https:\/\/cmykprinted.com\/cs\/wp-json\/wp\/v2\/product_cat?post=913"},{"taxonomy":"product_tag","embeddable":true,"href":"https:\/\/cmykprinted.com\/cs\/wp-json\/wp\/v2\/product_tag?post=913"}],"curies":[{"name":"wp","href":"https:\/\/api.w.org\/{rel}","templated":true}]}}