{"id":921,"date":"2023-01-13T13:12:06","date_gmt":"2023-01-13T13:12:06","guid":{"rendered":"https:\/\/cmykprinted.com\/?post_type=product&#038;p=921"},"modified":"2023-01-13T13:59:27","modified_gmt":"2023-01-13T13:59:27","slug":"promotional-5-x-5-pop-up-tent-outdoor-indoor-canopy-tent","status":"publish","type":"product","link":"https:\/\/cmykprinted.com\/cs\/produkt\/promotional-5-x-5-pop-up-tent-outdoor-indoor-canopy-tent\/","title":{"rendered":"Reklamn\u00ed rozkl\u00e1dac\u00ed stan 5\u2032 x 5\u2032, venkovn\u00ed a vnit\u0159n\u00ed stan s baldach\u00fdnem"},"content":{"rendered":"","protected":false},"excerpt":{"rendered":"<p>Tento vyskakovac\u00ed stan 5\u00d75 je perfektn\u00edm \u0159e\u0161en\u00edm pro poskytnut\u00ed st\u00ednu a \u00fakrytu p\u0159i prodeji na chodn\u00edku, st\u00e1nku na farm\u00e1\u0159sk\u00fdch trz\u00edch nebo venkovn\u00ed akci. K dispozici v r\u016fzn\u00fdch barv\u00e1ch v\u010detn\u011b b\u00edl\u00e9, zelen\u00e9, \u010derven\u00e9, tmav\u011b modr\u00e9 a \u010dern\u00e9, m\u016f\u017eete si vybrat perfektn\u00ed barvu, kter\u00e1 bude odpov\u00eddat va\u0161\u00ed ud\u00e1losti nebo zna\u010dce. Stan je vyroben z odoln\u00e9ho hlin\u00edku, tak\u017ee se d\u00e1 snadno sestavit b\u011bhem n\u011bkolika sekund, a kdy\u017e skon\u010d\u00edte, vejde se do p\u0159epravn\u00edho kuf\u0159\u00edku s kole\u010dky, tak\u017ee se snadno p\u0159epravuje a skladuje.<br \/>\nTento komer\u010dn\u00ed 5\u00d75 vyskakovac\u00ed stan je pevn\u011b dr\u017een na m\u00edst\u011b pomoc\u00ed kotevn\u00edch kol\u00edk\u016f a vytv\u00e1\u0159\u00ed celkem 25 \u010dtvere\u010dn\u00edch stop st\u00ednu. Je ide\u00e1ln\u00ed pro venkovn\u00ed akce, mal\u00e9 odbavovac\u00ed kabinky, sportovn\u00ed z\u00e1pasy nebo v\u00fdlety na pl\u00e1\u017e, proto\u017ee se do n\u011bj pohodln\u011b vejdou asi dv\u011b zahradn\u00ed \u017eidle nebo mal\u00fd st\u016fl a odol\u00e1 v\u011btru o rychlosti 30 MPH. Barevn\u00e1 polyesterov\u00e1 mark\u00fdza m\u00e1 certifikaci zpomaluj\u00edc\u00ed ho\u0159en\u00ed a test hydrostatick\u00e9ho tlaku pro bezpe\u010dn\u00e9 komer\u010dn\u00ed \u0159e\u0161en\u00ed. Teleskopick\u00e9 nohy uvol\u0148ovac\u00edho \u010depu lze nastavit do p\u011bti v\u00fd\u0161kov\u00fdch nastaven\u00ed pomoc\u00ed tla\u010dn\u00fdch p\u00e1k, kter\u00e9 se zajist\u00ed na m\u00edst\u011b.<br \/>\nN\u00e1\u0161 vyskakovac\u00ed stan 5\u00d75 komer\u010dn\u00ed t\u0159\u00eddy je pohodln\u00fd zp\u016fsob, jak b\u011bhem n\u011bkolika sekund rychle postavit zast\u00edn\u011bn\u00fd prostor pro pr\u00e1ci nebo z\u00e1bavu. A\u0165 u\u017e podnik\u00e1te nebo jen hled\u00e1te pohodln\u00fd zp\u016fsob, jak si u\u017e\u00edt venku, tento stan je perfektn\u00ed volbou. S odoln\u00fdm hlin\u00edkov\u00fdm r\u00e1mem a snadno sestaviteln\u00fdm designem je perfektn\u00edm dopl\u0148kem na jakoukoli akci nebo venkovn\u00ed setk\u00e1n\u00ed.<\/p>\n<div style=\"width: 1280px;\" class=\"wp-video\"><!--[if lt IE 9]><script>document.createElement('video');<\/script><![endif]--><br \/>\n<video class=\"wp-video-shortcode\" id=\"video-921-1\" width=\"1280\" height=\"720\" loop autoplay preload=\"auto\" controls=\"controls\"><source type=\"video\/mp4\" src=\"http:\/\/cmykprinted.com\/wp-content\/uploads\/2022\/12\/10x20ft-Pop-Up-Canopies.mp4?_=1\" \/><a href=\"http:\/\/cmykprinted.com\/wp-content\/uploads\/2022\/12\/10x20ft-Pop-Up-Canopies.mp4\">http:\/\/cmykprinted.com\/wp-content\/uploads\/2022\/12\/10x20ft-Pop-Up-Canopies.mp4<\/a><\/video><\/div>","protected":false},"featured_media":922,"template":"","meta":{"_kad_post_transparent":"default","_kad_post_title":"hide","_kad_post_layout":"fullwidth","_kad_post_sidebar_id":"","_kad_post_content_style":"unboxed","_kad_post_vertical_padding":"hide","_kad_post_feature":"hide","_kad_post_feature_position":"","_kad_post_header":false,"_kad_post_footer":false},"product_cat":[68,74,78],"product_tag":[257,259,258,260],"class_list":{"0":"post-921","1":"product","2":"type-product","3":"status-publish","4":"has-post-thumbnail","6":"product_cat-custom-canopy-tents","7":"product_cat-50mm-heavy-duty-hexagon-aluminum-tents","8":"product_cat-5x5ft-custom-pop-up-canopies-50mm-heavy-duty-hexagon-aluminum-tents-custom-canopy-tents","9":"product_tag-5-x-5-pop-up-tent","10":"product_tag-indoor-canopy-tent","11":"product_tag-outdoor-canopy-tent","12":"product_tag-promotional-pop-up-tent","14":"first","15":"instock","16":"shipping-taxable","17":"product-type-simple","18":"entry","19":"content-bg","20":"loop-entry"},"_links":{"self":[{"href":"https:\/\/cmykprinted.com\/cs\/wp-json\/wp\/v2\/product\/921","targetHints":{"allow":["GET"]}}],"collection":[{"href":"https:\/\/cmykprinted.com\/cs\/wp-json\/wp\/v2\/product"}],"about":[{"href":"https:\/\/cmykprinted.com\/cs\/wp-json\/wp\/v2\/types\/product"}],"version-history":[{"count":2,"href":"https:\/\/cmykprinted.com\/cs\/wp-json\/wp\/v2\/product\/921\/revisions"}],"predecessor-version":[{"id":929,"href":"https:\/\/cmykprinted.com\/cs\/wp-json\/wp\/v2\/product\/921\/revisions\/929"}],"wp:featuredmedia":[{"embeddable":true,"href":"https:\/\/cmykprinted.com\/cs\/wp-json\/wp\/v2\/media\/922"}],"wp:attachment":[{"href":"https:\/\/cmykprinted.com\/cs\/wp-json\/wp\/v2\/media?parent=921"}],"wp:term":[{"taxonomy":"product_cat","embeddable":true,"href":"https:\/\/cmykprinted.com\/cs\/wp-json\/wp\/v2\/product_cat?post=921"},{"taxonomy":"product_tag","embeddable":true,"href":"https:\/\/cmykprinted.com\/cs\/wp-json\/wp\/v2\/product_tag?post=921"}],"curies":[{"name":"wp","href":"https:\/\/api.w.org\/{rel}","templated":true}]}}