{"id":930,"date":"2023-01-15T04:21:00","date_gmt":"2023-01-15T04:21:00","guid":{"rendered":"https:\/\/cmykprinted.com\/?post_type=product&#038;p=930"},"modified":"2023-01-15T05:50:05","modified_gmt":"2023-01-15T05:50:05","slug":"cheapest-personalized-custom-printed-handheld-stick-flag","status":"publish","type":"product","link":"https:\/\/cmykprinted.com\/cs\/produkt\/cheapest-personalized-custom-printed-handheld-stick-flag\/","title":{"rendered":"Nejlevn\u011bj\u0161\u00ed personalizovan\u00e1 vlastn\u00ed ti\u0161t\u011bn\u00e1 ru\u010dn\u00ed vlajka"},"content":{"rendered":"","protected":false},"excerpt":{"rendered":"<p>Vlajka do ruky je n\u00e1kladov\u011b efektivn\u00ed a vizu\u00e1ln\u011b p\u0159ita\u017eliv\u00fd zp\u016fsob, jak prezentovat va\u0161e akce nebo propaga\u010dn\u00ed akce. T\u00edm, \u017ee si je p\u0159izp\u016fsob\u00edte stejn\u011b jako na\u0161e b\u011b\u017en\u00e9 vlastn\u00ed vlajky, ale s men\u0161\u00ed velikost\u00ed, kter\u00e1 se snadno dr\u017e\u00ed, jsou perfektn\u00edm dopl\u0148kem na jak\u00fdkoli veletrh, sportovn\u00ed z\u00e1pas, p\u0159ehl\u00eddku, konferenci nebo ud\u00e1lost. Tyto vlajky jsou vyrobeny z odoln\u00e9 polyesterov\u00e9 tkaniny a jsou poti\u0161t\u011bny sublimac\u00ed barviva, kter\u00e1 zaji\u0161\u0165uje, \u017ee barvy jsou jasn\u00e9 a v\u00fdrazn\u00e9. Vlajky jsou zakon\u010deny plastovou nebo d\u0159ev\u011bnou hmo\u017edinkou a ka\u017ed\u00e1 vlajka je p\u0159ipevn\u011bna k ty\u010di pomoc\u00ed obj\u00edmky vlajky, kter\u00e1 zaji\u0161\u0165uje, \u017ee vlajka bezpe\u010dn\u011b dr\u017e\u00ed na sv\u00e9m m\u00edst\u011b. A\u0165 u\u017e propagujete firmu, v\u011bc nebo speci\u00e1ln\u00ed ud\u00e1lost, tyto vlajky jsou skv\u011bl\u00fdm zp\u016fsobem, jak dostat sv\u00e9 sd\u011blen\u00ed ven.<\/p>","protected":false},"featured_media":931,"template":"","meta":{"_kad_post_transparent":"default","_kad_post_title":"hide","_kad_post_layout":"fullwidth","_kad_post_sidebar_id":"","_kad_post_content_style":"unboxed","_kad_post_vertical_padding":"hide","_kad_post_feature":"hide","_kad_post_feature_position":"","_kad_post_header":false,"_kad_post_footer":false},"product_cat":[79],"product_tag":[263,262,154,261],"class_list":{"0":"post-930","1":"product","2":"type-product","3":"status-publish","4":"has-post-thumbnail","6":"product_cat-custom-flags","7":"product_tag-cheapest-stick-flag","8":"product_tag-custom-stick-flag","9":"product_tag-handheld-stick-flag","10":"product_tag-personalized-stick-flag","12":"first","13":"instock","14":"shipping-taxable","15":"product-type-simple","16":"entry","17":"content-bg","18":"loop-entry"},"_links":{"self":[{"href":"https:\/\/cmykprinted.com\/cs\/wp-json\/wp\/v2\/product\/930","targetHints":{"allow":["GET"]}}],"collection":[{"href":"https:\/\/cmykprinted.com\/cs\/wp-json\/wp\/v2\/product"}],"about":[{"href":"https:\/\/cmykprinted.com\/cs\/wp-json\/wp\/v2\/types\/product"}],"version-history":[{"count":2,"href":"https:\/\/cmykprinted.com\/cs\/wp-json\/wp\/v2\/product\/930\/revisions"}],"predecessor-version":[{"id":937,"href":"https:\/\/cmykprinted.com\/cs\/wp-json\/wp\/v2\/product\/930\/revisions\/937"}],"wp:featuredmedia":[{"embeddable":true,"href":"https:\/\/cmykprinted.com\/cs\/wp-json\/wp\/v2\/media\/931"}],"wp:attachment":[{"href":"https:\/\/cmykprinted.com\/cs\/wp-json\/wp\/v2\/media?parent=930"}],"wp:term":[{"taxonomy":"product_cat","embeddable":true,"href":"https:\/\/cmykprinted.com\/cs\/wp-json\/wp\/v2\/product_cat?post=930"},{"taxonomy":"product_tag","embeddable":true,"href":"https:\/\/cmykprinted.com\/cs\/wp-json\/wp\/v2\/product_tag?post=930"}],"curies":[{"name":"wp","href":"https:\/\/api.w.org\/{rel}","templated":true}]}}