{"id":938,"date":"2023-01-15T14:03:34","date_gmt":"2023-01-15T14:03:34","guid":{"rendered":"https:\/\/cmykprinted.com\/?post_type=product&#038;p=938"},"modified":"2023-01-15T14:14:31","modified_gmt":"2023-01-15T14:14:31","slug":"trade-show-fitted-custom-stretch-table-cover-tablecloth","status":"publish","type":"product","link":"https:\/\/cmykprinted.com\/cs\/produkt\/trade-show-fitted-custom-stretch-table-cover-tablecloth\/","title":{"rendered":"Ubrus na st\u016fl s stre\u010dov\u00fdm potahem na veletrhy"},"content":{"rendered":"","protected":false},"excerpt":{"rendered":"<p>Po\u0159\u00e1d\u00e1n\u00ed obchodn\u00ed akce m\u016f\u017ee b\u00fdt n\u00e1ro\u010dn\u00e9, proto\u017ee chcete ud\u011blat dobr\u00fd dojem na nov\u00e9 i st\u00e1vaj\u00edc\u00ed z\u00e1kazn\u00edky. Na\u0161e stre\u010dov\u00e9 potahy na st\u016fl jsou vynikaj\u00edc\u00edm \u0159e\u0161en\u00edm pro zdoben\u00ed va\u0161eho st\u00e1nku a propagaci va\u0161eho podnik\u00e1n\u00ed. N\u00e1\u0161 v\u00fdb\u011br stylov\u00fdch spandexov\u00fdch potah\u016f je cenov\u011b dostupn\u00fd a lze je pou\u017e\u00edt k vylep\u0161en\u00ed vzhledu va\u0161ich stol\u016f. Na\u0161e potahy jsou vyrobeny z odoln\u00e9 stre\u010dov\u00e9 tkaniny 180GSM a jsou odoln\u00e9 proti roztr\u017een\u00ed a lze je znovu pou\u017e\u00edt na v\u00edce akc\u00ed. D\u00edky na\u0161\u00ed technologii plnobarevn\u00e9ho tisku 1440-DPI je grafika na obalech \u017eiv\u00e1 a ostr\u00e1 a jist\u011b upout\u00e1 pozornost \u00fa\u010dastn\u00edk\u016f. Na\u0161e kryty jsou k dispozici ve dvou stylech: na zip a 3strann\u00e9, oba se snadno instaluj\u00ed a dr\u017e\u00ed bezpe\u010dn\u011b na sv\u00e9m m\u00edst\u011b. Natahovac\u00ed ubrusy Spandex jsou v\u0161estrann\u00e9 a cenov\u011b dostupn\u00e9, tak\u017ee jsou ide\u00e1ln\u00ed pro jak\u00fdkoli typ ud\u00e1losti, jako jsou sv\u00e1te\u010dn\u00ed ve\u010d\u00edrky, veletrhy a dal\u0161\u00ed.<\/p>","protected":false},"featured_media":939,"template":"","meta":{"_kad_post_transparent":"default","_kad_post_title":"hide","_kad_post_layout":"fullwidth","_kad_post_sidebar_id":"","_kad_post_content_style":"unboxed","_kad_post_vertical_padding":"hide","_kad_post_feature":"hide","_kad_post_feature_position":"","_kad_post_header":false,"_kad_post_footer":false},"product_cat":[80,81],"product_tag":[117,265,264,266],"class_list":{"0":"post-938","1":"product","2":"type-product","3":"status-publish","4":"has-post-thumbnail","6":"product_cat-custom-tablecloth","7":"product_cat-custom-stretch-tablecloth","8":"product_tag-custom-stretch-tablecloth","9":"product_tag-fitted-tablecloth","10":"product_tag-stretch-table-cover","11":"product_tag-trade-show-table-cover","13":"first","14":"instock","15":"shipping-taxable","16":"product-type-simple","17":"entry","18":"content-bg","19":"loop-entry"},"_links":{"self":[{"href":"https:\/\/cmykprinted.com\/cs\/wp-json\/wp\/v2\/product\/938","targetHints":{"allow":["GET"]}}],"collection":[{"href":"https:\/\/cmykprinted.com\/cs\/wp-json\/wp\/v2\/product"}],"about":[{"href":"https:\/\/cmykprinted.com\/cs\/wp-json\/wp\/v2\/types\/product"}],"version-history":[{"count":3,"href":"https:\/\/cmykprinted.com\/cs\/wp-json\/wp\/v2\/product\/938\/revisions"}],"predecessor-version":[{"id":947,"href":"https:\/\/cmykprinted.com\/cs\/wp-json\/wp\/v2\/product\/938\/revisions\/947"}],"wp:featuredmedia":[{"embeddable":true,"href":"https:\/\/cmykprinted.com\/cs\/wp-json\/wp\/v2\/media\/939"}],"wp:attachment":[{"href":"https:\/\/cmykprinted.com\/cs\/wp-json\/wp\/v2\/media?parent=938"}],"wp:term":[{"taxonomy":"product_cat","embeddable":true,"href":"https:\/\/cmykprinted.com\/cs\/wp-json\/wp\/v2\/product_cat?post=938"},{"taxonomy":"product_tag","embeddable":true,"href":"https:\/\/cmykprinted.com\/cs\/wp-json\/wp\/v2\/product_tag?post=938"}],"curies":[{"name":"wp","href":"https:\/\/api.w.org\/{rel}","templated":true}]}}