{"id":965,"date":"2023-02-08T04:50:30","date_gmt":"2023-02-08T04:50:30","guid":{"rendered":"https:\/\/cmykprinted.com\/?post_type=product&#038;p=965"},"modified":"2023-02-08T05:02:02","modified_gmt":"2023-02-08T05:02:02","slug":"straight-tension-fabric-backdrop-media-wall-for-events","status":"publish","type":"product","link":"https:\/\/cmykprinted.com\/cs\/produkt\/straight-tension-fabric-backdrop-media-wall-for-events\/","title":{"rendered":"Medi\u00e1ln\u00ed st\u011bna z rovn\u00e9 tkaniny pro akce"},"content":{"rendered":"","protected":false},"excerpt":{"rendered":"<p>Na\u0161e nejprod\u00e1van\u011bj\u0161\u00ed rovn\u00e9 nap\u00ednan\u00e9 textiln\u00ed pozad\u00ed je univerz\u00e1ln\u00ed a ide\u00e1ln\u00ed pro r\u016fzn\u00e9 aplikace, jako je studiov\u00e9 pozad\u00ed, jevi\u0161tn\u00ed pozad\u00ed, fotost\u00e1nek, tiskov\u00e1 konference, p\u0159ed\u00e1v\u00e1n\u00ed cen a \u010derven\u00fd koberec. S mo\u017enost\u00ed m\u00edt dva designy z\u00edsk\u00e1te maxim\u00e1ln\u00ed hodnotu a snadnou p\u0159epravu. N\u00e1\u0161 vlastn\u00ed proces potisku tkanin, vyroben\u00fd z odoln\u00e9ho, flexibiln\u00edho polyesteru 100%, kter\u00fd lze pr\u00e1t v pra\u010dce, zaji\u0161\u0165uje, \u017ee design z\u016fstane z\u00e1\u0159iv\u00fd i po n\u011bkolika pran\u00edch a za ka\u017ed\u00e9ho po\u010das\u00ed. N\u00e1\u0161 tisk pou\u017e\u00edv\u00e1 ekologick\u00e1 rozpou\u0161t\u011bdla, zcela p\u0159\u00edrodn\u00ed biologicky odbourateln\u00e1 rozpou\u0161t\u011bdla pro bezpe\u010dn\u011bj\u0161\u00ed a m\u00e9n\u011b drsn\u00fd proces. Lehk\u00fd, ale pevn\u00fd hlin\u00edkov\u00fd r\u00e1m podp\u00edr\u00e1 l\u00e1tku a je dod\u00e1v\u00e1n se zacvak\u00e1vac\u00edmi trubkami pro snadn\u00e9 nastaven\u00ed bez pou\u017eit\u00ed n\u00e1\u0159ad\u00ed. Stojan je nastaviteln\u00fd na po\u017eadovanou velikost a je dod\u00e1v\u00e1n s p\u0159enosn\u00fdm rolovac\u00edm pevn\u00fdm pouzdrem. Doprava je zdarma a trv\u00e1 4\u20135 pracovn\u00edch dn\u016f.<\/p>\n<div style=\"width: 1290px;\" class=\"wp-video\"><!--[if lt IE 9]><script>document.createElement('video');<\/script><![endif]--><br \/>\n<video class=\"wp-video-shortcode\" id=\"video-965-1\" width=\"1290\" height=\"726\" loop autoplay preload=\"metadata\" controls=\"controls\"><source type=\"video\/mp4\" src=\"http:\/\/cmykprinted.com\/wp-content\/uploads\/2023\/02\/Straight-Tension-Fabric-Backdrop.mp4?_=1\" \/><a href=\"http:\/\/cmykprinted.com\/wp-content\/uploads\/2023\/02\/Straight-Tension-Fabric-Backdrop.mp4\">http:\/\/cmykprinted.com\/wp-content\/uploads\/2023\/02\/Straight-Tension-Fabric-Backdrop.mp4<\/a><\/video><\/div>","protected":false},"featured_media":966,"template":"","meta":{"_kad_post_transparent":"default","_kad_post_title":"hide","_kad_post_layout":"fullwidth","_kad_post_sidebar_id":"","_kad_post_content_style":"unboxed","_kad_post_vertical_padding":"hide","_kad_post_feature":"hide","_kad_post_feature_position":"","_kad_post_header":false,"_kad_post_footer":false},"product_cat":[97,100],"product_tag":[274,196,197,198],"class_list":{"0":"post-965","1":"product","2":"type-product","3":"status-publish","4":"has-post-thumbnail","6":"product_cat-tension-fabric-displays","7":"product_cat-straight-tension-fabric-backdrop","8":"product_tag-events-media-wall","9":"product_tag-straight-tension-fabric-backdrop","10":"product_tag-tension-fabric-backdrop","11":"product_tag-tension-fabric-media-wall","13":"first","14":"instock","15":"shipping-taxable","16":"product-type-simple","17":"entry","18":"content-bg","19":"loop-entry"},"_links":{"self":[{"href":"https:\/\/cmykprinted.com\/cs\/wp-json\/wp\/v2\/product\/965","targetHints":{"allow":["GET"]}}],"collection":[{"href":"https:\/\/cmykprinted.com\/cs\/wp-json\/wp\/v2\/product"}],"about":[{"href":"https:\/\/cmykprinted.com\/cs\/wp-json\/wp\/v2\/types\/product"}],"version-history":[{"count":2,"href":"https:\/\/cmykprinted.com\/cs\/wp-json\/wp\/v2\/product\/965\/revisions"}],"predecessor-version":[{"id":975,"href":"https:\/\/cmykprinted.com\/cs\/wp-json\/wp\/v2\/product\/965\/revisions\/975"}],"wp:featuredmedia":[{"embeddable":true,"href":"https:\/\/cmykprinted.com\/cs\/wp-json\/wp\/v2\/media\/966"}],"wp:attachment":[{"href":"https:\/\/cmykprinted.com\/cs\/wp-json\/wp\/v2\/media?parent=965"}],"wp:term":[{"taxonomy":"product_cat","embeddable":true,"href":"https:\/\/cmykprinted.com\/cs\/wp-json\/wp\/v2\/product_cat?post=965"},{"taxonomy":"product_tag","embeddable":true,"href":"https:\/\/cmykprinted.com\/cs\/wp-json\/wp\/v2\/product_tag?post=965"}],"curies":[{"name":"wp","href":"https:\/\/api.w.org\/{rel}","templated":true}]}}