{"id":976,"date":"2023-02-11T03:41:11","date_gmt":"2023-02-11T03:41:11","guid":{"rendered":"https:\/\/cmykprinted.com\/?post_type=product&#038;p=976"},"modified":"2023-02-11T03:46:13","modified_gmt":"2023-02-11T03:46:13","slug":"double-sided-feather-flags-with-free-design-at-cheap-price","status":"publish","type":"product","link":"https:\/\/cmykprinted.com\/cs\/produkt\/double-sided-feather-flags-with-free-design-at-cheap-price\/","title":{"rendered":"Oboustrann\u00e9 p\u00e9\u0159ov\u00e9 vlajky s bezplatn\u00fdm designem za n\u00edzkou cenu"},"content":{"rendered":"","protected":false},"excerpt":{"rendered":"<p>Oboustrann\u00e9 p\u00e9\u0159ov\u00e9 vlajky jsou \u0161iroce vyu\u017e\u00edvanou mo\u017enost\u00ed pro spole\u010dnosti a organizace, kter\u00e9 hledaj\u00ed pohodlnou metodu propagace sv\u00e9 zna\u010dky nebo sd\u011blen\u00ed. D\u00edky jednoduch\u00e9mu nastaven\u00ed a mo\u017enosti um\u00edst\u011bn\u00ed na libovoln\u00e9 m\u00edsto nab\u00edzej\u00ed praktick\u00e9 \u0159e\u0161en\u00ed. Sto\u017e\u00e1r p\u00e9\u0159ov\u00e9 pl\u00e1\u017eov\u00e9 vlajky je vyroben ze siln\u00fdch materi\u00e1l\u016f, jako je hlin\u00edk a sklolamin\u00e1t, co\u017e mu umo\u017e\u0148uje udr\u017eet si sv\u016fj tvar i ve v\u011btrn\u00fdch podm\u00ednk\u00e1ch a nep\u0159\u00edzniv\u00e9m po\u010das\u00ed. Vlajka je vyti\u0161t\u011bna na vysoce kvalitn\u00ed polyesterov\u00e9 l\u00e1tce o gram\u00e1\u017ei 115 g\/m2, kter\u00e1 nab\u00edz\u00ed na rubov\u00e9 stran\u011b odraz t\u00e9m\u011b\u0159 100%, co\u017e zaru\u010duje, \u017ee vlajka je snadno viditeln\u00e1 a \u010diteln\u00e1 z d\u00e1lky.<br \/>\nKrom\u011b spolehlivosti a viditelnosti se p\u00e9\u0159ov\u00e9 pl\u00e1\u017eov\u00e9 vlajky tak\u00e9 snadno p\u0159epravuj\u00ed a zab\u00edraj\u00ed minimum m\u00edsta. Lze je bez n\u00e1mahy p\u0159emis\u0165ovat z jednoho m\u00edsta na druh\u00e9 a lze je postavit na jak\u00fdkoli povrch pomoc\u00ed r\u016fzn\u00fdch mo\u017enost\u00ed z\u00e1kladny.<br \/>\nZ\u00e1v\u011brem lze \u0159\u00edci, \u017ee p\u00e9\u0159ov\u00e9 pl\u00e1\u017eov\u00e9 vlajky jsou flexibiln\u00edm a efektivn\u00edm zp\u016fsobem, jak p\u0159edv\u00e9st va\u0161i zna\u010dku nebo sd\u011blen\u00ed. S jednoduchou mont\u00e1\u017e\u00ed, pevnost\u00ed a vynikaj\u00edc\u00ed viditelnost\u00ed jsou vynikaj\u00edc\u00ed volbou pro ka\u017edou firmu nebo organizaci, kter\u00e1 chce upoutat pozornost.<\/p>\n<div style=\"width: 1280px;\" class=\"wp-video\"><!--[if lt IE 9]><script>document.createElement('video');<\/script><![endif]--><br \/>\n<video class=\"wp-video-shortcode\" id=\"video-976-1\" width=\"1280\" height=\"720\" loop autoplay preload=\"metadata\" controls=\"controls\"><source type=\"video\/mp4\" src=\"http:\/\/cmykprinted.com\/wp-content\/uploads\/2022\/12\/Feather-beach-flags.mp4?_=1\" \/><a href=\"http:\/\/cmykprinted.com\/wp-content\/uploads\/2022\/12\/Feather-beach-flags.mp4\">http:\/\/cmykprinted.com\/wp-content\/uploads\/2022\/12\/Feather-beach-flags.mp4<\/a><\/video><\/div>","protected":false},"featured_media":977,"template":"","meta":{"_kad_post_transparent":"default","_kad_post_title":"hide","_kad_post_layout":"fullwidth","_kad_post_sidebar_id":"","_kad_post_content_style":"unboxed","_kad_post_vertical_padding":"hide","_kad_post_feature":"hide","_kad_post_feature_position":"","_kad_post_header":false,"_kad_post_footer":false},"product_cat":[64,65],"product_tag":[278,275,276,277],"class_list":{"0":"post-976","1":"product","2":"type-product","3":"status-publish","4":"has-post-thumbnail","6":"product_cat-beach-flags","7":"product_cat-feather-flags-banners","8":"product_tag-cheap-feather-flags","9":"product_tag-double-sided-feather-flags","10":"product_tag-feather-flags","11":"product_tag-free-design-feather-flags","13":"first","14":"instock","15":"shipping-taxable","16":"product-type-simple","17":"entry","18":"content-bg","19":"loop-entry"},"_links":{"self":[{"href":"https:\/\/cmykprinted.com\/cs\/wp-json\/wp\/v2\/product\/976","targetHints":{"allow":["GET"]}}],"collection":[{"href":"https:\/\/cmykprinted.com\/cs\/wp-json\/wp\/v2\/product"}],"about":[{"href":"https:\/\/cmykprinted.com\/cs\/wp-json\/wp\/v2\/types\/product"}],"version-history":[{"count":2,"href":"https:\/\/cmykprinted.com\/cs\/wp-json\/wp\/v2\/product\/976\/revisions"}],"predecessor-version":[{"id":983,"href":"https:\/\/cmykprinted.com\/cs\/wp-json\/wp\/v2\/product\/976\/revisions\/983"}],"wp:featuredmedia":[{"embeddable":true,"href":"https:\/\/cmykprinted.com\/cs\/wp-json\/wp\/v2\/media\/977"}],"wp:attachment":[{"href":"https:\/\/cmykprinted.com\/cs\/wp-json\/wp\/v2\/media?parent=976"}],"wp:term":[{"taxonomy":"product_cat","embeddable":true,"href":"https:\/\/cmykprinted.com\/cs\/wp-json\/wp\/v2\/product_cat?post=976"},{"taxonomy":"product_tag","embeddable":true,"href":"https:\/\/cmykprinted.com\/cs\/wp-json\/wp\/v2\/product_tag?post=976"}],"curies":[{"name":"wp","href":"https:\/\/api.w.org\/{rel}","templated":true}]}}