{"id":984,"date":"2023-02-11T03:57:42","date_gmt":"2023-02-11T03:57:42","guid":{"rendered":"https:\/\/cmykprinted.com\/?post_type=product&#038;p=984"},"modified":"2023-02-11T04:04:18","modified_gmt":"2023-02-11T04:04:18","slug":"10x15ft-50mm-hexagonal-pop-up-canopy-tent-aluminum-frame","status":"publish","type":"product","link":"https:\/\/cmykprinted.com\/cs\/produkt\/10x15ft-50mm-hexagonal-pop-up-canopy-tent-aluminum-frame\/","title":{"rendered":"10x15ft 50mm \u0161estihrann\u00fd vyskakovac\u00ed stan s hlin\u00edkov\u00fdm r\u00e1mem"},"content":{"rendered":"","protected":false},"excerpt":{"rendered":"<p>50mm \u0161estihrann\u00e1 vyskakovac\u00ed st\u0159\u00ed\u0161ka s hlin\u00edkov\u00fdm r\u00e1mem je ide\u00e1ln\u00ed k tomu, aby va\u0161e st\u0159\u00ed\u0161ka vynikla na st\u00e1nku na trhu nebo na veletrhu. R\u00e1m se m\u016f\u017ee pochlubit p\u016fsobiv\u00fdmi specifikacemi, v\u010detn\u011b \u0161estihrann\u00e9 hlin\u00edkov\u00e9 vn\u011bj\u0161\u00ed nohy o rozm\u011brech 50 x 50 mm a tlou\u0161\u0165ce 1,8 mm. M\u00e1 tak\u00e9 p\u011bt v\u00fd\u0161kov\u00fdch poloh s intervalem 7,5 cm a je pevn\u00fd a stabiln\u00ed pro dlouhodob\u00e9 pou\u017e\u00edv\u00e1n\u00ed.<br \/>\nNastaven\u00ed a sund\u00e1n\u00ed st\u0159\u00ed\u0161ky je rychl\u00e9 a snadn\u00e9 d\u00edky skl\u00e1dac\u00edmu hlin\u00edkov\u00e9mu r\u00e1mu a absenci voln\u00fdch d\u00edl\u016f. Nastaven\u00ed nohou pomoc\u00ed tla\u010d\u00edtka a velk\u00e9, snadno uchopiteln\u00e9 stahovac\u00ed kol\u00edky v horn\u00edch roz\u00edch usnad\u0148uj\u00ed nastaven\u00ed a rozbit\u00ed bez pot\u0159eby jak\u00e9hokoli n\u00e1\u0159ad\u00ed.<br \/>\nBalen\u00ed obsahuje komer\u010dn\u00ed hlin\u00edkov\u00fd r\u00e1m v\u00fdsuvn\u00e9 st\u0159\u00ed\u0161ky a m\u016f\u017ee b\u00fdt postaven a sund\u00e1n jednou nebo dv\u011bma osobami b\u011bhem n\u011bkolika minut bez jak\u00e9hokoli n\u00e1\u0159ad\u00ed. Dod\u00e1v\u00e1 se s 1-letou z\u00e1rukou a do\u017eivotn\u00ed dod\u00e1vkou p\u0159\u00edslu\u0161enstv\u00ed a d\u00edl\u016f. Pokud pot\u0159ebujete zak\u00e1zkovou pr\u00e1ci, nev\u00e1hejte se na n\u00e1s obr\u00e1tit. Garantujeme spokojenost 100% a budeme pracovat na vy\u0159e\u0161en\u00ed jak\u00fdchkoliv probl\u00e9m\u016f, kter\u00e9 m\u016f\u017eete m\u00edt.<br \/>\nTento baldach\u00fdn je vhodn\u00fd pro r\u016fzn\u00e9 venkovn\u00ed akce, v\u010detn\u011b ve\u010d\u00edrk\u016f, obchodn\u00edch v\u00fdstav, sport\u016f, piknik\u016f, grilov\u00e1n\u00ed a dal\u0161\u00edch. M\u016f\u017ee b\u00fdt pou\u017eit v komer\u010dn\u00edch oblastech, na pl\u00e1\u017e\u00edch, na h\u0159i\u0161t\u00edch, dvorech, zahrad\u00e1ch, farm\u00e1ch a dal\u0161\u00edch venkovn\u00edch prost\u0159ed\u00edch, stejn\u011b jako ve vnit\u0159n\u00edch prost\u0159ed\u00edch, jako jsou velk\u00e9 t\u011blocvi\u010dny. D\u00edky \u0161pi\u010dkov\u00e9 kvalit\u011b si m\u016f\u017eete b\u00fdt jisti jeho dlouhou \u017eivotnost\u00ed a odolnost\u00ed. Pokud m\u00e1te b\u011bhem prvn\u00edho roku n\u011bjak\u00e9 obavy ohledn\u011b kvality, nev\u00e1hejte n\u00e1s kontaktovat. Na\u0161e z\u00e1ruka spokojenosti 100% zaji\u0161\u0165uje, \u017ee budeme pracovat na vy\u0159e\u0161en\u00ed jak\u00fdchkoliv probl\u00e9m\u016f, kter\u00e9 m\u016f\u017eete m\u00edt.<\/p>\n<div style=\"width: 1280px;\" class=\"wp-video\"><!--[if lt IE 9]><script>document.createElement('video');<\/script><![endif]--><br \/>\n<video class=\"wp-video-shortcode\" id=\"video-984-1\" width=\"1280\" height=\"720\" loop autoplay preload=\"auto\" controls=\"controls\"><source type=\"video\/mp4\" src=\"http:\/\/cmykprinted.com\/wp-content\/uploads\/2022\/12\/10x15ft-Pop-up-Tent.mp4?_=1\" \/><a href=\"http:\/\/cmykprinted.com\/wp-content\/uploads\/2022\/12\/10x15ft-Pop-up-Tent.mp4\">http:\/\/cmykprinted.com\/wp-content\/uploads\/2022\/12\/10x15ft-Pop-up-Tent.mp4<\/a><\/video><\/div>","protected":false},"featured_media":985,"template":"","meta":{"_kad_post_transparent":"default","_kad_post_title":"hide","_kad_post_layout":"fullwidth","_kad_post_sidebar_id":"","_kad_post_content_style":"unboxed","_kad_post_vertical_padding":"hide","_kad_post_feature":"hide","_kad_post_feature_position":"","_kad_post_header":false,"_kad_post_footer":false},"product_cat":[68,76,74],"product_tag":[279,282,281,280],"class_list":{"0":"post-984","1":"product","2":"type-product","3":"status-publish","4":"has-post-thumbnail","6":"product_cat-custom-canopy-tents","7":"product_cat-10x15ft-pop-up-tents-50mm-heavy-duty-hexagon-aluminum-tents-custom-canopy-tents","8":"product_cat-50mm-heavy-duty-hexagon-aluminum-tents","9":"product_tag-10x15ft-hexagonal-pop-up-canopy-tent","10":"product_tag-50mm-hexagonal-pop-up-canopy","11":"product_tag-aluminum-frame-pop-up-canopy-tent","12":"product_tag-hexagonal-pop-up-canopy-tent","14":"first","15":"instock","16":"shipping-taxable","17":"product-type-simple","18":"entry","19":"content-bg","20":"loop-entry"},"_links":{"self":[{"href":"https:\/\/cmykprinted.com\/cs\/wp-json\/wp\/v2\/product\/984","targetHints":{"allow":["GET"]}}],"collection":[{"href":"https:\/\/cmykprinted.com\/cs\/wp-json\/wp\/v2\/product"}],"about":[{"href":"https:\/\/cmykprinted.com\/cs\/wp-json\/wp\/v2\/types\/product"}],"version-history":[{"count":2,"href":"https:\/\/cmykprinted.com\/cs\/wp-json\/wp\/v2\/product\/984\/revisions"}],"predecessor-version":[{"id":992,"href":"https:\/\/cmykprinted.com\/cs\/wp-json\/wp\/v2\/product\/984\/revisions\/992"}],"wp:featuredmedia":[{"embeddable":true,"href":"https:\/\/cmykprinted.com\/cs\/wp-json\/wp\/v2\/media\/985"}],"wp:attachment":[{"href":"https:\/\/cmykprinted.com\/cs\/wp-json\/wp\/v2\/media?parent=984"}],"wp:term":[{"taxonomy":"product_cat","embeddable":true,"href":"https:\/\/cmykprinted.com\/cs\/wp-json\/wp\/v2\/product_cat?post=984"},{"taxonomy":"product_tag","embeddable":true,"href":"https:\/\/cmykprinted.com\/cs\/wp-json\/wp\/v2\/product_tag?post=984"}],"curies":[{"name":"wp","href":"https:\/\/api.w.org\/{rel}","templated":true}]}}