{"id":993,"date":"2023-02-11T08:06:52","date_gmt":"2023-02-11T08:06:52","guid":{"rendered":"https:\/\/cmykprinted.com\/?post_type=product&#038;p=993"},"modified":"2023-02-11T08:14:57","modified_gmt":"2023-02-11T08:14:57","slug":"wall-mounted-shop-front-flagpole-end-sign-shop-front-flags","status":"publish","type":"product","link":"https:\/\/cmykprinted.com\/cs\/produkt\/wall-mounted-shop-front-flagpole-end-sign-shop-front-flags\/","title":{"rendered":"N\u00e1st\u011bnn\u00e1 prodejna P\u0159edn\u00ed vlajkov\u00fd sto\u017e\u00e1r Koncov\u00fd \u0161t\u00edtek P\u0159edn\u00ed vlajka obchodu"},"content":{"rendered":"","protected":false},"excerpt":{"rendered":"<p>Sto\u017e\u00e1r na p\u0159edn\u00ed stran\u011b obchodu je navr\u017een tak, aby pojal vlajky r\u016fzn\u00fdch velikost\u00ed a tvar\u016f. Jeho robustn\u00ed konstrukce a jednoduch\u00e9 nastaven\u00ed z n\u011bj \u010din\u00ed obl\u00edbenou volbu pro ty, kte\u0159\u00ed cht\u011bj\u00ed hrd\u011b vystavovat sv\u00e9 vlajky. H\u016fl je p\u0159edkonfigurov\u00e1na tak, aby mohla l\u00e9tat s vlajkou USA 3\u2032 x 5\u2032, co\u017e je standardn\u00ed velikost pro v\u011bt\u0161inu reziden\u010dn\u00edch a komer\u010dn\u00edch nemovitost\u00ed. Pokud si v\u0161ak p\u0159ejete zm\u011bnit vlajku na jinou velikost, je to jednoduch\u00fd a p\u0159\u00edmo\u010dar\u00fd proces, kter\u00fd lze dokon\u010dit b\u011bhem n\u011bkolika minut.<\/p>","protected":false},"featured_media":994,"template":"","meta":{"_kad_post_transparent":"default","_kad_post_title":"hide","_kad_post_layout":"fullwidth","_kad_post_sidebar_id":"","_kad_post_content_style":"unboxed","_kad_post_vertical_padding":"hide","_kad_post_feature":"hide","_kad_post_feature_position":"","_kad_post_header":false,"_kad_post_footer":false},"product_cat":[79],"product_tag":[213,283,285,284,286],"class_list":{"0":"post-993","1":"product","2":"type-product","3":"status-publish","4":"has-post-thumbnail","6":"product_cat-custom-flags","7":"product_tag-end-sign-flags","8":"product_tag-shop-front-flagpole","9":"product_tag-small-wall-flags","10":"product_tag-wall-mounted-flags","11":"product_tag-window-mounted-flags-signs","13":"first","14":"instock","15":"shipping-taxable","16":"product-type-simple","17":"entry","18":"content-bg","19":"loop-entry"},"_links":{"self":[{"href":"https:\/\/cmykprinted.com\/cs\/wp-json\/wp\/v2\/product\/993","targetHints":{"allow":["GET"]}}],"collection":[{"href":"https:\/\/cmykprinted.com\/cs\/wp-json\/wp\/v2\/product"}],"about":[{"href":"https:\/\/cmykprinted.com\/cs\/wp-json\/wp\/v2\/types\/product"}],"version-history":[{"count":1,"href":"https:\/\/cmykprinted.com\/cs\/wp-json\/wp\/v2\/product\/993\/revisions"}],"predecessor-version":[{"id":999,"href":"https:\/\/cmykprinted.com\/cs\/wp-json\/wp\/v2\/product\/993\/revisions\/999"}],"wp:featuredmedia":[{"embeddable":true,"href":"https:\/\/cmykprinted.com\/cs\/wp-json\/wp\/v2\/media\/994"}],"wp:attachment":[{"href":"https:\/\/cmykprinted.com\/cs\/wp-json\/wp\/v2\/media?parent=993"}],"wp:term":[{"taxonomy":"product_cat","embeddable":true,"href":"https:\/\/cmykprinted.com\/cs\/wp-json\/wp\/v2\/product_cat?post=993"},{"taxonomy":"product_tag","embeddable":true,"href":"https:\/\/cmykprinted.com\/cs\/wp-json\/wp\/v2\/product_tag?post=993"}],"curies":[{"name":"wp","href":"https:\/\/api.w.org\/{rel}","templated":true}]}}