{"id":1000,"date":"2023-02-12T10:41:09","date_gmt":"2023-02-12T10:41:09","guid":{"rendered":"https:\/\/cmykprinted.com\/?post_type=product&#038;p=1000"},"modified":"2023-02-12T10:46:25","modified_gmt":"2023-02-12T10:46:25","slug":"logo-printed-premium-full-color-trade-show-table-throw","status":"publish","type":"product","link":"https:\/\/cmykprinted.com\/da\/vare\/logo-printed-premium-full-color-trade-show-table-throw\/","title":{"rendered":"Logo trykt Premium fuld farve messebordskast"},"content":{"rendered":"","protected":false},"excerpt":{"rendered":"<p>Hos vores virksomhed er vi dedikerede til at levere h\u00f8jkvalitets og overkommelige messeborde til virksomheder og organisationer i alle st\u00f8rrelser. Vi forst\u00e5r vigtigheden af at g\u00f8re et st\u00e6rkt indtryk p\u00e5 messer og udstillinger, og vi er forpligtet til at hj\u00e6lpe vores kunder med at g\u00f8re netop det. Vores team af professionelle printere bruger en fuld farvesublimeringsproces for at sikre, at vores bordplader er levende, i\u00f8jnefaldende og fuldt ud tilpassede. Uanset om du har brug for et bordd\u00e6ksel til en messe, en dug til en s\u00e6rudstilling eller en hvilken som helst anden form for bordoph\u00e6ng, s\u00e5 har vi de produkter, du skal bruge, med den hastighed, du har brug for.<br \/>\nVores fabrik tilbyder et bredt udvalg af messebordskast, herunder str\u00e6kbetr\u00e6k, 3- og 4-sidede betr\u00e6k, l\u00f8bere og meget mere. Vi tilbyder endda bordplader, der er designet til at komplementere din virksomheds eller organisations farveskema. Og hvis du ikke har et logo, er det ikke et problem! Vi kan skabe et skr\u00e6ddersyet design til dig, der hj\u00e6lper med at promovere dit brand og tiltr\u00e6kke nye kunder.<br \/>\nVi tilbyder en 24-timers ekspeditionstid p\u00e5 alle vores messeborde, hvilket sikrer, at du kan f\u00e5 de produkter, du har brug for, n\u00e5r du har brug for dem. Og for ekstra bekvemmelighed sender vi alle vores produkter den n\u00e6ste hverdag efter k\u00f8bet. S\u00e5 uanset om du har brug for et enkelt bordkast eller en stor ordre til et kommende arrangement, har vi de produkter og tjenester, du skal bruge for at f\u00e5 succes.<\/p>","protected":false},"featured_media":1001,"template":"","meta":{"_kad_post_transparent":"default","_kad_post_title":"hide","_kad_post_layout":"fullwidth","_kad_post_sidebar_id":"","_kad_post_content_style":"unboxed","_kad_post_vertical_padding":"hide","_kad_post_feature":"hide","_kad_post_feature_position":"","_kad_post_header":false,"_kad_post_footer":false},"product_cat":[80,84],"product_tag":[218,216,217],"class_list":{"0":"post-1000","1":"product","2":"type-product","3":"status-publish","4":"has-post-thumbnail","6":"product_cat-custom-tablecloth","7":"product_cat-trade-show-table-throw","8":"product_tag-custom-table-throw","9":"product_tag-trade-show-table-throw","10":"product_tag-tradeshow-table-throw","12":"first","13":"instock","14":"shipping-taxable","15":"product-type-simple","16":"entry","17":"content-bg","18":"loop-entry"},"_links":{"self":[{"href":"https:\/\/cmykprinted.com\/da\/wp-json\/wp\/v2\/product\/1000","targetHints":{"allow":["GET"]}}],"collection":[{"href":"https:\/\/cmykprinted.com\/da\/wp-json\/wp\/v2\/product"}],"about":[{"href":"https:\/\/cmykprinted.com\/da\/wp-json\/wp\/v2\/types\/product"}],"version-history":[{"count":1,"href":"https:\/\/cmykprinted.com\/da\/wp-json\/wp\/v2\/product\/1000\/revisions"}],"predecessor-version":[{"id":1007,"href":"https:\/\/cmykprinted.com\/da\/wp-json\/wp\/v2\/product\/1000\/revisions\/1007"}],"wp:featuredmedia":[{"embeddable":true,"href":"https:\/\/cmykprinted.com\/da\/wp-json\/wp\/v2\/media\/1001"}],"wp:attachment":[{"href":"https:\/\/cmykprinted.com\/da\/wp-json\/wp\/v2\/media?parent=1000"}],"wp:term":[{"taxonomy":"product_cat","embeddable":true,"href":"https:\/\/cmykprinted.com\/da\/wp-json\/wp\/v2\/product_cat?post=1000"},{"taxonomy":"product_tag","embeddable":true,"href":"https:\/\/cmykprinted.com\/da\/wp-json\/wp\/v2\/product_tag?post=1000"}],"curies":[{"name":"wp","href":"https:\/\/api.w.org\/{rel}","templated":true}]}}