{"id":1034,"date":"2023-02-13T02:28:32","date_gmt":"2023-02-13T02:28:32","guid":{"rendered":"https:\/\/cmykprinted.com\/?post_type=product&#038;p=1034"},"modified":"2023-02-13T02:37:55","modified_gmt":"2023-02-13T02:37:55","slug":"multipurpose-wholesale-3d-custom-metal-transfer-stickers","status":"publish","type":"product","link":"https:\/\/cmykprinted.com\/da\/vare\/multipurpose-wholesale-3d-custom-metal-transfer-stickers\/","title":{"rendered":"Multipurpose Engros 3D Custom Metal Transfer Stickers"},"content":{"rendered":"","protected":false},"excerpt":{"rendered":"<p>Brugerdefinerede metaloverf\u00f8rselsm\u00e6rkater er en innovativ m\u00e6rkningsl\u00f8sning, der bruger robust nikkelfolie til at skabe en tredimensionel effekt. Denne unikke tilgang giver klisterm\u00e6rkerne et slankt og raffineret udseende, da det overskydende materiale fjernes fra designet, hvilket giver et &quot;no label&quot;-udseende. Disse klisterm\u00e6rker er ideelle til avancerede produkter eller online detailhandel, og de produceres ved at printe designet p\u00e5 nikkelfolie ved hj\u00e6lp af en specialiseret trykmetode. Efter at det overskydende materiale er fjernet, bliver de h\u00e6vede elementer belagt med et lag kl\u00e6bemiddel, hvilket g\u00f8r dem velegnede til p\u00e5f\u00f8ring p\u00e5 forskellige overflader, herunder plastik, metal og papir.<br \/>\nHoldbarheden af 3D metaloverf\u00f8rselsm\u00e6rkater er en af dens vigtigste fordele. Da nikkel er et robust og korrosionsbestandigt materiale, kan disse klisterm\u00e6rker t\u00e5le slitage og samtidig bevare deres kvalitet over tid. De er ogs\u00e5 modstandsdygtige over for falmning og misfarvning, hvilket g\u00f8r dem til en langtidsholdbar m\u00e6rkningsl\u00f8sning. Desuden tilf\u00f8jer den tredimensionelle effekt af disse klisterm\u00e6rker et tiltalende og karakteristisk touch til din produktemballage eller branding.<\/p>\n<div style=\"width: 1280px;\" class=\"wp-video\"><!--[if lt IE 9]><script>document.createElement('video');<\/script><![endif]--><br \/>\n<video class=\"wp-video-shortcode\" id=\"video-1034-1\" width=\"1280\" height=\"720\" loop autoplay preload=\"metadata\" controls=\"controls\"><source type=\"video\/mp4\" src=\"http:\/\/cmykprinted.com\/wp-content\/uploads\/2022\/12\/Metal-Transfer-Sticker.mp4?_=1\" \/><a href=\"http:\/\/cmykprinted.com\/wp-content\/uploads\/2022\/12\/Metal-Transfer-Sticker.mp4\">http:\/\/cmykprinted.com\/wp-content\/uploads\/2022\/12\/Metal-Transfer-Sticker.mp4<\/a><\/video><\/div>\n<p>&nbsp;<\/p>","protected":false},"featured_media":1035,"template":"","meta":{"_kad_post_transparent":"default","_kad_post_title":"hide","_kad_post_layout":"fullwidth","_kad_post_sidebar_id":"","_kad_post_content_style":"unboxed","_kad_post_vertical_padding":"hide","_kad_post_feature":"hide","_kad_post_feature_position":"","_kad_post_header":false,"_kad_post_footer":false},"product_cat":[101,102],"product_tag":[299,297,298,300],"class_list":{"0":"post-1034","1":"product","2":"type-product","3":"status-publish","4":"has-post-thumbnail","6":"product_cat-transfer-stickers","7":"product_cat-metal-transfer-stickers","8":"product_tag-3d-metal-transfer-stickers","9":"product_tag-custom-metal-transfer-stickers","10":"product_tag-metal-transfer-stickers","11":"product_tag-wholesale-metal-transfer-stickers","13":"first","14":"instock","15":"shipping-taxable","16":"product-type-simple","17":"entry","18":"content-bg","19":"loop-entry"},"_links":{"self":[{"href":"https:\/\/cmykprinted.com\/da\/wp-json\/wp\/v2\/product\/1034","targetHints":{"allow":["GET"]}}],"collection":[{"href":"https:\/\/cmykprinted.com\/da\/wp-json\/wp\/v2\/product"}],"about":[{"href":"https:\/\/cmykprinted.com\/da\/wp-json\/wp\/v2\/types\/product"}],"version-history":[{"count":2,"href":"https:\/\/cmykprinted.com\/da\/wp-json\/wp\/v2\/product\/1034\/revisions"}],"predecessor-version":[{"id":1042,"href":"https:\/\/cmykprinted.com\/da\/wp-json\/wp\/v2\/product\/1034\/revisions\/1042"}],"wp:featuredmedia":[{"embeddable":true,"href":"https:\/\/cmykprinted.com\/da\/wp-json\/wp\/v2\/media\/1035"}],"wp:attachment":[{"href":"https:\/\/cmykprinted.com\/da\/wp-json\/wp\/v2\/media?parent=1034"}],"wp:term":[{"taxonomy":"product_cat","embeddable":true,"href":"https:\/\/cmykprinted.com\/da\/wp-json\/wp\/v2\/product_cat?post=1034"},{"taxonomy":"product_tag","embeddable":true,"href":"https:\/\/cmykprinted.com\/da\/wp-json\/wp\/v2\/product_tag?post=1034"}],"curies":[{"name":"wp","href":"https:\/\/api.w.org\/{rel}","templated":true}]}}