{"id":1043,"date":"2023-02-13T04:54:51","date_gmt":"2023-02-13T04:54:51","guid":{"rendered":"https:\/\/cmykprinted.com\/?post_type=product&#038;p=1043"},"modified":"2023-02-13T05:02:42","modified_gmt":"2023-02-13T05:02:42","slug":"personalized-teardrop-banner-flags-with-full-color-printing","status":"publish","type":"product","link":"https:\/\/cmykprinted.com\/da\/vare\/personalized-teardrop-banner-flags-with-full-color-printing\/","title":{"rendered":"Personlige dr\u00e5bebannerflag med fuldfarvetryk"},"content":{"rendered":"","protected":false},"excerpt":{"rendered":"<p>Dr\u00e5bebannerflag, almindeligvis omtalt som dr\u00e5bebannere eller fjerflag, er store, t\u00e5reformede flag, der bruges til reklame- og marketingform\u00e5l. De har brugerdefinerede designs produceret gennem en farvesublimeringsproces, der resulterer i lys grafik af h\u00f8j kvalitet. Flagene er monteret p\u00e5 en fleksibel letv\u00e6gtsstang af aluminium og glasfiber, som holder flaget stramt selv under bl\u00e6sende forhold. Stangen kan placeres i jorden eller p\u00e5 et stativ, alt efter brugerens behov og pr\u00e6ferencer.<br \/>\nAt vise et dr\u00e5beflag foran din virksomhed kan v\u00e6re en effektiv m\u00e5de at fange potentielle kunders og forbipasserendes opm\u00e6rksomhed. Disse flag er i\u00f8jnefaldende og kan effektivt promovere din virksomhed og dens tilbud. De er ogs\u00e5 alsidige og kan bruges i en r\u00e6kke omgivelser, s\u00e5som messer, udend\u00f8rsbegivenheder og butiksfacader. Ved at v\u00e6lge et tilpasset design, der pr\u00e6cist repr\u00e6senterer din virksomheds branding og budskaber, kan du effektivt formidle dit budskab og g\u00f8re et varigt indtryk p\u00e5 din m\u00e5lgruppe.<\/p>\n<div style=\"width: 1280px;\" class=\"wp-video\"><!--[if lt IE 9]><script>document.createElement('video');<\/script><![endif]--><br \/>\n<video class=\"wp-video-shortcode\" id=\"video-1043-1\" width=\"1280\" height=\"720\" loop autoplay preload=\"metadata\" controls=\"controls\"><source type=\"video\/mp4\" src=\"http:\/\/cmykprinted.com\/wp-content\/uploads\/2022\/12\/Beach-Teardrop-Flags-Banner.mp4?_=1\" \/><a href=\"http:\/\/cmykprinted.com\/wp-content\/uploads\/2022\/12\/Beach-Teardrop-Flags-Banner.mp4\">http:\/\/cmykprinted.com\/wp-content\/uploads\/2022\/12\/Beach-Teardrop-Flags-Banner.mp4<\/a><\/video><\/div>","protected":false},"featured_media":1044,"template":"","meta":{"_kad_post_transparent":"default","_kad_post_title":"hide","_kad_post_layout":"fullwidth","_kad_post_sidebar_id":"","_kad_post_content_style":"unboxed","_kad_post_vertical_padding":"hide","_kad_post_feature":"hide","_kad_post_feature_position":"","_kad_post_header":false,"_kad_post_footer":false},"product_cat":[64,67],"product_tag":[255,301,302,303,178],"class_list":{"0":"post-1043","1":"product","2":"type-product","3":"status-publish","4":"has-post-thumbnail","6":"product_cat-beach-flags","7":"product_cat-teardrop-flags-banners","8":"product_tag-personalized-teardrop-flags","9":"product_tag-teardrop-banner-flags","10":"product_tag-teardrop-banners","11":"product_tag-teardrop-flag-banners","12":"product_tag-teardrop-flags","14":"first","15":"instock","16":"shipping-taxable","17":"product-type-simple","18":"entry","19":"content-bg","20":"loop-entry"},"_links":{"self":[{"href":"https:\/\/cmykprinted.com\/da\/wp-json\/wp\/v2\/product\/1043","targetHints":{"allow":["GET"]}}],"collection":[{"href":"https:\/\/cmykprinted.com\/da\/wp-json\/wp\/v2\/product"}],"about":[{"href":"https:\/\/cmykprinted.com\/da\/wp-json\/wp\/v2\/types\/product"}],"version-history":[{"count":2,"href":"https:\/\/cmykprinted.com\/da\/wp-json\/wp\/v2\/product\/1043\/revisions"}],"predecessor-version":[{"id":1051,"href":"https:\/\/cmykprinted.com\/da\/wp-json\/wp\/v2\/product\/1043\/revisions\/1051"}],"wp:featuredmedia":[{"embeddable":true,"href":"https:\/\/cmykprinted.com\/da\/wp-json\/wp\/v2\/media\/1044"}],"wp:attachment":[{"href":"https:\/\/cmykprinted.com\/da\/wp-json\/wp\/v2\/media?parent=1043"}],"wp:term":[{"taxonomy":"product_cat","embeddable":true,"href":"https:\/\/cmykprinted.com\/da\/wp-json\/wp\/v2\/product_cat?post=1043"},{"taxonomy":"product_tag","embeddable":true,"href":"https:\/\/cmykprinted.com\/da\/wp-json\/wp\/v2\/product_tag?post=1043"}],"curies":[{"name":"wp","href":"https:\/\/api.w.org\/{rel}","templated":true}]}}