{"id":1060,"date":"2023-02-13T07:46:21","date_gmt":"2023-02-13T07:46:21","guid":{"rendered":"https:\/\/cmykprinted.com\/?post_type=product&#038;p=1060"},"modified":"2023-02-13T07:55:50","modified_gmt":"2023-02-13T07:55:50","slug":"custom-printed-exhibit-fitted-table-cover-fitted-tablecloth","status":"publish","type":"product","link":"https:\/\/cmykprinted.com\/da\/vare\/custom-printed-exhibit-fitted-table-cover-fitted-tablecloth\/","title":{"rendered":"Custom Printed Exhibit Fitted Table Cover Monteret dug"},"content":{"rendered":"","protected":false},"excerpt":{"rendered":"<p>Monteret bordd\u00e6ksel er designet med pr\u00e6cision til at passe over rektangul\u00e6re borde med dimensioner p\u00e5 72 tommer i l\u00e6ngden, 30 tommer i bredden og 30 tommer i h\u00f8jden, uanset om det er et klap- eller banketbord. Denne alsidige rektangul\u00e6re dug er perfekt til begivenheder s\u00e5som bryllupper, f\u00f8dselsdage, brusere, middags\u00f8velser og endda familiesammenkomster. Denne 6\u2032 ft spandex-dug er fremstillet af stretch-polyester af h\u00f8j kvalitet og er lavet til at holde og kan prale af en holdbar konstruktion, der er modstandsdygtig over for rynker og pletter. Derudover kan denne dug vaskes flere gange, hvilket g\u00f8r den til en omkostningseffektiv mulighed for eventplanl\u00e6ggere eller husejere. L\u00f8ft din bordd\u00e6kning med den stilfulde og praktiske tilf\u00f8jelse af vores spandex-monterede bordd\u00e6ksel, velegnet til b\u00e5de formelle og uformelle begivenheder.<\/p>\n<div style=\"width: 1290px;\" class=\"wp-video\"><!--[if lt IE 9]><script>document.createElement('video');<\/script><![endif]--><br \/>\n<video class=\"wp-video-shortcode\" id=\"video-1060-1\" width=\"1290\" height=\"726\" loop autoplay preload=\"auto\" controls=\"controls\"><source type=\"video\/mp4\" src=\"http:\/\/cmykprinted.com\/wp-content\/uploads\/2023\/02\/Fitted-Table-Cover.mp4?_=1\" \/><a href=\"http:\/\/cmykprinted.com\/wp-content\/uploads\/2023\/02\/Fitted-Table-Cover.mp4\">http:\/\/cmykprinted.com\/wp-content\/uploads\/2023\/02\/Fitted-Table-Cover.mp4<\/a><\/video><\/div>","protected":false},"featured_media":1061,"template":"","meta":{"_kad_post_transparent":"default","_kad_post_title":"hide","_kad_post_layout":"fullwidth","_kad_post_sidebar_id":"","_kad_post_content_style":"unboxed","_kad_post_vertical_padding":"hide","_kad_post_feature":"hide","_kad_post_feature_position":"","_kad_post_header":false,"_kad_post_footer":false},"product_cat":[80,81,83],"product_tag":[157,307,308,185,265],"class_list":{"0":"post-1060","1":"product","2":"type-product","3":"status-publish","4":"has-post-thumbnail","6":"product_cat-custom-tablecloth","7":"product_cat-custom-stretch-tablecloth","8":"product_cat-fitted-table-cover","9":"product_tag-custom-table-cover","10":"product_tag-exhibit-table-cover","11":"product_tag-exhibit-table-tablecloth","12":"product_tag-fitted-table-cover","13":"product_tag-fitted-tablecloth","15":"first","16":"instock","17":"shipping-taxable","18":"product-type-simple","19":"entry","20":"content-bg","21":"loop-entry"},"_links":{"self":[{"href":"https:\/\/cmykprinted.com\/da\/wp-json\/wp\/v2\/product\/1060","targetHints":{"allow":["GET"]}}],"collection":[{"href":"https:\/\/cmykprinted.com\/da\/wp-json\/wp\/v2\/product"}],"about":[{"href":"https:\/\/cmykprinted.com\/da\/wp-json\/wp\/v2\/types\/product"}],"version-history":[{"count":1,"href":"https:\/\/cmykprinted.com\/da\/wp-json\/wp\/v2\/product\/1060\/revisions"}],"predecessor-version":[{"id":1068,"href":"https:\/\/cmykprinted.com\/da\/wp-json\/wp\/v2\/product\/1060\/revisions\/1068"}],"wp:featuredmedia":[{"embeddable":true,"href":"https:\/\/cmykprinted.com\/da\/wp-json\/wp\/v2\/media\/1061"}],"wp:attachment":[{"href":"https:\/\/cmykprinted.com\/da\/wp-json\/wp\/v2\/media?parent=1060"}],"wp:term":[{"taxonomy":"product_cat","embeddable":true,"href":"https:\/\/cmykprinted.com\/da\/wp-json\/wp\/v2\/product_cat?post=1060"},{"taxonomy":"product_tag","embeddable":true,"href":"https:\/\/cmykprinted.com\/da\/wp-json\/wp\/v2\/product_tag?post=1060"}],"curies":[{"name":"wp","href":"https:\/\/api.w.org\/{rel}","templated":true}]}}