{"id":1069,"date":"2023-02-13T13:14:04","date_gmt":"2023-02-13T13:14:04","guid":{"rendered":"https:\/\/cmykprinted.com\/?post_type=product&#038;p=1069"},"modified":"2023-02-13T13:33:15","modified_gmt":"2023-02-13T13:33:15","slug":"heavy-duty-premium-custom-pvc-banner-with-hanging-grommets","status":"publish","type":"product","link":"https:\/\/cmykprinted.com\/da\/vare\/heavy-duty-premium-custom-pvc-banner-with-hanging-grommets\/","title":{"rendered":"Heavy Duty Premium Custom PVC-banner med h\u00e6ngende tyller"},"content":{"rendered":"","protected":false},"excerpt":{"rendered":"<p>Hvis du leder efter en p\u00e5lidelig og langtidsholdbar reklamel\u00f8sning til din virksomhed, s\u00e5 overvej vores tilpassede PVC-bannere. Disse bannere er lavet af robust PVC-flexmateriale og tilbyder fremragende modstand og holdbarhed mod h\u00e5rde eksterne elementer, hvilket g\u00f8r dem ideelle til udend\u00f8rs brug.<br \/>\nUanset om du \u00f8nsker at promovere en begivenhed, fremvise dine produkter eller tjenester eller blot dele vigtig information med dit publikum, er vores tilpassede PVC-bannere et effektivt og omkostningseffektivt valg. Deres holdbare natur g\u00f8r det muligt for dem at modst\u00e5 elementerne og yde langsigtet service, s\u00e5 du kan genbruge dem, n\u00e5r det er n\u00f8dvendigt.<br \/>\nEn af fordelene ved at bruge brugerdefinerede PVC-bannere er, at de kan hj\u00e6lpe med at reducere dine samlede reklameudgifter. Deres holdbare og langtidsholdbare natur betyder, at du ikke beh\u00f8ver at bekymre dig om hyppige k\u00f8b eller udskiftninger, hvilket sparer dig tid og penge i det lange l\u00f8b, samtidig med at du sikrer, at dine bannere forbliver i top stand og forts\u00e6tter med at promovere din virksomhed effektivt.<br \/>\nAfslutningsvis er brugerdefinerede PVC-bannere en p\u00e5lidelig og omkostningseffektiv mulighed for at reklamere for din virksomhed udend\u00f8rs. Deres robuste materiale og holdbare konstruktion g\u00f8r dem velegnede til langtidsbrug, hvilket hj\u00e6lper dig med at n\u00e5 dine annonceringsm\u00e5l, mens du sparer penge i processen.<\/p>\n<div style=\"width: 1280px;\" class=\"wp-video\"><!--[if lt IE 9]><script>document.createElement('video');<\/script><![endif]--><br \/>\n<video class=\"wp-video-shortcode\" id=\"video-1069-1\" width=\"1280\" height=\"720\" loop autoplay preload=\"metadata\" controls=\"controls\"><source type=\"video\/mp4\" src=\"http:\/\/cmykprinted.com\/wp-content\/uploads\/2022\/12\/PVC-Mesh-Banner.mp4?_=1\" \/><a href=\"http:\/\/cmykprinted.com\/wp-content\/uploads\/2022\/12\/PVC-Mesh-Banner.mp4\">http:\/\/cmykprinted.com\/wp-content\/uploads\/2022\/12\/PVC-Mesh-Banner.mp4<\/a><\/video><\/div>","protected":false},"featured_media":1070,"template":"","meta":{"_kad_post_transparent":"default","_kad_post_title":"hide","_kad_post_layout":"fullwidth","_kad_post_sidebar_id":"","_kad_post_content_style":"unboxed","_kad_post_vertical_padding":"hide","_kad_post_feature":"hide","_kad_post_feature_position":"","_kad_post_header":false,"_kad_post_footer":false},"product_cat":[85,90,91,89,88],"product_tag":[310,309,311,312],"class_list":{"0":"post-1069","1":"product","2":"type-product","3":"status-publish","4":"has-post-thumbnail","6":"product_cat-outdoor-vinyl-banners","7":"product_cat-glossy-pvc-banners","8":"product_cat-matte-vinyl-banners","9":"product_cat-pvc-banners","10":"product_cat-pvc-mesh-banners","11":"product_tag-banner-with-hanging-grommets","12":"product_tag-custom-pvc-banner","13":"product_tag-heavy-duty-pvc-banner","14":"product_tag-premium-pvc-banner","16":"first","17":"instock","18":"shipping-taxable","19":"product-type-simple","20":"entry","21":"content-bg","22":"loop-entry"},"_links":{"self":[{"href":"https:\/\/cmykprinted.com\/da\/wp-json\/wp\/v2\/product\/1069","targetHints":{"allow":["GET"]}}],"collection":[{"href":"https:\/\/cmykprinted.com\/da\/wp-json\/wp\/v2\/product"}],"about":[{"href":"https:\/\/cmykprinted.com\/da\/wp-json\/wp\/v2\/types\/product"}],"version-history":[{"count":2,"href":"https:\/\/cmykprinted.com\/da\/wp-json\/wp\/v2\/product\/1069\/revisions"}],"predecessor-version":[{"id":1077,"href":"https:\/\/cmykprinted.com\/da\/wp-json\/wp\/v2\/product\/1069\/revisions\/1077"}],"wp:featuredmedia":[{"embeddable":true,"href":"https:\/\/cmykprinted.com\/da\/wp-json\/wp\/v2\/media\/1070"}],"wp:attachment":[{"href":"https:\/\/cmykprinted.com\/da\/wp-json\/wp\/v2\/media?parent=1069"}],"wp:term":[{"taxonomy":"product_cat","embeddable":true,"href":"https:\/\/cmykprinted.com\/da\/wp-json\/wp\/v2\/product_cat?post=1069"},{"taxonomy":"product_tag","embeddable":true,"href":"https:\/\/cmykprinted.com\/da\/wp-json\/wp\/v2\/product_tag?post=1069"}],"curies":[{"name":"wp","href":"https:\/\/api.w.org\/{rel}","templated":true}]}}