{"id":1078,"date":"2023-02-13T14:09:55","date_gmt":"2023-02-13T14:09:55","guid":{"rendered":"https:\/\/cmykprinted.com\/?post_type=product&#038;p=1078"},"modified":"2023-02-13T14:16:32","modified_gmt":"2023-02-13T14:16:32","slug":"personalized-triangle-pop-out-banner-custom-pop-up-signs","status":"publish","type":"product","link":"https:\/\/cmykprinted.com\/da\/vare\/personalized-triangle-pop-out-banner-custom-pop-up-signs\/","title":{"rendered":"Personlig Trekantet Pop-Out-banner Brugerdefinerede pop-up-skilte"},"content":{"rendered":"","protected":false},"excerpt":{"rendered":"<p>Trekantede pop-out-bannere tilbyder en smart og effektiv m\u00e5de at promovere dit brand eller din virksomhed p\u00e5. Deres design, der er let at samle, lavet af let og slidst\u00e6rkt ferskenfarvet stof, g\u00f8r dem perfekte til messer, begivenheder og konferencer. Med den medf\u00f8lgende b\u00e6retaske til opbevaring og transport er disse bannere ikke kun praktiske at bruge, men de vil med garanti ogs\u00e5 fange opm\u00e6rksomheden hos din tilt\u00e6nkte m\u00e5lgruppe. Uanset om du annoncerer et nyt produkt, et udsalg eller en kommende begivenhed, vil disse bannere g\u00f8re en varig indvirkning, b\u00e5de indend\u00f8rs og udend\u00f8rs, med fjedermetallet st\u00e5l og pl\u00f8kker hardware.<br \/>\nTag din annoncering til n\u00e6ste niveau med et trekantet pop-out-banner. Den enkle installationsmanual indeholder alle de v\u00e6rkt\u00f8jer, du har brug for, for nemt at ops\u00e6tte og tage dit banner ned. Lav et statement ved din n\u00e6ste begivenhed eller konference ved at investere i et pop-out banner i dag.<\/p>\n<div style=\"width: 1280px;\" class=\"wp-video\"><!--[if lt IE 9]><script>document.createElement('video');<\/script><![endif]--><br \/>\n<video class=\"wp-video-shortcode\" id=\"video-1078-1\" width=\"1280\" height=\"720\" loop autoplay preload=\"metadata\" controls=\"controls\"><source type=\"video\/mp4\" src=\"http:\/\/cmykprinted.com\/wp-content\/uploads\/2022\/12\/Triangle-Pop-Up-Banners.mp4?_=1\" \/><a href=\"http:\/\/cmykprinted.com\/wp-content\/uploads\/2022\/12\/Triangle-Pop-Up-Banners.mp4\">http:\/\/cmykprinted.com\/wp-content\/uploads\/2022\/12\/Triangle-Pop-Up-Banners.mp4<\/a><\/video><\/div>","protected":false},"featured_media":1079,"template":"","meta":{"_kad_post_transparent":"default","_kad_post_title":"hide","_kad_post_layout":"fullwidth","_kad_post_sidebar_id":"","_kad_post_content_style":"unboxed","_kad_post_vertical_padding":"hide","_kad_post_feature":"hide","_kad_post_feature_position":"","_kad_post_header":false,"_kad_post_footer":false},"product_cat":[92,95],"product_tag":[314,315,313,316],"class_list":{"0":"post-1078","1":"product","2":"type-product","3":"status-publish","4":"has-post-thumbnail","6":"product_cat-pop-up-banners","7":"product_cat-triangle-pop-up-banners","8":"product_tag-custom-pop-up-signs","9":"product_tag-personalized-pop-up-signs","10":"product_tag-triangle-pop-out-banner","11":"product_tag-triangle-pop-up-signs","13":"first","14":"instock","15":"shipping-taxable","16":"product-type-simple","17":"entry","18":"content-bg","19":"loop-entry"},"_links":{"self":[{"href":"https:\/\/cmykprinted.com\/da\/wp-json\/wp\/v2\/product\/1078","targetHints":{"allow":["GET"]}}],"collection":[{"href":"https:\/\/cmykprinted.com\/da\/wp-json\/wp\/v2\/product"}],"about":[{"href":"https:\/\/cmykprinted.com\/da\/wp-json\/wp\/v2\/types\/product"}],"version-history":[{"count":2,"href":"https:\/\/cmykprinted.com\/da\/wp-json\/wp\/v2\/product\/1078\/revisions"}],"predecessor-version":[{"id":1086,"href":"https:\/\/cmykprinted.com\/da\/wp-json\/wp\/v2\/product\/1078\/revisions\/1086"}],"wp:featuredmedia":[{"embeddable":true,"href":"https:\/\/cmykprinted.com\/da\/wp-json\/wp\/v2\/media\/1079"}],"wp:attachment":[{"href":"https:\/\/cmykprinted.com\/da\/wp-json\/wp\/v2\/media?parent=1078"}],"wp:term":[{"taxonomy":"product_cat","embeddable":true,"href":"https:\/\/cmykprinted.com\/da\/wp-json\/wp\/v2\/product_cat?post=1078"},{"taxonomy":"product_tag","embeddable":true,"href":"https:\/\/cmykprinted.com\/da\/wp-json\/wp\/v2\/product_tag?post=1078"}],"curies":[{"name":"wp","href":"https:\/\/api.w.org\/{rel}","templated":true}]}}