{"id":1095,"date":"2023-02-13T15:30:16","date_gmt":"2023-02-13T15:30:16","guid":{"rendered":"https:\/\/cmykprinted.com\/?post_type=product&#038;p=1095"},"modified":"2023-02-13T15:34:49","modified_gmt":"2023-02-13T15:34:49","slug":"waterproof-custom-uv-3d-metal-transfer-stickers-labels","status":"publish","type":"product","link":"https:\/\/cmykprinted.com\/da\/vare\/waterproof-custom-uv-3d-metal-transfer-stickers-labels\/","title":{"rendered":"Vandt\u00e6t brugerdefinerede UV 3D Metal Transfer Stickers etiketter"},"content":{"rendered":"","protected":false},"excerpt":{"rendered":"<p>3D metaloverf\u00f8rselsklisterm\u00e6rker tilbyder en unik og stilfuld etiketl\u00f8sning, der bruger st\u00e6rk nikkelfolie til at skabe en 3D-effekt. Det overskydende materiale er trimmet fra designet, hvilket resulterer i et slankt og sofistikeret udseende med et &quot;no label&quot;-look. Perfekt til premium-produkter eller e-handel, klisterm\u00e6rkerne er produceret ved at printe designet p\u00e5 nikkelfolie gennem en specialiseret printproces. Efter at det overskydende materiale er fjernet, d\u00e6kkes de h\u00e6vede elementer med et kl\u00e6bende lag, hvilket g\u00f8r dem velegnede til p\u00e5f\u00f8ring p\u00e5 forskellige overflader s\u00e5som plast, metal og papir.<br \/>\nEn af de vigtigste fordele ved disse 3D metaloverf\u00f8rselsm\u00e6rkater er deres holdbarhed. Fremstillet af korrosionsbestandigt nikkel, kan de modst\u00e5 slitage og samtidig bevare deres kvalitet over tid. Derudover er de modstandsdygtige over for falmning og misfarvning, hvilket sikrer en langtidsholdbar m\u00e6rkningsl\u00f8sning. 3D-effekten af disse klisterm\u00e6rker tilf\u00f8jer ogs\u00e5 et attraktivt og karakteristisk touch til din produktemballage eller branding.<\/p>\n<div style=\"width: 1280px;\" class=\"wp-video\"><!--[if lt IE 9]><script>document.createElement('video');<\/script><![endif]--><br \/>\n<video class=\"wp-video-shortcode\" id=\"video-1095-1\" width=\"1280\" height=\"720\" loop autoplay preload=\"metadata\" controls=\"controls\"><source type=\"video\/mp4\" src=\"http:\/\/cmykprinted.com\/wp-content\/uploads\/2022\/12\/Metal-Transfer-Sticker.mp4?_=1\" \/><a href=\"http:\/\/cmykprinted.com\/wp-content\/uploads\/2022\/12\/Metal-Transfer-Sticker.mp4\">http:\/\/cmykprinted.com\/wp-content\/uploads\/2022\/12\/Metal-Transfer-Sticker.mp4<\/a><\/video><\/div>\n<p>&nbsp;<\/p>","protected":false},"featured_media":1096,"template":"","meta":{"_kad_post_transparent":"default","_kad_post_title":"hide","_kad_post_layout":"fullwidth","_kad_post_sidebar_id":"","_kad_post_content_style":"unboxed","_kad_post_vertical_padding":"hide","_kad_post_feature":"hide","_kad_post_feature_position":"","_kad_post_header":false,"_kad_post_footer":false},"product_cat":[101,102],"product_tag":[299],"class_list":{"0":"post-1095","1":"product","2":"type-product","3":"status-publish","4":"has-post-thumbnail","6":"product_cat-transfer-stickers","7":"product_cat-metal-transfer-stickers","8":"product_tag-3d-metal-transfer-stickers","10":"first","11":"instock","12":"shipping-taxable","13":"product-type-simple","14":"entry","15":"content-bg","16":"loop-entry"},"_links":{"self":[{"href":"https:\/\/cmykprinted.com\/da\/wp-json\/wp\/v2\/product\/1095","targetHints":{"allow":["GET"]}}],"collection":[{"href":"https:\/\/cmykprinted.com\/da\/wp-json\/wp\/v2\/product"}],"about":[{"href":"https:\/\/cmykprinted.com\/da\/wp-json\/wp\/v2\/types\/product"}],"version-history":[{"count":2,"href":"https:\/\/cmykprinted.com\/da\/wp-json\/wp\/v2\/product\/1095\/revisions"}],"predecessor-version":[{"id":1103,"href":"https:\/\/cmykprinted.com\/da\/wp-json\/wp\/v2\/product\/1095\/revisions\/1103"}],"wp:featuredmedia":[{"embeddable":true,"href":"https:\/\/cmykprinted.com\/da\/wp-json\/wp\/v2\/media\/1096"}],"wp:attachment":[{"href":"https:\/\/cmykprinted.com\/da\/wp-json\/wp\/v2\/media?parent=1095"}],"wp:term":[{"taxonomy":"product_cat","embeddable":true,"href":"https:\/\/cmykprinted.com\/da\/wp-json\/wp\/v2\/product_cat?post=1095"},{"taxonomy":"product_tag","embeddable":true,"href":"https:\/\/cmykprinted.com\/da\/wp-json\/wp\/v2\/product_tag?post=1095"}],"curies":[{"name":"wp","href":"https:\/\/api.w.org\/{rel}","templated":true}]}}