{"id":1104,"date":"2023-02-13T15:48:44","date_gmt":"2023-02-13T15:48:44","guid":{"rendered":"https:\/\/cmykprinted.com\/?post_type=product&#038;p=1104"},"modified":"2023-02-13T15:54:13","modified_gmt":"2023-02-13T15:54:13","slug":"low-price-custom-feather-flags-for-indoor-and-outdoor-use","status":"publish","type":"product","link":"https:\/\/cmykprinted.com\/da\/vare\/low-price-custom-feather-flags-for-indoor-and-outdoor-use\/","title":{"rendered":"Lavpris brugerdefinerede fjerflag til indend\u00f8rs og udend\u00f8rs brug"},"content":{"rendered":"","protected":false},"excerpt":{"rendered":"<p>Brugerdefinerede fjerflag er et effektivt reklamev\u00e6rkt\u00f8j for virksomheder og organisationer, der kr\u00e6ver en ubesv\u00e6ret m\u00e5de at promovere deres brand eller budskab p\u00e5. Disse flag er nemme at s\u00e6tte op og kan placeres hvor som helst, hvilket g\u00f8r dem til en praktisk l\u00f8sning. Fjerflagsmasten er lavet af holdbare materialer som aluminium og glasfiber, hvilket sikrer, at den forbliver oprejst selv under bl\u00e6sende forhold og ugunstigt vejr. Selve flaget er trykt p\u00e5 h\u00f8jkvalitets 115 g\/m2 polyesterstof, der tilbyder n\u00e6sten 100% reflektivitet p\u00e5 bagsiden, hvilket sikrer, at flaget er let synligt og l\u00e6seligt p\u00e5 afstand.<br \/>\nUd over deres holdbarhed og synlighed er brugerdefinerede fjerflag ogs\u00e5 praktiske at transportere og optager minimal plads. De kan nemt flyttes fra et sted til et andet og kan s\u00e6ttes op p\u00e5 enhver overflade ved brug af forskellige basemuligheder.<br \/>\nAfslutningsvis er brugerdefinerede fjerflag en fleksibel og effektiv metode til at promovere dit brand eller budskab. Med deres lette montering, robusthed og h\u00f8je synlighed er de et ideelt valg for enhver virksomhed eller organisation, der s\u00f8ger at tiltr\u00e6kke opm\u00e6rksomhed.<\/p>\n<div style=\"width: 1280px;\" class=\"wp-video\"><!--[if lt IE 9]><script>document.createElement('video');<\/script><![endif]--><br \/>\n<video class=\"wp-video-shortcode\" id=\"video-1104-1\" width=\"1280\" height=\"720\" loop autoplay preload=\"metadata\" controls=\"controls\"><source type=\"video\/mp4\" src=\"http:\/\/cmykprinted.com\/wp-content\/uploads\/2022\/12\/Feather-beach-flags.mp4?_=1\" \/><a href=\"http:\/\/cmykprinted.com\/wp-content\/uploads\/2022\/12\/Feather-beach-flags.mp4\">http:\/\/cmykprinted.com\/wp-content\/uploads\/2022\/12\/Feather-beach-flags.mp4<\/a><\/video><\/div>","protected":false},"featured_media":1105,"template":"","meta":{"_kad_post_transparent":"default","_kad_post_title":"hide","_kad_post_layout":"fullwidth","_kad_post_sidebar_id":"","_kad_post_content_style":"unboxed","_kad_post_vertical_padding":"hide","_kad_post_feature":"hide","_kad_post_feature_position":"","_kad_post_header":false,"_kad_post_footer":false},"product_cat":[64,65],"product_tag":[321,322,323,204],"class_list":{"0":"post-1104","1":"product","2":"type-product","3":"status-publish","4":"has-post-thumbnail","6":"product_cat-beach-flags","7":"product_cat-feather-flags-banners","8":"product_tag-custom-feather-flags","9":"product_tag-indoor-feather-flags","10":"product_tag-low-price-feather-flags","11":"product_tag-outdoor-feather-flags","13":"first","14":"instock","15":"shipping-taxable","16":"product-type-simple","17":"entry","18":"content-bg","19":"loop-entry"},"_links":{"self":[{"href":"https:\/\/cmykprinted.com\/da\/wp-json\/wp\/v2\/product\/1104","targetHints":{"allow":["GET"]}}],"collection":[{"href":"https:\/\/cmykprinted.com\/da\/wp-json\/wp\/v2\/product"}],"about":[{"href":"https:\/\/cmykprinted.com\/da\/wp-json\/wp\/v2\/types\/product"}],"version-history":[{"count":2,"href":"https:\/\/cmykprinted.com\/da\/wp-json\/wp\/v2\/product\/1104\/revisions"}],"predecessor-version":[{"id":1112,"href":"https:\/\/cmykprinted.com\/da\/wp-json\/wp\/v2\/product\/1104\/revisions\/1112"}],"wp:featuredmedia":[{"embeddable":true,"href":"https:\/\/cmykprinted.com\/da\/wp-json\/wp\/v2\/media\/1105"}],"wp:attachment":[{"href":"https:\/\/cmykprinted.com\/da\/wp-json\/wp\/v2\/media?parent=1104"}],"wp:term":[{"taxonomy":"product_cat","embeddable":true,"href":"https:\/\/cmykprinted.com\/da\/wp-json\/wp\/v2\/product_cat?post=1104"},{"taxonomy":"product_tag","embeddable":true,"href":"https:\/\/cmykprinted.com\/da\/wp-json\/wp\/v2\/product_tag?post=1104"}],"curies":[{"name":"wp","href":"https:\/\/api.w.org\/{rel}","templated":true}]}}