{"id":1975,"date":"2024-03-28T09:29:25","date_gmt":"2024-03-28T09:29:25","guid":{"rendered":"https:\/\/cmykprinted.com\/?post_type=product&#038;p=1975"},"modified":"2024-03-28T10:00:58","modified_gmt":"2024-03-28T10:00:58","slug":"best-custom-polyester-nylon-flags-for-indoor-and-outdoor","status":"publish","type":"product","link":"https:\/\/cmykprinted.com\/da\/vare\/bedste-tilpassede-polyester-nylon-flag-for-indendors-og-udendors-brug\/","title":{"rendered":"Bedste brugerdefinerede polyester nylonflag til indend\u00f8rs og udend\u00f8rs"},"content":{"rendered":"","protected":false},"excerpt":{"rendered":"<p>Skr\u00e6ddersyede flag fungerer som et potent promoverende aktiv, der udnytter livlige nuancer og dynamisk bev\u00e6gelse for at fange opm\u00e6rksomhed og forbedre synlighed. Forskellige trykteknikker er tilg\u00e6ngelige til tilpasning, s\u00e5som digital print (vandtryk p\u00e5 nylon), serigrafi og farvesublimationstryk. Hos Golden Mouth Advertising Factory v\u00e6lger vi enten serigrafi eller digitaltryk p\u00e5 200\/210D nylon eller strikket polyester, idet vi v\u00e6lger materiale og trykmetode baseret p\u00e5 kundens budget, illustrationsspecifikationer og flagm\u00e6ngdekrav. Selvom vi anvender sublimeringstrykmetoden, g\u00f8r dens begr\u00e6nsede bl\u00e6kgennemtr\u00e6ngning den mere velegnet til alternative stofudskrivningsbestr\u00e6belser, s\u00e5som brugerdefinerede baggrunde og bordd\u00e6kninger. Til brugerdefinerede trykte flag bruger vi normalt digital udskrivning, p\u00e5 denne m\u00e5de er prisen den billigste.<\/p>\n<p>&nbsp;<\/p>\n<p>&nbsp;<\/p>\n<p>&nbsp;<\/p>\n<p>&nbsp;<\/p>\n<p>&nbsp;<\/p>\n<p>&nbsp;<\/p>","protected":false},"featured_media":1976,"template":"","meta":{"_kad_post_transparent":"default","_kad_post_title":"hide","_kad_post_layout":"fullwidth","_kad_post_sidebar_id":"","_kad_post_content_style":"unboxed","_kad_post_vertical_padding":"hide","_kad_post_feature":"hide","_kad_post_feature_position":"","_kad_post_header":false,"_kad_post_footer":false},"product_cat":[79],"product_tag":[394,389,397,396,399,395,398],"class_list":{"0":"post-1975","1":"product","2":"type-product","3":"status-publish","4":"has-post-thumbnail","6":"product_cat-custom-flags","7":"product_tag-custom-polyester-nylon-flags","8":"product_tag-custom-printed-flags","9":"product_tag-dye-sublimation-printing-flags","10":"product_tag-flags-printing","11":"product_tag-knitted-fabric-flags","12":"product_tag-nylon-flags","13":"product_tag-polyester-flags","15":"first","16":"instock","17":"shipping-taxable","18":"product-type-simple","19":"entry","20":"content-bg","21":"loop-entry"},"_links":{"self":[{"href":"https:\/\/cmykprinted.com\/da\/wp-json\/wp\/v2\/product\/1975","targetHints":{"allow":["GET"]}}],"collection":[{"href":"https:\/\/cmykprinted.com\/da\/wp-json\/wp\/v2\/product"}],"about":[{"href":"https:\/\/cmykprinted.com\/da\/wp-json\/wp\/v2\/types\/product"}],"version-history":[{"count":1,"href":"https:\/\/cmykprinted.com\/da\/wp-json\/wp\/v2\/product\/1975\/revisions"}],"predecessor-version":[{"id":1983,"href":"https:\/\/cmykprinted.com\/da\/wp-json\/wp\/v2\/product\/1975\/revisions\/1983"}],"wp:featuredmedia":[{"embeddable":true,"href":"https:\/\/cmykprinted.com\/da\/wp-json\/wp\/v2\/media\/1976"}],"wp:attachment":[{"href":"https:\/\/cmykprinted.com\/da\/wp-json\/wp\/v2\/media?parent=1975"}],"wp:term":[{"taxonomy":"product_cat","embeddable":true,"href":"https:\/\/cmykprinted.com\/da\/wp-json\/wp\/v2\/product_cat?post=1975"},{"taxonomy":"product_tag","embeddable":true,"href":"https:\/\/cmykprinted.com\/da\/wp-json\/wp\/v2\/product_tag?post=1975"}],"curies":[{"name":"wp","href":"https:\/\/api.w.org\/{rel}","templated":true}]}}