{"id":2098,"date":"2024-05-09T08:52:07","date_gmt":"2024-05-09T08:52:07","guid":{"rendered":"https:\/\/cmykprinted.com\/?post_type=product&#038;p=2098"},"modified":"2024-05-09T09:36:29","modified_gmt":"2024-05-09T09:36:29","slug":"custom-metallic-3d-transfer-label-decal-stickers","status":"publish","type":"product","link":"https:\/\/cmykprinted.com\/da\/vare\/custom-metallic-3d-transfer-label-decal-stickers\/","title":{"rendered":"Brugerdefinerede metalliske 3D-overf\u00f8rselsetiketm\u00e6rkater"},"content":{"rendered":"","protected":false},"excerpt":{"rendered":"<h1><strong>Brugerdefinerede metalliske 3D-overf\u00f8rselsetiketm\u00e6rkater <\/strong><\/h1>\n<ul>\n<li>Pr\u00f8vebestilling: 1 ark (17*30 cm), hvis dit logo eller grafiske st\u00f8rrelse er lille, kan vi l\u00e6gge mange stykker i et ark<\/li>\n<li>Anvendelser: Vores brugerdefinerede metalliske etiketter finder anvendelse i en r\u00e6kke forskellige sektorer, herunder parfumeri, vinfremstilling, lysbeholdere, glasflasker og forskellige andre typer flasker. De bruges ogs\u00e5 i mobiltelefonetuier, husholdningsapparater, elektroniske enheder, gave\u00e6sker, biler, maskiner og adskillige andre industrier.<\/li>\n<li>Hurtig ekspedition: pr\u00f8vegenneml\u00f8bstid: 3-4 dage og en uge til hele verden med DHL eller Fedex eller UPS d\u00f8r til d\u00f8r service<\/li>\n<li>Billigste fabrikspris for tilpasset metallisk transferlabel<\/li>\n<li>Vi har forskelligt kl\u00e6bemiddel til at f\u00e5 overf\u00f8rselsm\u00e6rkaten til at kl\u00e6be p\u00e5 forskellige materialers overflade. S\u00e5 du skal fort\u00e6lle os eller vise os dit produkt, s\u00e5 vi kan vide, hvilken slags kl\u00e6bemiddel vi skal bruge. Ikke alle overflader kan fungere med vores st\u00e6rke kl\u00e6ber. For eksempel, under testen, mislykkedes det med vores st\u00e6rke 3 M kl\u00e6bemiddel.<strong> Derfor er det vigtigt at v\u00e6lge en tilstr\u00e6kkelig professionel fabrik til at samarbejde; ellers ville det v\u00e6re spild af din v\u00e6rdifulde tid og penge.<\/strong><br \/>\n<figure id=\"attachment_2099\" aria-describedby=\"caption-attachment-2099\" style=\"width: 1280px\" class=\"wp-caption alignnone\"><img fetchpriority=\"high\" decoding=\"async\" class=\"size-full wp-image-2099\" src=\"https:\/\/cmykprinted.com\/wp-content\/uploads\/2024\/05\/custom-metallic-transfer-sticker.jpg\" alt=\"Brugerdefinerede metalliske overf\u00f8rselsklisterm\u00e6rker\" width=\"1280\" height=\"1707\" srcset=\"https:\/\/cmykprinted.com\/wp-content\/uploads\/2024\/05\/custom-metallic-transfer-sticker.jpg 1280w, https:\/\/cmykprinted.com\/wp-content\/uploads\/2024\/05\/custom-metallic-transfer-sticker-225x300.jpg 225w, https:\/\/cmykprinted.com\/wp-content\/uploads\/2024\/05\/custom-metallic-transfer-sticker-768x1024.jpg 768w, https:\/\/cmykprinted.com\/wp-content\/uploads\/2024\/05\/custom-metallic-transfer-sticker-1152x1536.jpg 1152w, https:\/\/cmykprinted.com\/wp-content\/uploads\/2024\/05\/custom-metallic-transfer-sticker-9x12.jpg 9w, https:\/\/cmykprinted.com\/wp-content\/uploads\/2024\/05\/custom-metallic-transfer-sticker-600x800.jpg 600w\" sizes=\"(max-width: 1280px) 100vw, 1280px\" \/><figcaption id=\"caption-attachment-2099\" class=\"wp-caption-text\">Brugerdefinerede metalliske overf\u00f8rselsklisterm\u00e6rker<\/figcaption><\/figure>\n<\/li>\n<\/ul>\n<h2><strong>For at vise dig, hvordan du overf\u00f8rer dit logoklisterm\u00e6rke til dit produkt, skal du s\u00f8rge for t\u00e5lmodigt at se instruktionsvideoen nedenfor:<\/strong><\/h2>\n<div style=\"width: 720px;\" class=\"wp-video\"><!--[if lt IE 9]><script>document.createElement('video');<\/script><![endif]--><br \/>\n<video class=\"wp-video-shortcode\" id=\"video-2098-1\" width=\"720\" height=\"720\" preload=\"metadata\" controls=\"controls\"><source type=\"video\/mp4\" src=\"https:\/\/cmykprinted.com\/wp-content\/uploads\/2024\/05\/how-to-peel-of-the-transfer-label.mp4?_=1\" \/><a href=\"https:\/\/cmykprinted.com\/wp-content\/uploads\/2024\/05\/how-to-peel-of-the-transfer-label.mp4\">https:\/\/cmykprinted.com\/wp-content\/uploads\/2024\/05\/how-to-peel-of-the-transfer-label.mp4<\/a><\/video><\/div>\n<p>&nbsp;<\/p>\n<p>&nbsp;<\/p>","protected":false},"featured_media":2101,"template":"","meta":{"_kad_post_transparent":"default","_kad_post_title":"hide","_kad_post_layout":"fullwidth","_kad_post_sidebar_id":"","_kad_post_content_style":"unboxed","_kad_post_vertical_padding":"hide","_kad_post_feature":"hide","_kad_post_feature_position":"","_kad_post_header":false,"_kad_post_footer":false},"product_cat":[101,102],"product_tag":[460,455,457,459,458,456],"class_list":{"0":"post-2098","1":"product","2":"type-product","3":"status-publish","4":"has-post-thumbnail","6":"product_cat-transfer-stickers","7":"product_cat-metal-transfer-stickers","8":"product_tag-custom-gold-transfer-label-for-bottle","9":"product_tag-custom-metallic-3d-transfer-labels","10":"product_tag-custom-metallic-transfer-decal","11":"product_tag-custom-transfer-sticker-for-wine","12":"product_tag-custom-transfer-stickers-for-perfumes","13":"product_tag-metallic-3d-transfer-label","15":"first","16":"instock","17":"shipping-taxable","18":"product-type-simple","19":"entry","20":"content-bg","21":"loop-entry"},"_links":{"self":[{"href":"https:\/\/cmykprinted.com\/da\/wp-json\/wp\/v2\/product\/2098","targetHints":{"allow":["GET"]}}],"collection":[{"href":"https:\/\/cmykprinted.com\/da\/wp-json\/wp\/v2\/product"}],"about":[{"href":"https:\/\/cmykprinted.com\/da\/wp-json\/wp\/v2\/types\/product"}],"version-history":[{"count":1,"href":"https:\/\/cmykprinted.com\/da\/wp-json\/wp\/v2\/product\/2098\/revisions"}],"predecessor-version":[{"id":2107,"href":"https:\/\/cmykprinted.com\/da\/wp-json\/wp\/v2\/product\/2098\/revisions\/2107"}],"wp:featuredmedia":[{"embeddable":true,"href":"https:\/\/cmykprinted.com\/da\/wp-json\/wp\/v2\/media\/2101"}],"wp:attachment":[{"href":"https:\/\/cmykprinted.com\/da\/wp-json\/wp\/v2\/media?parent=2098"}],"wp:term":[{"taxonomy":"product_cat","embeddable":true,"href":"https:\/\/cmykprinted.com\/da\/wp-json\/wp\/v2\/product_cat?post=2098"},{"taxonomy":"product_tag","embeddable":true,"href":"https:\/\/cmykprinted.com\/da\/wp-json\/wp\/v2\/product_tag?post=2098"}],"curies":[{"name":"wp","href":"https:\/\/api.w.org\/{rel}","templated":true}]}}