{"id":2168,"date":"2024-08-08T12:50:58","date_gmt":"2024-08-08T12:50:58","guid":{"rendered":"https:\/\/cmykprinted.com\/?post_type=product&#038;p=2168"},"modified":"2024-08-08T13:05:21","modified_gmt":"2024-08-08T13:05:21","slug":"crowd-barrier-fabric-mesh-covers","status":"publish","type":"product","link":"https:\/\/cmykprinted.com\/da\/vare\/stof-mesh-daeksler-til-folkemaengde-barrierer\/","title":{"rendered":"Crowd Barrier Stof Mesh Covers"},"content":{"rendered":"<p>Vores Crowd Barrier Covers bruger 120g stof mesh banner, bl\u00e6kket er vandt\u00e6t og solt\u00e6t og kan bruges udend\u00f8rs i omkring et \u00e5r. Vedr\u00f8rende efterproduktion kan du g\u00f8re det hele efter kundens krav, eller du kan v\u00e6lge mellem flere planer vi leverer. Vi kan anvende velcro, \u00f8jeknapper eller lynl\u00e5se. Minimum ordrem\u00e6ngde er 1 STK. Pr\u00f8ver kan laves inden for 24 timer og leveres til alle dele af verden inden for en uge.<\/p>","protected":false},"excerpt":{"rendered":"<p>&nbsp;<\/p>\n<p>&nbsp;<\/p>","protected":false},"featured_media":2169,"template":"","meta":{"_kad_post_transparent":"default","_kad_post_title":"hide","_kad_post_layout":"fullwidth","_kad_post_sidebar_id":"","_kad_post_content_style":"unboxed","_kad_post_vertical_padding":"hide","_kad_post_feature":"hide","_kad_post_feature_position":"","_kad_post_header":false,"_kad_post_footer":false},"product_cat":[85,87,86],"product_tag":[483,482,480,479,481],"class_list":{"0":"post-2168","1":"product","2":"type-product","3":"status-publish","4":"has-post-thumbnail","6":"product_cat-outdoor-vinyl-banners","7":"product_cat-fabric-mesh-banners","8":"product_cat-fence-mesh-banners","9":"product_tag-barrier-jackets","10":"product_tag-barrier-scrim","11":"product_tag-crowd-barrier-covers","12":"product_tag-crowd-barrier-fabric-mesh-covers","13":"product_tag-crowd-control-barriers","15":"first","16":"instock","17":"shipping-taxable","18":"product-type-simple","19":"entry","20":"content-bg","21":"loop-entry"},"_links":{"self":[{"href":"https:\/\/cmykprinted.com\/da\/wp-json\/wp\/v2\/product\/2168","targetHints":{"allow":["GET"]}}],"collection":[{"href":"https:\/\/cmykprinted.com\/da\/wp-json\/wp\/v2\/product"}],"about":[{"href":"https:\/\/cmykprinted.com\/da\/wp-json\/wp\/v2\/types\/product"}],"version-history":[{"count":1,"href":"https:\/\/cmykprinted.com\/da\/wp-json\/wp\/v2\/product\/2168\/revisions"}],"predecessor-version":[{"id":2175,"href":"https:\/\/cmykprinted.com\/da\/wp-json\/wp\/v2\/product\/2168\/revisions\/2175"}],"wp:featuredmedia":[{"embeddable":true,"href":"https:\/\/cmykprinted.com\/da\/wp-json\/wp\/v2\/media\/2169"}],"wp:attachment":[{"href":"https:\/\/cmykprinted.com\/da\/wp-json\/wp\/v2\/media?parent=2168"}],"wp:term":[{"taxonomy":"product_cat","embeddable":true,"href":"https:\/\/cmykprinted.com\/da\/wp-json\/wp\/v2\/product_cat?post=2168"},{"taxonomy":"product_tag","embeddable":true,"href":"https:\/\/cmykprinted.com\/da\/wp-json\/wp\/v2\/product_tag?post=2168"}],"curies":[{"name":"wp","href":"https:\/\/api.w.org\/{rel}","templated":true}]}}